{"id":661,"date":"2013-08-22T01:56:40","date_gmt":"2013-08-22T01:56:40","guid":{"rendered":"http:\/\/qeco.on.ca\/?page_id=661"},"modified":"2013-08-22T01:56:40","modified_gmt":"2013-08-22T01:56:40","slug":"661-2","status":"publish","type":"page","link":"https:\/\/qeco.ca\/fr\/661-2\/","title":{"rendered":"D\u00e9finition d\u2019un cours universitaire selon le Plan 5"},"content":{"rendered":"<p>Un cours universitaire reconnu est un cours \u00e0 cr\u00e9dits qui compte pour l\u2019obtention d\u2019un grade reconnu. Selon le plan 5, les cours consid\u00e9r\u00e9s pour fin d\u2019\u00e9valuation sont d\u00e9finis soit en tant que <em>demi-cours<\/em>, soit en tant que <em>pleins cours<\/em>.<\/p>\n<p>Un <em>plein cours<\/em> (ou <em>cours qui dure un an<\/em>, un <em>cours universitaire accr\u00e9dit\u00e9<\/em>) est un cours qui prend g\u00e9n\u00e9ralement toute une ann\u00e9e afin de le compl\u00e9ter. Par exemple, dans une \u00e9cole o\u00f9 l\u2019ann\u00e9e universitaire compte trois semestres : automne, hiver et printemps\/\u00e9t\u00e9, un cours a temps plein d\u00e9butera en automne et sera termin\u00e9 \u00e0 la fin du printemps.<\/p>\n<p>Un <em>demi-cours<\/em> (ou <em>un cours qui dure pour la moiti\u00e9 de l\u2019ann\u00e9e<\/em>) est un cours qui normalement prend la moiti\u00e9 de l\u2019ann\u00e9e afin de compl\u00e9ter . Par exemple, dans une \u00e9cole o\u00f9 l\u2019ann\u00e9e universitaire compte trois semestres : automne, hiver et \u00e9t\u00e9, un demi-cours pourrait ne couvrir que le semestre de l\u2019automne .<\/p>\n<p>Le temps requis afin de compl\u00e9ter un cours peut diff\u00e9rer d\u2019une institution \u00e0 une autre, et d\u2019un programme \u00e0 un autre au sein d\u2019une m\u00eame institution (par exemple, les programmes acc\u00e9l\u00e9r\u00e9s qui offrent le m\u00eame contenu dans une p\u00e9riode plus limit\u00e9e). Afin de maintenir une norme coh\u00e9rente et rigoureuse dans le cadre du plan 5 , le COEQ dans son \u00e9valuation ne va consid\u00e9rer que <em>le poids<\/em> et <em>les cr\u00e9dits des cours<\/em> menant vers un grade universitaire reconnu.<\/p>\n<h2>Pour les besoins du CO\u00c9Q, un des \u00e9l\u00e9ments suivants constituera un (1) <em>plein cours<\/em>:<\/h2>\n<ul>\n<li><strong>Deux (2) demi-cours<\/strong><\/li>\n<li><strong>Six (6) cr\u00e9dits semestriels, ou<\/strong><\/li>\n<li><strong>Neuf (9) quarts d\u2019heures, ou<\/strong><\/li>\n<li><strong>Douze (12) cr\u00e9dits europ\u00e9ens (ECTS) .<\/strong><\/li>\n<\/ul>\n<h2>Pour les besoins du CO\u00c9Q, un des \u00e9l\u00e9ments suivants constituera un (1) <em>demi-cours<\/em>:<\/h2>\n<ul>\n<li><strong>Trois (3) cr\u00e9dits semestriels, ou<\/strong><\/li>\n<li><strong>Quatre et demi (4.5) quarts d\u2019heures, ou<\/strong><\/li>\n<li><strong>Six (6) cr\u00e9dits europ\u00e9ens (ECTS) .<\/strong><\/li>\n<\/ul>\n<p>Veuillez noter que chaque universit\u00e9 offre des cours et indique leur poids ou les cr\u00e9dits attribu\u00e9s de diff\u00e9rentes mani\u00e8res. L\u2019information concernant le syst\u00e8me de cr\u00e9dits utilis\u00e9s et la pond\u00e9ration des cours se trouve g\u00e9n\u00e9ralement au verso de chaque relev\u00e9 de notes officiel.<\/p>\n<p><strong>Les cours de <em>qualifications additionnelles\/qualifications de base additionnelles<\/em> approuv\u00e9s par l\u2019Ordre des enseignantes et des enseignants de l\u2019Ontario, sont consid\u00e9r\u00e9s en tant que \u00ab cours universitaires accr\u00e9dit\u00e9s \u00bb quand ils apparaissent sur le Certificat de Qualification et d\u2019Inscription . Chacun a la valeur d\u2019un plein cours. La note de B sera octroy\u00e9 a chaque cours \u00e0 moins que le relev\u00e9 de notes officiel de ce cours indique autrement.<\/strong><\/p>\n<p>Chaque cours apparaissant sur le Certificat de Qualification et d\u2019Inscription \u00e9mis par l\u2019Ordre des enseignantes et des enseignants de l\u2019Ontario sera utilis\u00e9 par le CO\u00c9Q soit en tant qu\u2019un cours de qualification additionnelle, soit en tant qu\u2019un plein cours universitaire, mais pas les deux .<\/p>\n<p>Les cours cr\u00e9dit\u00e9s de stage qui apparaissent sur un relev\u00e9 de notes officiel (autre que celui de la formation \u00e0 l\u2019enseignement utilis\u00e9 afin de vous \u00e9mettre le permis d \u2018enseigner) sera acceptable pour fin d\u2019\u00e9valuation selon les cr\u00e9dits accord\u00e9s sur le relev\u00e9.<\/p>\n<p>Les cours universitaires additionnels requis afin de changer de cat\u00e9gorie ne doivent pas r\u00e9p\u00e9ter dans leur contenu les cours d\u00e9j\u00e0 acquis. De plus, si le CO\u00c9Q vous a mentionn\u00e9 des cours sp\u00e9cifiques \u00e0 prendre, avec des notes sp\u00e9cifiques, de la facult\u00e9 des arts et des sciences, vous ne pouvez en aucun cas substituer ces cours par d\u2019autres cours de la facult\u00e9 d\u2019\u00e9ducation ou d\u2019autres facult\u00e9s afin de satisfaire aux exigences requises.<\/p>\n<p style=\"text-align: center;\"><em><strong>Veuillez vous assurer que vous remplissez les exigences qui vous sont sp\u00e9cifiques telles que mentionn\u00e9es dans la lettre que vous avez re\u00e7u du CO\u00c9Q.<\/strong><\/em><\/p>\n","protected":false},"excerpt":{"rendered":"<p>Un cours universitaire reconnu est un cours \u00e0 cr\u00e9dits qui compte pour l\u2019obtention d\u2019un grade reconnu. Selon le plan 5, les cours consid\u00e9r\u00e9s pour fin d\u2019\u00e9valuation sont d\u00e9finis soit en tant que demi-cours, soit en tant que pleins cours. Un plein cours (ou cours qui dure un an, un cours universitaire accr\u00e9dit\u00e9) est un cours&hellip; <a class=\"more-link\" href=\"https:\/\/qeco.ca\/fr\/661-2\/\">Poursuivre la lecture <span class=\"screen-reader-text\">D\u00e9finition d\u2019un cours universitaire selon le Plan 5<\/span><\/a><\/p>\n","protected":false},"author":1,"featured_media":0,"parent":0,"menu_order":0,"comment_status":"closed","ping_status":"open","template":"","meta":{"_themeisle_gutenberg_block_has_review":false,"footnotes":""},"class_list":["post-661","page","type-page","status-publish","hentry","entry"],"_links":{"self":[{"href":"https:\/\/qeco.ca\/fr\/wp-json\/wp\/v2\/pages\/661","targetHints":{"allow":["GET"]}}],"collection":[{"href":"https:\/\/qeco.ca\/fr\/wp-json\/wp\/v2\/pages"}],"about":[{"href":"https:\/\/qeco.ca\/fr\/wp-json\/wp\/v2\/types\/page"}],"author":[{"embeddable":true,"href":"https:\/\/qeco.ca\/fr\/wp-json\/wp\/v2\/users\/1"}],"replies":[{"embeddable":true,"href":"https:\/\/qeco.ca\/fr\/wp-json\/wp\/v2\/comments?post=661"}],"version-history":[{"count":0,"href":"https:\/\/qeco.ca\/fr\/wp-json\/wp\/v2\/pages\/661\/revisions"}],"wp:attachment":[{"href":"https:\/\/qeco.ca\/fr\/wp-json\/wp\/v2\/media?parent=661"}],"curies":[{"name":"wp","href":"https:\/\/api.w.org\/{rel}","templated":true}]}}