{"id":649,"date":"2023-02-07T22:10:16","date_gmt":"2023-02-07T22:10:16","guid":{"rendered":"http:\/\/qeco.on.ca\/?page_id=649"},"modified":"2023-02-07T22:10:18","modified_gmt":"2023-02-07T22:10:18","slug":"les-tableaux","status":"publish","type":"page","link":"https:\/\/qeco.ca\/fr\/les-tableaux\/","title":{"rendered":"Les tableaux"},"content":{"rendered":"<p>Les tableaux donnent une description sp\u00e9cifique et d\u00e9taill\u00e9e des exigences \u00e0 satisfier afin de m\u00e9riter chacune des cat\u00e9gories de A \u00e0 A4. Les exigences de chacune des voies menant \u00e0 une cat\u00e9gorie doivent \u00eatre compl\u00e8tement satisfaites, telles que d\u00e9crites, afin de m\u00e9riter cette cat\u00e9gorie.<\/p>\n<p>Un changement de cat\u00e9gorie n\u2019a lieu que lorsqu&rsquo;une demande en r\u00e8gle est faite au COEQ et est accompagn\u00e9e n\u00e9cessairement d\u2019une preuve acad\u00e9mique acceptable tel que requis.<\/p>\n<p><a href=\"https:\/\/qeco.ca\/fr\/tableau-education-technologique\/\">Le tableau en \u00c9ducation technologique<\/a> s\u2019adresse aux enseignantes et aux enseignants qui enseignent ou qui sont sur le point d\u2019enseigner les mati\u00e8res en \u00e9ducation technologique tandis.<\/p>\n<p><a href=\"https:\/\/qeco.ca\/fr\/tableau-education-generale\/\">Le tableau \u00c9ducation g\u00e9n\u00e9rale<\/a> s\u2019adresse \u00e0 celles et \u00e0 ceux qui enseignent ou qui sont sur le point d\u2019enseigner toutes les autres mati\u00e8res except\u00e9es celles en \u00e9ducation technologique.<\/p>\n<p>Afin de vous aider dans l\u2019interpr\u00e9tation des termes, les candidat(e)s sont invit\u00e9(e)s \u00e0 visiter <a href=\"https:\/\/qeco.ca\/fr\/definitions-2\/\">la section des d\u00e9finitions<\/a>.<\/p>\n","protected":false},"excerpt":{"rendered":"<p>Les tableaux donnent une description sp\u00e9cifique et d\u00e9taill\u00e9e des exigences \u00e0 satisfier afin de m\u00e9riter chacune des cat\u00e9gories de A \u00e0 A4. Les exigences de chacune des voies menant \u00e0 une cat\u00e9gorie doivent \u00eatre compl\u00e8tement satisfaites, telles que d\u00e9crites, afin de m\u00e9riter cette cat\u00e9gorie. Un changement de cat\u00e9gorie n\u2019a lieu que lorsqu&rsquo;une demande en r\u00e8gle&hellip; <a class=\"more-link\" href=\"https:\/\/qeco.ca\/fr\/les-tableaux\/\">Poursuivre la lecture <span class=\"screen-reader-text\">Les tableaux<\/span><\/a><\/p>\n","protected":false},"author":1,"featured_media":0,"parent":0,"menu_order":0,"comment_status":"closed","ping_status":"open","template":"","meta":{"_themeisle_gutenberg_block_has_review":false,"footnotes":""},"class_list":["post-649","page","type-page","status-publish","hentry","entry"],"_links":{"self":[{"href":"https:\/\/qeco.ca\/fr\/wp-json\/wp\/v2\/pages\/649","targetHints":{"allow":["GET"]}}],"collection":[{"href":"https:\/\/qeco.ca\/fr\/wp-json\/wp\/v2\/pages"}],"about":[{"href":"https:\/\/qeco.ca\/fr\/wp-json\/wp\/v2\/types\/page"}],"author":[{"embeddable":true,"href":"https:\/\/qeco.ca\/fr\/wp-json\/wp\/v2\/users\/1"}],"replies":[{"embeddable":true,"href":"https:\/\/qeco.ca\/fr\/wp-json\/wp\/v2\/comments?post=649"}],"version-history":[{"count":3,"href":"https:\/\/qeco.ca\/fr\/wp-json\/wp\/v2\/pages\/649\/revisions"}],"predecessor-version":[{"id":35121,"href":"https:\/\/qeco.ca\/fr\/wp-json\/wp\/v2\/pages\/649\/revisions\/35121"}],"wp:attachment":[{"href":"https:\/\/qeco.ca\/fr\/wp-json\/wp\/v2\/media?parent=649"}],"curies":[{"name":"wp","href":"https:\/\/api.w.org\/{rel}","templated":true}]}}