{"id":597,"date":"2013-02-04T01:06:47","date_gmt":"2013-02-04T01:06:47","guid":{"rendered":"http:\/\/qeco.on.ca\/?page_id=597"},"modified":"2022-03-15T20:49:29","modified_gmt":"2022-03-15T20:49:29","slug":"membres-dune-filiale","status":"publish","type":"page","link":"https:\/\/qeco.ca\/fr\/membres-dune-filiale\/","title":{"rendered":"Membres d\u2019une filiale"},"content":{"rendered":"\n<p>Il faut \u00eatre membre d\u2019une des filiales de la F\u00e9d\u00e9ration des enseignantes et des enseignants de l\u2019Ontario afin d\u2019obtenir une \u00e9valuation du CO\u00c9Q.<\/p>\n\n\n\n<p>L\u2019adh\u00e9sion \u00e0 l\u2019une des quatre filiales de la F\u00e9d\u00e9ration des enseignantes et des enseignants de l\u2019Ontario est automatique lorsqu\u2019une enseignante ou un enseignant occupe un emploi consistant \u00e0 enseigner au sein d\u2019un conseil scolaire public, catholique ou francophone en Ontario. Le conseil scolaire d\u00e9duit du salaire de l\u2019enseignante ou de l\u2019enseignant la cotisation appropri\u00e9e pour l\u2019adh\u00e9sion \u00e0 la F\u00e9d\u00e9ration et la remet \u00e0 la filiale. Les filiales \u00e9num\u00e9r\u00e9es ci-dessous sont admissibles \u00e0 une \u00e9valuation du CO\u00c9Q.<\/p>\n\n\n\n<p>Pour devenir membre volontaire\/associ\u00e9 d\u2019une filiale, il faut pr\u00e9senter une demande \u00e9crite \u00e0 cette filiale. Voici les liens vers chacune de nos filiales&nbsp;:<\/p>\n\n\n\n<div class=\"wp-block-group\"><div class=\"wp-block-group__inner-container is-layout-flow wp-block-group-is-layout-flow\">\n<div class=\"wp-block-columns is-layout-flex wp-container-core-columns-is-layout-9d6595d7 wp-block-columns-is-layout-flex\">\n<div class=\"wp-block-column is-layout-flow wp-block-column-is-layout-flow\">\n<figure class=\"wp-block-image size-full\"><a href=\"https:\/\/www.aefo.on.ca\/\"><img loading=\"lazy\" decoding=\"async\" width=\"400\" height=\"192\" src=\"https:\/\/qeco.ca\/wp-content\/uploads\/2021\/09\/aefo_logo.png\" alt=\"AEFO logo\" class=\"wp-image-202\" srcset=\"https:\/\/qeco.ca\/wp-content\/uploads\/2021\/09\/aefo_logo.png 400w, https:\/\/qeco.ca\/wp-content\/uploads\/2021\/09\/aefo_logo-300x144.png 300w\" sizes=\"auto, (max-width: 400px) 100vw, 400px\" \/><\/a><\/figure>\n<\/div>\n\n\n\n<div class=\"wp-block-column is-layout-flow wp-block-column-is-layout-flow\">\n<figure class=\"wp-block-image size-full\"><a href=\"https:\/\/etfo.ca\"><img decoding=\"async\" src=\"https:\/\/qeco.ca\/wp-content\/uploads\/2021\/10\/ETFO-Logo-Acronym-Colour-2-e1634134739625.png\" alt=\"Elementary Teachers' Federation of Ontario\" class=\"wp-image-27588\"\/><\/a><\/figure>\n<\/div>\n\n\n\n<div class=\"wp-block-column is-layout-flow wp-block-column-is-layout-flow\">\n<figure class=\"wp-block-image size-full\"><a href=\"https:\/\/www.osstf.on.ca\/\"><img loading=\"lazy\" decoding=\"async\" width=\"400\" height=\"192\" src=\"https:\/\/qeco.ca\/wp-content\/uploads\/2021\/09\/osstf_logo.png\" alt=\"\" class=\"wp-image-208\" srcset=\"https:\/\/qeco.ca\/wp-content\/uploads\/2021\/09\/osstf_logo.png 400w, https:\/\/qeco.ca\/wp-content\/uploads\/2021\/09\/osstf_logo-300x144.png 300w\" sizes=\"auto, (max-width: 400px) 100vw, 400px\" \/><\/a><\/figure>\n<\/div>\n\n\n\n<div class=\"wp-block-column is-layout-flow wp-block-column-is-layout-flow\">\n<figure class=\"wp-block-image size-full\"><a href=\"https:\/\/www.catholicteachers.ca\/\"><img loading=\"lazy\" decoding=\"async\" width=\"400\" height=\"192\" src=\"https:\/\/qeco.ca\/wp-content\/uploads\/2021\/09\/oecta_logo.png\" alt=\"\" class=\"wp-image-206\" srcset=\"https:\/\/qeco.ca\/wp-content\/uploads\/2021\/09\/oecta_logo.png 400w, https:\/\/qeco.ca\/wp-content\/uploads\/2021\/09\/oecta_logo-300x144.png 300w\" sizes=\"auto, (max-width: 400px) 100vw, 400px\" \/><\/a><\/figure>\n<\/div>\n<\/div>\n<\/div><\/div>\n\n\n\n<p>Une \u00e9tudiante ou un \u00e9tudiant inscrit \u00e0 un programme de certificat en enseignement peut faire appel aux services du CO\u00c9Q une fois qu\u2019il a obtenu un certificat de l\u2019Ordre des enseignantes et des enseignants de l\u2019Ontario et que ce certificat a \u00e9t\u00e9 publi\u00e9 dans le registre public de l\u2019Ordre.<\/p>\n\n\n\n<p>Une enseignante ou un enseignant membre de l\u2019une des filiales qui est d\u00e9sormais \u00e0 la retraite et qui touche une rente, et qui est en r\u00e8gle\u00a0avec l&rsquo;OEEO, est \u00e9galement admissible \u00e0 recevoir une attestation d\u2019\u00e9valuation s\u2019il en fait la demande et si le besoin s\u2019en fait sentir.<\/p>\n","protected":false},"excerpt":{"rendered":"<p>Il faut \u00eatre membre d\u2019une des filiales de la F\u00e9d\u00e9ration des enseignantes et des enseignants de l\u2019Ontario afin d\u2019obtenir une \u00e9valuation du CO\u00c9Q. L\u2019adh\u00e9sion \u00e0 l\u2019une des quatre filiales de la F\u00e9d\u00e9ration des enseignantes et des enseignants de l\u2019Ontario est automatique lorsqu\u2019une enseignante ou un enseignant occupe un emploi consistant \u00e0 enseigner au sein d\u2019un&hellip; <a class=\"more-link\" href=\"https:\/\/qeco.ca\/fr\/membres-dune-filiale\/\">Poursuivre la lecture <span class=\"screen-reader-text\">Membres d\u2019une filiale<\/span><\/a><\/p>\n","protected":false},"author":1,"featured_media":0,"parent":0,"menu_order":0,"comment_status":"closed","ping_status":"open","template":"","meta":{"_themeisle_gutenberg_block_has_review":false,"footnotes":""},"class_list":["post-597","page","type-page","status-publish","hentry","entry"],"_links":{"self":[{"href":"https:\/\/qeco.ca\/fr\/wp-json\/wp\/v2\/pages\/597","targetHints":{"allow":["GET"]}}],"collection":[{"href":"https:\/\/qeco.ca\/fr\/wp-json\/wp\/v2\/pages"}],"about":[{"href":"https:\/\/qeco.ca\/fr\/wp-json\/wp\/v2\/types\/page"}],"author":[{"embeddable":true,"href":"https:\/\/qeco.ca\/fr\/wp-json\/wp\/v2\/users\/1"}],"replies":[{"embeddable":true,"href":"https:\/\/qeco.ca\/fr\/wp-json\/wp\/v2\/comments?post=597"}],"version-history":[{"count":4,"href":"https:\/\/qeco.ca\/fr\/wp-json\/wp\/v2\/pages\/597\/revisions"}],"predecessor-version":[{"id":29364,"href":"https:\/\/qeco.ca\/fr\/wp-json\/wp\/v2\/pages\/597\/revisions\/29364"}],"wp:attachment":[{"href":"https:\/\/qeco.ca\/fr\/wp-json\/wp\/v2\/media?parent=597"}],"curies":[{"name":"wp","href":"https:\/\/api.w.org\/{rel}","templated":true}]}}