{"id":591,"date":"2013-08-16T16:43:38","date_gmt":"2013-08-16T16:43:38","guid":{"rendered":"http:\/\/qeco.on.ca\/?page_id=591"},"modified":"2013-08-16T16:43:38","modified_gmt":"2013-08-16T16:43:38","slug":"responsabilites-des-personnes-qui-utilisent-ce-document","status":"publish","type":"page","link":"https:\/\/qeco.ca\/fr\/responsabilites-des-personnes-qui-utilisent-ce-document\/","title":{"rendered":"Responsabilit\u00e9s des personnes qui utilisent ce document"},"content":{"rendered":"<p>Il incombe \u00e0 chaque enseignante\/enseignant de faire sa demande d\u2019\u00e9valuation par \u00e9crit annuellement ou<b> <\/b>suite \u00e0 l\u2019obtention de qualifications additionnelles.<\/p>\n<p>Il est fortement conseill\u00e9 aux enseignantes et aux enseignants qui ne sont pas encore rendu(e)s \u00e0 la cat\u00e9gorie A4 de faire une demande de reclassement chaque ann\u00e9e afin d\u2019assurer qu\u2019ils suivent les voies le plus appropri\u00e9es et directes vers une cat\u00e9gorie plus \u00e9lev\u00e9e.<\/p>\n<p>Les relev\u00e9s de notes ou la documentation \u00e0 l\u2019appui de tous les cours compl\u00e9t\u00e9s depuis la derni\u00e8re \u00e9valuation doivent accompagner une demande. L\u2019Ordre des enseignantes et des enseignants et les autres institutions ne font pas suivre ces renseignements au CO\u00c9Q\/QECO, pas plus que le CO\u00c9Q\/QECO ne fait suivre ces renseignements aux employeurs ou \u00e0 d\u2019autres institutions. C\u2019est aux enseignantes et aux enseignants de soumettre, \u00e0 leur conseil scolaire, l\u2019\u00e9valuation du CO\u00c9Q\/QECO indiquant un changement de cat\u00e9gorie.<\/p>\n","protected":false},"excerpt":{"rendered":"<p>Il incombe \u00e0 chaque enseignante\/enseignant de faire sa demande d\u2019\u00e9valuation par \u00e9crit annuellement ou suite \u00e0 l\u2019obtention de qualifications additionnelles. Il est fortement conseill\u00e9 aux enseignantes et aux enseignants qui ne sont pas encore rendu(e)s \u00e0 la cat\u00e9gorie A4 de faire une demande de reclassement chaque ann\u00e9e afin d\u2019assurer qu\u2019ils suivent les voies le plus&hellip; <a class=\"more-link\" href=\"https:\/\/qeco.ca\/fr\/responsabilites-des-personnes-qui-utilisent-ce-document\/\">Poursuivre la lecture <span class=\"screen-reader-text\">Responsabilit\u00e9s des personnes qui utilisent ce document<\/span><\/a><\/p>\n","protected":false},"author":1,"featured_media":0,"parent":0,"menu_order":0,"comment_status":"closed","ping_status":"open","template":"","meta":{"_themeisle_gutenberg_block_has_review":false,"footnotes":""},"class_list":["post-591","page","type-page","status-publish","hentry","entry"],"_links":{"self":[{"href":"https:\/\/qeco.ca\/fr\/wp-json\/wp\/v2\/pages\/591","targetHints":{"allow":["GET"]}}],"collection":[{"href":"https:\/\/qeco.ca\/fr\/wp-json\/wp\/v2\/pages"}],"about":[{"href":"https:\/\/qeco.ca\/fr\/wp-json\/wp\/v2\/types\/page"}],"author":[{"embeddable":true,"href":"https:\/\/qeco.ca\/fr\/wp-json\/wp\/v2\/users\/1"}],"replies":[{"embeddable":true,"href":"https:\/\/qeco.ca\/fr\/wp-json\/wp\/v2\/comments?post=591"}],"version-history":[{"count":0,"href":"https:\/\/qeco.ca\/fr\/wp-json\/wp\/v2\/pages\/591\/revisions"}],"wp:attachment":[{"href":"https:\/\/qeco.ca\/fr\/wp-json\/wp\/v2\/media?parent=591"}],"curies":[{"name":"wp","href":"https:\/\/api.w.org\/{rel}","templated":true}]}}