{"id":584,"date":"2013-08-16T16:17:45","date_gmt":"2013-08-16T16:17:45","guid":{"rendered":"http:\/\/qeco.on.ca\/?page_id=584"},"modified":"2013-08-16T16:17:45","modified_gmt":"2013-08-16T16:17:45","slug":"role-du-conseil-ontarien-devaluation-des-qualifications","status":"publish","type":"page","link":"https:\/\/qeco.ca\/fr\/role-du-conseil-ontarien-devaluation-des-qualifications\/","title":{"rendered":"R\u00f4le du Conseil Ontarien D\u2019\u00e9valuation des Qualifications"},"content":{"rendered":"<p style=\"text-align: left;\"><a href=\"http:\/\/qeco.on.ca\/wp-content\/uploads\/2013\/05\/Teacher-Teaching-August-12-Cropped.jpg\"><img loading=\"lazy\" decoding=\"async\" class=\"size-medium wp-image-339 alignright\" alt=\"Teacher-Teaching-August-12-Cropped\" src=\"http:\/\/qeco.on.ca\/wp-content\/uploads\/2013\/05\/Teacher-Teaching-August-12-Cropped-300x144.jpg\" width=\"300\" height=\"144\"><\/a>Le CO\u00c9Q\/QECO a deux r\u00f4les:<\/p>\n<p style=\"text-align: left;\">1.&nbsp;&nbsp;&nbsp;&nbsp;&nbsp;&nbsp;&nbsp;&nbsp;&nbsp;&nbsp; d\u2019\u00e9valuer les qualifications des membres selon les crit\u00e8res du Plan d\u2019\u00e9valuation;<\/p>\n<p style=\"text-align: left;\">2.&nbsp;&nbsp;&nbsp;&nbsp;&nbsp;&nbsp;&nbsp;&nbsp;&nbsp;&nbsp; d\u2019informer les membres au sujet des exigences relatives \u00e0 un reclassement.<\/p>\n<p style=\"text-align: left;\"><b>Le Plan d\u2019\u00e9valuation<\/b><\/p>\n<p>Le Plan d\u2019\u00e9valuation comprend les r\u00e8glements et les remarques pr\u00e9liminaires qui dirigent le classement des enseignantes et des enseignants dans les cat\u00e9gories, selon les crit\u00e8res \u00e9tablis. Il offre aux membres une m\u00e9thode syst\u00e9matique et uniforme d\u2019am\u00e9liorer leurs qualifications. Le Plan est con\u00e7u pour offrir un haut degr\u00e9 de cr\u00e9dibilit\u00e9 aux membres des filiales et aux agences externes d\u2019\u00e9ducation.<\/p>\n<p><b>Tableaux d\u2019\u00e9valuation<\/b><\/p>\n<p>Le Plan d\u2019\u00e9valuation contient deux tableaux indiquant les mati\u00e8res diverses et les niveaux vari\u00e9s de sp\u00e9cialisation dans les qualifications des enseignantes et des enseignants. Ces tableaux servent \u00e0 \u00e9valuer les qualifications des membres en \u00e9ducation g\u00e9n\u00e9rale et technologique. Le Plan d\u2019\u00e9valuation est le seul crit\u00e8re d\u2019\u00e9valuation des qualifications des membres. Chaque tableau est compos\u00e9 de cat\u00e9gories qui reconnaissent des niveaux vari\u00e9s de sp\u00e9cialisation ou de formation professionnelle, de la cat\u00e9gorie de base (A) jusqu\u2019\u00e0 la plus avanc\u00e9e (A4).<\/p>\n<p><b>Site Web<\/b><\/p>\n<p>Le site Web du CO\u00c9Q\/QECO est le <a href=\"http:\/\/www.qeco.on.ca\/\">www.qeco.on.ca<\/a><span style=\"text-decoration: underline;\">. <\/span>Les formulaires de demande d\u2019\u00e9valuation y sont disponibles. Le Plan d\u2019\u00e9valuation s\u2019y trouve \u00e9galement, ainsi que d\u2019autres renseignements pertinents, dont la proc\u00e9dure \u00e0 suivre pour faire une demande.<\/p>\n","protected":false},"excerpt":{"rendered":"<p>Le CO\u00c9Q\/QECO a deux r\u00f4les: 1.&nbsp;&nbsp;&nbsp;&nbsp;&nbsp;&nbsp;&nbsp;&nbsp;&nbsp;&nbsp; d\u2019\u00e9valuer les qualifications des membres selon les crit\u00e8res du Plan d\u2019\u00e9valuation; 2.&nbsp;&nbsp;&nbsp;&nbsp;&nbsp;&nbsp;&nbsp;&nbsp;&nbsp;&nbsp; d\u2019informer les membres au sujet des exigences relatives \u00e0 un reclassement. Le Plan d\u2019\u00e9valuation Le Plan d\u2019\u00e9valuation comprend les r\u00e8glements et les remarques pr\u00e9liminaires qui dirigent le classement des enseignantes et des enseignants dans les cat\u00e9gories, selon&hellip; <a class=\"more-link\" href=\"https:\/\/qeco.ca\/fr\/role-du-conseil-ontarien-devaluation-des-qualifications\/\">Poursuivre la lecture <span class=\"screen-reader-text\">R\u00f4le du Conseil Ontarien D\u2019\u00e9valuation des Qualifications<\/span><\/a><\/p>\n","protected":false},"author":1,"featured_media":0,"parent":0,"menu_order":0,"comment_status":"closed","ping_status":"open","template":"","meta":{"_themeisle_gutenberg_block_has_review":false,"footnotes":""},"class_list":["post-584","page","type-page","status-publish","hentry","entry"],"_links":{"self":[{"href":"https:\/\/qeco.ca\/fr\/wp-json\/wp\/v2\/pages\/584","targetHints":{"allow":["GET"]}}],"collection":[{"href":"https:\/\/qeco.ca\/fr\/wp-json\/wp\/v2\/pages"}],"about":[{"href":"https:\/\/qeco.ca\/fr\/wp-json\/wp\/v2\/types\/page"}],"author":[{"embeddable":true,"href":"https:\/\/qeco.ca\/fr\/wp-json\/wp\/v2\/users\/1"}],"replies":[{"embeddable":true,"href":"https:\/\/qeco.ca\/fr\/wp-json\/wp\/v2\/comments?post=584"}],"version-history":[{"count":0,"href":"https:\/\/qeco.ca\/fr\/wp-json\/wp\/v2\/pages\/584\/revisions"}],"wp:attachment":[{"href":"https:\/\/qeco.ca\/fr\/wp-json\/wp\/v2\/media?parent=584"}],"curies":[{"name":"wp","href":"https:\/\/api.w.org\/{rel}","templated":true}]}}