{"id":581,"date":"2013-08-16T16:05:48","date_gmt":"2013-08-16T16:05:48","guid":{"rendered":"http:\/\/qeco.on.ca\/?page_id=581"},"modified":"2013-08-16T16:05:48","modified_gmt":"2013-08-16T16:05:48","slug":"conventions-collectives-locales","status":"publish","type":"page","link":"https:\/\/qeco.ca\/fr\/conventions-collectives-locales\/","title":{"rendered":"Conventions collectives locales"},"content":{"rendered":"<p>Le CO\u00c9Q\/QECO n\u2019a aucune autorit\u00e9 en mati\u00e8re de salaires. Le rapport entre les salaires et les cat\u00e9gories rel\u00e8ve enti\u00e8rement des n\u00e9gociations et des conventions collectives locales. Les possibles implications salariales de l\u2019\u00e9valuation des qualifications d\u2019une enseignante ou d\u2019un enseignant ne doit d\u2019aucune fa\u00e7on influencer les d\u00e9cisions du personnel du CO\u00c9Q\/QECO ou la proc\u00e9dure d\u2019appel. De plus, le CO\u00c9Q\/QECO ne peut pas administrer les articles des conventions collectives locales concernant les qualifications des enseignantes et des enseignants qui s\u2019ajoutent aux politiques adopt\u00e9es par le CO\u00c9Q\/QECO dans son Plan d\u2019\u00e9valuation ou qui diff\u00e8rent de celles-ci.<\/p>\n<p>Le CO\u00c9Q\/QECO n\u2019est pas responsable des articles des conventions collectives locales concernant les dates limites pour les paiements r\u00e9troactifs des changements de cat\u00e9gories, les allocations sp\u00e9ciales, etc.<\/p>\n","protected":false},"excerpt":{"rendered":"<p>Le CO\u00c9Q\/QECO n\u2019a aucune autorit\u00e9 en mati\u00e8re de salaires. Le rapport entre les salaires et les cat\u00e9gories rel\u00e8ve enti\u00e8rement des n\u00e9gociations et des conventions collectives locales. Les possibles implications salariales de l\u2019\u00e9valuation des qualifications d\u2019une enseignante ou d\u2019un enseignant ne doit d\u2019aucune fa\u00e7on influencer les d\u00e9cisions du personnel du CO\u00c9Q\/QECO ou la proc\u00e9dure d\u2019appel. De&hellip; <a class=\"more-link\" href=\"https:\/\/qeco.ca\/fr\/conventions-collectives-locales\/\">Poursuivre la lecture <span class=\"screen-reader-text\">Conventions collectives locales<\/span><\/a><\/p>\n","protected":false},"author":1,"featured_media":0,"parent":0,"menu_order":0,"comment_status":"closed","ping_status":"open","template":"","meta":{"_themeisle_gutenberg_block_has_review":false,"footnotes":""},"class_list":["post-581","page","type-page","status-publish","hentry","entry"],"_links":{"self":[{"href":"https:\/\/qeco.ca\/fr\/wp-json\/wp\/v2\/pages\/581","targetHints":{"allow":["GET"]}}],"collection":[{"href":"https:\/\/qeco.ca\/fr\/wp-json\/wp\/v2\/pages"}],"about":[{"href":"https:\/\/qeco.ca\/fr\/wp-json\/wp\/v2\/types\/page"}],"author":[{"embeddable":true,"href":"https:\/\/qeco.ca\/fr\/wp-json\/wp\/v2\/users\/1"}],"replies":[{"embeddable":true,"href":"https:\/\/qeco.ca\/fr\/wp-json\/wp\/v2\/comments?post=581"}],"version-history":[{"count":0,"href":"https:\/\/qeco.ca\/fr\/wp-json\/wp\/v2\/pages\/581\/revisions"}],"wp:attachment":[{"href":"https:\/\/qeco.ca\/fr\/wp-json\/wp\/v2\/media?parent=581"}],"curies":[{"name":"wp","href":"https:\/\/api.w.org\/{rel}","templated":true}]}}