{"id":578,"date":"2013-08-16T16:03:44","date_gmt":"2013-08-16T16:03:44","guid":{"rendered":"http:\/\/qeco.on.ca\/?page_id=578"},"modified":"2026-01-07T16:35:43","modified_gmt":"2026-01-07T16:35:43","slug":"gouvernance","status":"publish","type":"page","link":"https:\/\/qeco.ca\/fr\/gouvernance\/","title":{"rendered":"Gouvernance"},"content":{"rendered":"\n<h3 class=\"wp-block-heading\">Comit\u00e9 des filiales<\/h3>\n\n\n\n<p>Le Comit\u00e9 des filiales, qui agit en tant que conseil de direction du CO\u00c9Q, est form\u00e9 de personnes qui repr\u00e9sentent chacune des quatres filiales participantes, soit deux repr\u00e9sentantes ou repr\u00e9sentants par filiale.<\/p>\n\n\n\n<h3 class=\"wp-block-heading\">Membres du comit\u00e9<\/h3>\n\n\n\n<figure class=\"wp-block-table is-style-stripes\"><table><tbody><tr><td>Rene&rsquo; Jansen in de Wal<\/td><td>Pr\u00e9sident du CO\u00c9Q<\/td><td>Pr\u00e9sident de l&rsquo;OECTA<\/td><\/tr><tr><td>Martha Hradowy<\/td><td>Secr\u00e9taire du CO\u00c9Q<\/td><td>Pr\u00e9sidente de la FEESO<\/td><\/tr><tr><td>Gabrielle Lemieux<\/td><td>Directrice du CO\u00c9Q<\/td><td>Pr\u00e9sidente provinciale de l&rsquo;AEFO<\/td><\/tr><tr><td>David Mastin<\/td><td>Directeur du CO\u00c9Q<\/td><td>Pr\u00e9sident de la FEEO<\/td><\/tr><tr><td>David Church<\/td><td>Directeur du CO\u00c9Q<\/td><td>Secr\u00e9taire g\u00e9n\u00e9ral de l&rsquo;OECTA<\/td><\/tr><tr><td>Vaino Poysa<\/td><td>Directeur du CO\u00c9Q<\/td><td>Secr\u00e9taire g\u00e9n\u00e9ral de la FEESO<\/td><\/tr><tr><td>Anne Lavoie<\/td><td>Directrice du CO\u00c9Q<\/td><td>Directrice g\u00e9n\u00e9rale et secr\u00e9taire-tr\u00e9sori\u00e8re de l&rsquo;AEFO<\/td><\/tr><tr><td>Sharon O&rsquo;Halloran<\/td><td>Directrice du CO\u00c9Q<\/td><td>Secr\u00e9taire g\u00e9n\u00e9rale de la FEEO<\/td><\/tr><tr><td>Liz Papadopoulos<\/td><td>Directrice Ex\u00e9cutive du CO\u00c9Q<\/td><td><\/td><\/tr><\/tbody><\/table><\/figure>\n","protected":false},"excerpt":{"rendered":"<p>Comit\u00e9 des filiales Le Comit\u00e9 des filiales, qui agit en tant que conseil de direction du CO\u00c9Q, est form\u00e9 de personnes qui repr\u00e9sentent chacune des quatres filiales participantes, soit deux repr\u00e9sentantes ou repr\u00e9sentants par filiale. Membres du comit\u00e9 Rene&rsquo; Jansen in de Wal Pr\u00e9sident du CO\u00c9Q Pr\u00e9sident de l&rsquo;OECTA Martha Hradowy Secr\u00e9taire du CO\u00c9Q Pr\u00e9sidente&hellip; <a class=\"more-link\" href=\"https:\/\/qeco.ca\/fr\/gouvernance\/\">Poursuivre la lecture <span class=\"screen-reader-text\">Gouvernance<\/span><\/a><\/p>\n","protected":false},"author":1,"featured_media":0,"parent":0,"menu_order":0,"comment_status":"closed","ping_status":"closed","template":"","meta":{"_themeisle_gutenberg_block_has_review":false,"footnotes":""},"class_list":["post-578","page","type-page","status-publish","hentry","entry"],"_links":{"self":[{"href":"https:\/\/qeco.ca\/fr\/wp-json\/wp\/v2\/pages\/578","targetHints":{"allow":["GET"]}}],"collection":[{"href":"https:\/\/qeco.ca\/fr\/wp-json\/wp\/v2\/pages"}],"about":[{"href":"https:\/\/qeco.ca\/fr\/wp-json\/wp\/v2\/types\/page"}],"author":[{"embeddable":true,"href":"https:\/\/qeco.ca\/fr\/wp-json\/wp\/v2\/users\/1"}],"replies":[{"embeddable":true,"href":"https:\/\/qeco.ca\/fr\/wp-json\/wp\/v2\/comments?post=578"}],"version-history":[{"count":14,"href":"https:\/\/qeco.ca\/fr\/wp-json\/wp\/v2\/pages\/578\/revisions"}],"predecessor-version":[{"id":36797,"href":"https:\/\/qeco.ca\/fr\/wp-json\/wp\/v2\/pages\/578\/revisions\/36797"}],"wp:attachment":[{"href":"https:\/\/qeco.ca\/fr\/wp-json\/wp\/v2\/media?parent=578"}],"curies":[{"name":"wp","href":"https:\/\/api.w.org\/{rel}","templated":true}]}}