{"id":573,"date":"2013-08-16T14:16:57","date_gmt":"2013-08-16T18:16:57","guid":{"rendered":"http:\/\/qeco.on.ca\/?page_id=573"},"modified":"2024-06-06T16:06:23","modified_gmt":"2024-06-06T16:06:23","slug":"traitement-des-demandes-au-coeq","status":"publish","type":"page","link":"https:\/\/qeco.ca\/fr\/traitement-des-demandes-au-coeq\/","title":{"rendered":"Traitement des demandes au CO\u00c9Q"},"content":{"rendered":"<p><a href=\"http:\/\/qeco.on.ca\/wp-content\/uploads\/2013\/05\/iStock_000016533242XSmall.jpg\"><img loading=\"lazy\" decoding=\"async\" class=\"size-medium wp-image-336 alignright\" src=\"http:\/\/qeco.on.ca\/wp-content\/uploads\/2013\/05\/iStock_000016533242XSmall-300x212.jpg\" alt=\"iStock_000016533242XSmall\" width=\"300\" height=\"212\" \/><\/a>Le processus d\u2019\u00e9valuation du CO\u00c9Q est reconnu par tous les conseils scolaires de la province. Les \u00e9ch\u00e9ances et les pratiques visant les \u00e9valuations du CO\u00c9Q sont d\u00e9termin\u00e9es par voie de n\u00e9gociation entre les enseignantes et enseignants et leurs employeurs respectifs et n\u2019influent pas sur l\u2019int\u00e9grit\u00e9 ou la rapidit\u00e9 de l\u2019\u00e9valuation.<\/p>\n<p>Les enseignantes et enseignants doivent se tenir au courant de la politique de leur conseil relativement aux \u00e9ch\u00e9ances du CO\u00c9Q. <b>Il incombe \u00e0 l\u2019enseignante ou \u00e0 l\u2019enseignant de prendre les mesures qu\u2019il faut pour respecter ces \u00e9ch\u00e9ances.\u00a0<\/b><\/p>\n<p>Il faut garder \u00e0 l\u2019esprit que le CO\u00c9Q fonctionne sur la base de premier arriv\u00e9 premier servi et que le volume des demandes influe sur le temps qu\u2019il faut pour le traitement d\u2019une demande. Il faut \u00e9galement retenir que les demandes pr\u00e9sent\u00e9es sans que les cours exig\u00e9s soient termin\u00e9s, ou sans les documents d\u2019appui appropri\u00e9s peuvent entra\u00eener des retards ou le renvoi de la demande.<\/p>\n<p><b>Les demandes de renseignements par \u00e9crit peuvent \u00eatre soumises \u00e0 l\u2019adresse suivante :<\/b><\/p>\n<p>Conseil Ontarien d\u2019\u00c9valuation des Qualifications<br \/>\n10, avenue Alcorn, bureau 100, Toronto (Ontario) M4V3A9<br \/>\nT\u00e9l\u00e9phone : 416 323-1969<br \/>\nAppels sans frais en Ontario : 1 800 385-1030<\/p>\n","protected":false},"excerpt":{"rendered":"<p>Le processus d\u2019\u00e9valuation du CO\u00c9Q est reconnu par tous les conseils scolaires de la province. Les \u00e9ch\u00e9ances et les pratiques visant les \u00e9valuations du CO\u00c9Q sont d\u00e9termin\u00e9es par voie de n\u00e9gociation entre les enseignantes et enseignants et leurs employeurs respectifs et n\u2019influent pas sur l\u2019int\u00e9grit\u00e9 ou la rapidit\u00e9 de l\u2019\u00e9valuation. Les enseignantes et enseignants doivent&hellip; <a class=\"more-link\" href=\"https:\/\/qeco.ca\/fr\/traitement-des-demandes-au-coeq\/\">Poursuivre la lecture <span class=\"screen-reader-text\">Traitement des demandes au CO\u00c9Q<\/span><\/a><\/p>\n","protected":false},"author":1,"featured_media":0,"parent":0,"menu_order":0,"comment_status":"closed","ping_status":"open","template":"","meta":{"_themeisle_gutenberg_block_has_review":false,"footnotes":""},"class_list":["post-573","page","type-page","status-publish","hentry","entry"],"_links":{"self":[{"href":"https:\/\/qeco.ca\/fr\/wp-json\/wp\/v2\/pages\/573","targetHints":{"allow":["GET"]}}],"collection":[{"href":"https:\/\/qeco.ca\/fr\/wp-json\/wp\/v2\/pages"}],"about":[{"href":"https:\/\/qeco.ca\/fr\/wp-json\/wp\/v2\/types\/page"}],"author":[{"embeddable":true,"href":"https:\/\/qeco.ca\/fr\/wp-json\/wp\/v2\/users\/1"}],"replies":[{"embeddable":true,"href":"https:\/\/qeco.ca\/fr\/wp-json\/wp\/v2\/comments?post=573"}],"version-history":[{"count":1,"href":"https:\/\/qeco.ca\/fr\/wp-json\/wp\/v2\/pages\/573\/revisions"}],"predecessor-version":[{"id":36568,"href":"https:\/\/qeco.ca\/fr\/wp-json\/wp\/v2\/pages\/573\/revisions\/36568"}],"wp:attachment":[{"href":"https:\/\/qeco.ca\/fr\/wp-json\/wp\/v2\/media?parent=573"}],"curies":[{"name":"wp","href":"https:\/\/api.w.org\/{rel}","templated":true}]}}