{"id":516,"date":"2013-06-18T22:35:58","date_gmt":"2013-06-18T22:35:58","guid":{"rendered":"http:\/\/qeco.on.ca\/?page_id=516"},"modified":"2022-10-28T20:22:21","modified_gmt":"2022-10-28T20:22:21","slug":"reglements","status":"publish","type":"page","link":"https:\/\/qeco.ca\/fr\/reglements\/","title":{"rendered":"R\u00e8glements"},"content":{"rendered":"<p>1.\u00a0\u00a0\u00a0\u00a0\u00a0\u00a0\u00a0\u00a0 Une \u00e9valuation ne sera \u00e9mise qu\u2019\u00e0\u00a0: une enseignante ou \u00e0 un enseignant reconnu en Ontario, membre d\u2019une des trois filiales; une enseignante ou un enseignant \u00e0 la retraite qui a d\u00e9j\u00e0 \u00e9t\u00e9 membre d\u2019une des trois filiales; ou une \u00e9tudiante ou un \u00e9tudiant inscrit dans un programme d\u2019enseignement reconnu et financ\u00e9 par le gouvernement de l\u2019Ontario, et au cours de l\u2019ann\u00e9e qui m\u00e8ne \u00e0 l\u2019obtention d\u2019un permis.<\/p>\n<p>2.\u00a0\u00a0\u00a0\u00a0\u00a0\u00a0\u00a0\u00a0 Le CO\u00c9Q \u00e9value les qualifications acad\u00e9miques<i> <\/i>des enseignantes et des enseignants sans \u00e9gard aux attestions des comp\u00e9tences requises afin d\u2019obtenir leur permis d\u2019enseigner en Ontario.<\/p>\n<p>3.\u00a0\u00a0\u00a0\u00a0\u00a0\u00a0\u00a0\u00a0 Le CO\u00c9Q n\u2019\u00e9value pas les qualifications d\u2019une personne d\u00e9tenant une permission int\u00e9rimaire d\u2019enseigner.<\/p>\n<p>4.\u00a0\u00a0\u00a0\u00a0\u00a0\u00a0\u00a0\u00a0 Un m\u00eame cours ne peut pas \u00eatre reconnu deux fois.<\/p>\n<p>5.\u00a0\u00a0\u00a0\u00a0\u00a0\u00a0\u00a0\u00a0 Le CO\u00c9Q rendra une d\u00e9cision officielle quant \u00e0 l\u2019acceptabilit\u00e9 d\u2019un cours soumis pour un reclassement.<\/p>\n<p>6.\u00a0\u00a0\u00a0\u00a0\u00a0\u00a0\u00a0\u00a0 Tous les grades cit\u00e9s servent \u00e0 l\u2019\u00e9valuation du CO\u00c9Q, \u00e0 moins d\u2019avis contraire.<\/p>\n<p>7.\u00a0\u00a0\u00a0\u00a0\u00a0\u00a0\u00a0\u00a0 Toute qualification obtenue \u00e0 l\u2019ext\u00e9rieur de l\u2019Ontario sera \u00e9valu\u00e9e de fa\u00e7on \u00e9quitable, selon les normes courantes du CO\u00c9Q.<\/p>\n<p>8.\u00a0\u00a0\u00a0\u00a0\u00a0\u00a0\u00a0\u00a0 Pour acc\u00e9der \u00e0 une cat\u00e9gorie sup\u00e9rieure, tout membre devra satisfaire aux exigences minimales requises par le Plan d&rsquo;\u00e9valuation.<\/p>\n<p>9.\u00a0\u00a0\u00a0\u00a0\u00a0\u00a0\u00a0\u00a0 Le Plan 5 est le seul plan d\u2019\u00e9valuation en vigueur au CO\u00c9Q.<\/p>\n<p>10.\u00a0\u00a0\u00a0\u00a0\u00a0\u00a0 Toute enseignante\/tout enseignant qui demande une \u00e9valuation du CO\u00c9Q:<\/p>\n<p>a.\u00a0\u00a0\u00a0\u00a0\u00a0\u00a0\u00a0\u00a0 Demeurera dans la cat\u00e9gorie accord\u00e9e sous un autre programme du CO\u00c9Q tant que les exigences n\u00e9cessaires \u00e0 un reclassement ne sont pas satisfaites.<\/p>\n<p>b.\u00a0 \u00a0\u00a0\u00a0\u00a0\u00a0\u00a0 Pourra faire reconna\u00eetre toutes les attestations valides du CO\u00c9Q d\u00e9coulant de politiques ou de programmes ant\u00e9rieurs et faisant \u00e9tat d\u2019exigences de reclassement satisfaites.<\/p>\n<p>c.\u00a0 \u00a0\u00a0\u00a0\u00a0\u00a0\u00a0 Pourra faire appliquer les pr\u00e9sentes d\u00e9finitions de cours universitaires du CO\u00c9Q aux attestations en vigueur ou ant\u00e9rieures.<\/p>\n<p>11.\u00a0\u00a0\u00a0\u00a0\u00a0\u00a0 Il incombe \u00e0 l\u2019enseignante\/\u00e0 l\u2019enseignant de faire une demande d\u2019\u00e9valuation ou de r\u00e9\u00e9valuation lorsque des qualifications additionnelles ont \u00e9t\u00e9 obtenues, ou sur une base annuelle si la cat\u00e9gorie A4 n\u2019est pas encore atteinte. Les formulaires de demande se trouvent au site Web du CO\u00c9Q au <a href=\"https:\/\/qeco.ca\">qeco.ca<\/a> .<\/p>\n<p>12.\u00a0\u00a0\u00a0\u00a0\u00a0\u00a0 Le CO\u00c9Q ne sera pas responsable d\u2019informer les enseignantes ou les enseignants de tout changement de politique de l\u2019Ordre des enseignantes et des enseignants de l\u2019Ontario ou de toute autre institution, au Canada ou \u00e0 l\u2019\u00e9tranger, qui pourrait affecter l\u2019op\u00e9ration de ce Plan d\u2019\u00e9valuation ou les qualifications des enseignantes ou des enseignants.<\/p>\n","protected":false},"excerpt":{"rendered":"<p>1.\u00a0\u00a0\u00a0\u00a0\u00a0\u00a0\u00a0\u00a0 Une \u00e9valuation ne sera \u00e9mise qu\u2019\u00e0\u00a0: une enseignante ou \u00e0 un enseignant reconnu en Ontario, membre d\u2019une des trois filiales; une enseignante ou un enseignant \u00e0 la retraite qui a d\u00e9j\u00e0 \u00e9t\u00e9 membre d\u2019une des trois filiales; ou une \u00e9tudiante ou un \u00e9tudiant inscrit dans un programme d\u2019enseignement reconnu et financ\u00e9 par le gouvernement&hellip; <a class=\"more-link\" href=\"https:\/\/qeco.ca\/fr\/reglements\/\">Poursuivre la lecture <span class=\"screen-reader-text\">R\u00e8glements<\/span><\/a><\/p>\n","protected":false},"author":1,"featured_media":0,"parent":0,"menu_order":0,"comment_status":"closed","ping_status":"open","template":"","meta":{"_themeisle_gutenberg_block_has_review":false,"footnotes":""},"class_list":["post-516","page","type-page","status-publish","hentry","entry"],"_links":{"self":[{"href":"https:\/\/qeco.ca\/fr\/wp-json\/wp\/v2\/pages\/516","targetHints":{"allow":["GET"]}}],"collection":[{"href":"https:\/\/qeco.ca\/fr\/wp-json\/wp\/v2\/pages"}],"about":[{"href":"https:\/\/qeco.ca\/fr\/wp-json\/wp\/v2\/types\/page"}],"author":[{"embeddable":true,"href":"https:\/\/qeco.ca\/fr\/wp-json\/wp\/v2\/users\/1"}],"replies":[{"embeddable":true,"href":"https:\/\/qeco.ca\/fr\/wp-json\/wp\/v2\/comments?post=516"}],"version-history":[{"count":1,"href":"https:\/\/qeco.ca\/fr\/wp-json\/wp\/v2\/pages\/516\/revisions"}],"predecessor-version":[{"id":33776,"href":"https:\/\/qeco.ca\/fr\/wp-json\/wp\/v2\/pages\/516\/revisions\/33776"}],"wp:attachment":[{"href":"https:\/\/qeco.ca\/fr\/wp-json\/wp\/v2\/media?parent=516"}],"curies":[{"name":"wp","href":"https:\/\/api.w.org\/{rel}","templated":true}]}}