{"id":483,"date":"2013-06-17T14:02:34","date_gmt":"2013-06-17T14:02:34","guid":{"rendered":"http:\/\/qeco.on.ca\/?page_id=483"},"modified":"2013-06-17T14:02:34","modified_gmt":"2013-06-17T14:02:34","slug":"french-history","status":"publish","type":"page","link":"https:\/\/qeco.ca\/fr\/french-history\/","title":{"rendered":"Histoire"},"content":{"rendered":"<p>Fond\u00e9 en 1969, par l\u2019Ontario English Catholic <a href=\"http:\/\/qeco.on.ca\/wp-content\/uploads\/2013\/05\/confident-teacher.jpg\"><img loading=\"lazy\" decoding=\"async\" class=\"size-medium wp-image-334 alignright\" src=\"http:\/\/qeco.on.ca\/wp-content\/uploads\/2013\/05\/confident-teacher-300x225.jpg\" alt=\"confident-teacher\" width=\"300\" height=\"225\"><\/a>Teachers\u2019 Association (OECTA), la F\u00e9d\u00e9ration des enseignantes et des enseignants de l\u2019\u00e9l\u00e9mentaire de l\u2019Ontario, (FEEO) et l\u2019Association des enseignantes et des enseignants franco-ontariens (AEFO), le&nbsp;Conseil Ontarien d\u2019\u00c9valuation des Qualifications (CO\u00c9Q) offre et administre objectivement l\u2019\u00e9valuation des qualifications des enseignantes et des enseignants \u00e0 des fins salariales. Les premi\u00e8res Attestations d\u2019\u00e9valuation du CO\u00c9Q ont \u00e9t\u00e9 d\u00e9livr\u00e9es en 1971. Par l\u2019entremise du <a href=\"http:\/\/www.qeco.on.ca\/qecofr\/index.cfm?do=c.program5\">Plan 5<\/a>, le CO\u00c9Q fournit un programme uniforme pour la reconnaissance des salaires des enseignantes et des enseignants lorsque des conditions pr\u00e9cises sur le plan de la formation et au niveau professionnel sont remplies.<\/p>\n<p>Le programme d\u2019\u00e9valuation du CO\u00c9Q \u00e0 des fins salariales est unique puisqu\u2019il est le fruit de n\u00e9gociations entre les enseignantes et enseignants et leurs conseils scolaires respectifs et s\u2019inscrit dans le cadre des conventions collectives locales. Apr\u00e8s l\u2019\u00e9valuation de leurs qualifications, les enseignantes et enseignants obtiennent une Attestation d\u2019\u00e9valuation qui est par la suite accept\u00e9e par leur conseil scolaire pour leur classement dans des cat\u00e9gories salariales. Les salaires pay\u00e9s aux enseignantes et enseignants sont n\u00e9goci\u00e9s entre les unit\u00e9s de n\u00e9gociation des enseignantes et enseignants vis\u00e9s et leur conseil scolaire.<\/p>\n<p>Nous rappelons aux enseignantes et enseignants qu\u2019il leur incombe de tenir le CO\u00c9Q au courant de tout ajout \u00e0 leurs qualifications et qu\u2019ils doivent le faire en remplissant une demande officielle du CO\u00c9Q. En outre, ils ne doivent pas oublier de demander r\u00e9guli\u00e8rement de l\u2019information et des conseils en mati\u00e8re de perfectionnement qui leur permettent de progresser et d\u2019atteindre le plus rapidement possible leur cat\u00e9gorie de salaire suivante du CO\u00c9Q.<\/p>\n","protected":false},"excerpt":{"rendered":"<p>Fond\u00e9 en 1969, par l\u2019Ontario English Catholic Teachers\u2019 Association (OECTA), la F\u00e9d\u00e9ration des enseignantes et des enseignants de l\u2019\u00e9l\u00e9mentaire de l\u2019Ontario, (FEEO) et l\u2019Association des enseignantes et des enseignants franco-ontariens (AEFO), le&nbsp;Conseil Ontarien d\u2019\u00c9valuation des Qualifications (CO\u00c9Q) offre et administre objectivement l\u2019\u00e9valuation des qualifications des enseignantes et des enseignants \u00e0 des fins salariales. Les premi\u00e8res&hellip; <a class=\"more-link\" href=\"https:\/\/qeco.ca\/fr\/french-history\/\">Poursuivre la lecture <span class=\"screen-reader-text\">Histoire<\/span><\/a><\/p>\n","protected":false},"author":1,"featured_media":0,"parent":0,"menu_order":0,"comment_status":"closed","ping_status":"open","template":"","meta":{"_themeisle_gutenberg_block_has_review":false,"footnotes":""},"class_list":["post-483","page","type-page","status-publish","hentry","entry"],"_links":{"self":[{"href":"https:\/\/qeco.ca\/fr\/wp-json\/wp\/v2\/pages\/483","targetHints":{"allow":["GET"]}}],"collection":[{"href":"https:\/\/qeco.ca\/fr\/wp-json\/wp\/v2\/pages"}],"about":[{"href":"https:\/\/qeco.ca\/fr\/wp-json\/wp\/v2\/types\/page"}],"author":[{"embeddable":true,"href":"https:\/\/qeco.ca\/fr\/wp-json\/wp\/v2\/users\/1"}],"replies":[{"embeddable":true,"href":"https:\/\/qeco.ca\/fr\/wp-json\/wp\/v2\/comments?post=483"}],"version-history":[{"count":0,"href":"https:\/\/qeco.ca\/fr\/wp-json\/wp\/v2\/pages\/483\/revisions"}],"wp:attachment":[{"href":"https:\/\/qeco.ca\/fr\/wp-json\/wp\/v2\/media?parent=483"}],"curies":[{"name":"wp","href":"https:\/\/api.w.org\/{rel}","templated":true}]}}