{"id":35070,"date":"2023-02-07T22:05:06","date_gmt":"2023-02-07T22:05:06","guid":{"rendered":"https:\/\/qeco.ca\/?page_id=35070"},"modified":"2023-02-07T22:05:08","modified_gmt":"2023-02-07T22:05:08","slug":"tableau-education-generale","status":"publish","type":"page","link":"https:\/\/qeco.ca\/fr\/tableau-education-generale\/","title":{"rendered":"Tableau \u00c9ducation g\u00e9n\u00e9rale"},"content":{"rendered":"\n<p><em>Tout ce qui est cit\u00e9 dans ce tableau exige un permis d\u2019enseigner valide de l\u2019Ordre des enseignantes et des enseignants de l\u2019Ontario. Les exigences assign\u00e9es \u00e0 chaque cat\u00e9gorie s\u2019ajoutent \u00e0 une formation de base en enseignement, et \u00e0 tout autre cours n\u00e9cessaire \u00e0 un permis d\u2019enseigner d\u00e9livr\u00e9e par l\u2019Ordre des enseignantes et des enseignants de l\u2019Ontario.<\/em><\/p>\n\n\n\n<p><em>Voir dans la section <a href=\"https:\/\/qeco.ca\/fr\/definitions-2\/\" data-type=\"page\" data-id=\"637\">D\u00e9finitions<\/a> :<\/em><\/p>\n\n\n\n<ul class=\"wp-block-list\">\n<li>L\u2019article (i) (1) pour une d\u00e9finition compl\u00e8te de ce qui constitue un grade universitaire reconnu de premier cycle.<\/li>\n\n\n\n<li>L\u2019article (i) (2) pour une d\u00e9finition compl\u00e8te de ce qui constitue un grade universitaire reconnu de quatre ans de premier cycle.<\/li>\n\n\n\n<li>L\u2019article (i) (3) pour une d\u00e9finition compl\u00e8te de ce qui constitue un grade universitaire reconnu de cinq ans de premier cycle.<\/li>\n\n\n\n<li>L\u2019article (c) pour une description compl\u00e8te de l\u2019Accr\u00e9ditation Acad\u00e9mique Avanc\u00e9e (AAA)<\/li>\n\n\n\n<li>L\u2019article (d) pour une description de l\u2019Accr\u00e9ditation du Baccalaur\u00e9at Avanc\u00e9e (ABA)<\/li>\n<\/ul>\n\n\n\n<p class=\"has-text-align-center\"><strong>Cat\u00e9gorie A<\/strong><\/p>\n\n\n\n<p>1. Aucun grade universitaire.<\/p>\n\n\n\n<p class=\"has-text-align-center\"><strong>Cat\u00e9gorie A1<\/strong><\/p>\n\n\n\n<p class=\"has-text-align-left\">2. Un grade universitaire reconnu de premier cycle.<\/p>\n\n\n\n<p class=\"has-text-align-center\"><strong>Cat\u00e9gorie A2<\/strong><\/p>\n\n\n\n<p>3. Un grade universitaire reconnu de quatre ans (premier cycle).<\/p>\n\n\n\n<p class=\"has-text-align-center\">ou<\/p>\n\n\n\n<p>4. Un grade universitaire reconnu de trois ans (premier cycle), qui compte cinq pleins cours universitaires (moyenne d\u2019au moins B) dans une seule discipline, ou huit pleins cours universitaires (moyenne d\u2019au moins B) dans deux disciplines, soit quatre pleins cours par discipline.<\/p>\n\n\n\n<p class=\"has-text-align-center\">ou<\/p>\n\n\n\n<p>5. Un grade universitaire reconnu de trois ans (premier cycle, moyenne de 1re ou 2e classe).<\/p>\n\n\n\n<p class=\"has-text-align-center\">ou<\/p>\n\n\n\n<p>6. Un grade universitaire reconnu de trois ans (premier cycle), plus la Partie 1 et la Partie 2 menant vers une qualification de Sp\u00e9cialiste acquise en trois parties, qui s\u2019ajoute au grade universitaire et \u00e0 la formation de base professionnelle.<\/p>\n\n\n\n<p class=\"has-text-align-center\">ou<\/p>\n\n\n\n<p>7. Un grade universitaire reconnu de trois ans (premier cycle), la formation de base professionnelle, et UN des choix suivants :<br>a. Trois (3) pleins cours universitaires additionnels reconnus.<br>b. Trois (3) cours de qualifications additionnelles, ou des cours \u00e9quivalents reconnus.<br>c. Un total de trois (3) cours choisis parmi (a) et (b).<br>d. Le dipl\u00f4me de musique ARCT ou ATCM ou son \u00e9quivalent reconnu.<br>e. Un dipl\u00f4me de \u2018l\u2019Institute of Child Study\u2019.<br>f. Un dipl\u00f4me de trois ans d\u2019un CAAT, excluant le grade universitaire et toute autre exigence ant\u00e9rieure pour la cat\u00e9gorie.<\/p>\n\n\n\n<p class=\"has-text-align-center\"><strong>Cat\u00e9gorie A3<\/strong><\/p>\n\n\n\n<p>8. Un grade universitaire reconnu de premier cycle, plus la qualification de Sp\u00e9cialiste en \u00e9tudes sup\u00e9rieures.<\/p>\n\n\n\n<p class=\"has-text-align-center\">ou<\/p>\n\n\n\n<p>9. Un grade universitaire reconnu de cinq ans (premier cycle).<\/p>\n\n\n\n<p class=\"has-text-align-center\">ou<\/p>\n\n\n\n<p>10. Un grade universitaire reconnu de quatre ans (premier cycle, moyenne de 1re ou 2e classe).<\/p>\n\n\n\n<p class=\"has-text-align-center\">ou<\/p>\n\n\n\n<p>11. Un grade universitaire reconnu de quatre ans (premier cycle) plus une qualification de Sp\u00e9cialiste acquise en trois parties, qui s\u2019ajoute au grade universitaire et \u00e0 la formation de base professionnelle, ou deux pleins cours universitaires additionnels reconnus (moyenne d\u2019au moins B).<\/p>\n\n\n\n<p class=\"has-text-align-center\">ou<\/p>\n\n\n\n<p>12. Un grade universitaire reconnu de trois ans (premier cycle), qui comprend cinq pleins cours universitaires (moyenne d\u2019au moins B) dans une seule discipline, ou huit pleins cours universitaires (moyenne d\u2019au moins B) dans deux disciplines, soit quatre cours pleins par discipline, plus une qualification de Sp\u00e9cialiste acquise en trois parties, qui s\u2019ajoute au grade universitaire et \u00e0 la formation de base professionnelle.<\/p>\n\n\n\n<p class=\"has-text-align-center\">ou<\/p>\n\n\n\n<p>13. Un grade universitaire reconnu de trois ans (premier cycle), plus une qualification de Sp\u00e9cialiste acquise en trois parties, qui s\u2019ajoute au grade universitaire et \u00e0 la formation de base professionnelle, plus deux pleins cours universitaires reconnus (moyenne d\u2019au moins B) ou un dipl\u00f4me reconnu excluant le grade et la qualification de Sp\u00e9cialiste. Ce dipl\u00f4me doit \u00eatre directement reli\u00e9 \u00e0 la discipline de sp\u00e9cialisation et doit comprendre au moins une ann\u00e9e d\u2019\u00e9tudes \u00e0 temps plein.<\/p>\n\n\n\n<p class=\"has-text-align-center\">ou<\/p>\n\n\n\n<p>14. Un grade universitaire reconnu de trois ans (premier cycle), plus une qualification de Sp\u00e9cialiste acquise en trois parties qui s\u2019ajoute au grade universitaire et \u00e0 la formation de base professionnelle, plus une deuxi\u00e8me qualification de Sp\u00e9cialiste acquise en trois parties, qui s\u2019ajoute au grade universitaire et \u00e0 la formation de base professionnelle.<\/p>\n\n\n\n<p class=\"has-text-align-center\">ou<\/p>\n\n\n\n<p>15. Un grade universitaire reconnu de trois ans (premier cycle) selon les exigences de l\u2019Accr\u00e9ditation du Baccalaur\u00e9at Avanc\u00e9e (ABA) ou de l\u2019Accr\u00e9ditation Acad\u00e9mique Avanc\u00e9e (AAA).<\/p>\n\n\n\n<p class=\"has-text-align-center\">ou<\/p>\n\n\n\n<p>16. La Cat\u00e9gorie A2, \u00e0 laquelle s\u2019ajoute UN des \u00e9l\u00e9ments suivants :<br>a. Cinq (5) pleins cours universitaires additionnels reconnus (moyenne d\u2019au moins B).<br>b. Cinq (5) cours de qualifications additionnelles, ou des cours \u00e9quivalents reconnus.<br>c. Un total de cinq (5) cours choisis parmi (a) et (b).<br>d. Le dipl\u00f4me de musique ARCT ou ATCM ou son \u00e9quivalent reconnu.<br>e. Un dipl\u00f4me de \u2018l\u2019Institute of Child Study\u2019.<br>f. Un dipl\u00f4me de trois ans d\u2019un CAAT, excluant le grade universitaire et toute autre exigence ant\u00e9rieure pour la cat\u00e9gorie.<br>g. Un grade de ma\u00eetrise (2e cycle) reconnu et termin\u00e9 avec succ\u00e8s, en plus de la formation de base professionnelle.<\/p>\n\n\n\n<p class=\"has-text-align-center\"><strong>Cat\u00e9gorie A4<\/strong><\/p>\n\n\n\n<p>17. Un grade universitaire reconnu de quatre ans (premier cycle, moyenne de 1re ou 2e classe) plus la qualification de Sp\u00e9cialiste en \u00e9tudes sup\u00e9rieures ou un dipl\u00f4me de premier cycle de quatre ans (note de passage) et deux pleins cours universitaires additionnels reconnus (moyenne d\u2019au moins B) plus la qualification de Sp\u00e9cialiste en \u00e9tudes sup\u00e9rieures.<\/p>\n\n\n\n<p class=\"has-text-align-center\">ou<\/p>\n\n\n\n<p>18. Un grade universitaire reconnu (premier cycle) avec les exigences de l\u2019Accr\u00e9ditation Acad\u00e9mique Avanc\u00e9e (AAA), qui s\u2019ajoute \u00e0 la formation de base professionnelle, plus la qualification de Sp\u00e9cialiste en \u00e9tudes sup\u00e9rieures.<\/p>\n\n\n\n<p class=\"has-text-align-center\">ou<\/p>\n\n\n\n<p>19. Un grade universitaire reconnu (premier cycle) conforme aux exigences de l\u2019Accr\u00e9ditation du Baccalaur\u00e9at Avanc\u00e9e (ABA) ou l\u2019Accr\u00e9ditation Acad\u00e9mique Avanc\u00e9e (AAA), qui s\u2019ajoute \u00e0 la formation de base professionnelle, plus une qualification de Sp\u00e9cialiste acquise en trois parties qui s\u2019ajoute aux exigences de l\u2019Accr\u00e9ditation du Baccalaur\u00e9at Avanc\u00e9e (ABA)ou l\u2019Accr\u00e9ditation Acad\u00e9mique Avanc\u00e9e (AAA), et \u00e0 la formation de base professionnelle.<\/p>\n\n\n\n<p class=\"has-text-align-center\">ou<\/p>\n\n\n\n<p>20. Un grade universitaire reconnu de quatre ans (moyenne de 1re ou 2e classe), plus la qualification de Sp\u00e9cialiste acquise en trois parties, qui s\u2019ajoute au grade et \u00e0 la formation de base professionnelle.<\/p>\n\n\n\n<p class=\"has-text-align-center\">ou<\/p>\n\n\n\n<p>21. Un grade universitaire reconnu de quatre ans (premier cycle, moyenne de 1re ou 2e classe) plus une ma\u00eetrise ou un doctorat reconnu, qui s\u2019ajoute au grade et \u00e0 la formation de base professionnelle.<\/p>\n\n\n\n<p class=\"has-text-align-center\">ou<\/p>\n\n\n\n<p>22. Un grade universitaire reconnu de quatre ans (premier cycle, note de passage), plus la qualification de Sp\u00e9cialiste acquise en trois parties, qui s\u2019ajoute au grade et \u00e0 la formation de base professionnelle, plus une deuxi\u00e8me qualification de Sp\u00e9cialiste acquise en trois parties et en plus du grade et de la formation de base professionnelle ou deux pleins cours universitaires additionnels reconnus (moyenne d\u2019au moins B).<\/p>\n\n\n\n<p class=\"has-text-align-center\">ou<\/p>\n\n\n\n<p>23. Un grade universitaire reconnu de quatre ans (premier cycle, note de passage), plus la qualification de Sp\u00e9cialiste acquise en trois parties, qui s\u2019ajoute au grade et \u00e0 la formation de base professionnelle, avec un dipl\u00f4me reconnu excluant le grade et la qualification de Sp\u00e9cialiste. Ce dipl\u00f4me doit \u00eatre reli\u00e9 \u00e0 la discipline de sp\u00e9cialisation et doit comprendre au moins une ann\u00e9e d\u2019\u00e9tudes \u00e0 temps plein.<\/p>\n\n\n\n<p class=\"has-text-align-center\">ou<\/p>\n\n\n\n<p>24. Un grade universitaire reconnu de cinq ans (premier cycle, moyenne de 1re ou 2e classe).<\/p>\n\n\n\n<p class=\"has-text-align-center\">ou<\/p>\n\n\n\n<p>25. Un grade universitaire reconnu de cinq ans (note de passage), plus la qualification de Sp\u00e9cialiste en \u00e9tudes sup\u00e9rieures.<\/p>\n\n\n\n<p class=\"has-text-align-center\">ou<\/p>\n\n\n\n<p>26. Un grade universitaire reconnu de cinq ans (premier cycle), plus la qualification de Sp\u00e9cialiste acquise en trois parties, qui s\u2019ajoute au grade et \u00e0 la formation de base professionnelle.<\/p>\n\n\n\n<p class=\"has-text-align-center\">ou<\/p>\n\n\n\n<p>27. Un grade universitaire reconnu de cinq ans, plus une ma\u00eetrise ou un doctorat reconnu, qui s\u2019ajoute au grade et \u00e0 la formation de base professionnelle.<\/p>\n\n\n\n<p class=\"has-text-align-center\">ou<\/p>\n\n\n\n<p>28. Un grade universitaire reconnu de trois ans (premier cycle), qui comprend cinq pleins cours universitaires (moyenne d\u2019au moins B) dans une seule discipline, ou huit pleins cours universitaires (moyenne d\u2019au moins B) dans deux disciplines, soit quatre pleins cours par discipline, plus une qualification de Sp\u00e9cialiste acquise en trois parties, qui s\u2019ajoute au grade universitaire et \u00e0 la formation de base professionnelle, et un dipl\u00f4me reconnu excluant le grade et la qualification de Sp\u00e9cialiste. Ce dipl\u00f4me doit \u00eatre directement reli\u00e9 \u00e0 la discipline de sp\u00e9cialisation et doit comprendre au moins une ann\u00e9e d\u2019\u00e9tudes \u00e0 temps plein.<\/p>\n\n\n\n<p class=\"has-text-align-center\">ou<\/p>\n\n\n\n<p>29. Un grade universitaire reconnu de trois ans (premier cycle), plus une qualification de Sp\u00e9cialiste acquise en trois parties qui s\u2019ajoute au grade universitaire et \u00e0 la formation de base professionnelle, plus deux pleins cours universitaires additionnels reconnus (moyenne d\u2019au moins B), et un dipl\u00f4me reconnu excluant le grade, la qualification de Sp\u00e9cialiste et les deux autres pleins cours. Le dipl\u00f4me doit \u00eatre directement reli\u00e9 \u00e0 la discipline de sp\u00e9cialisation et doit comprendre au moins une ann\u00e9e d\u2019\u00e9tudes \u00e0 temps plein.<\/p>\n\n\n\n<p class=\"has-text-align-center\">ou<\/p>\n\n\n\n<p>30. Un grade universitaire reconnu de trois ans (premier cycle), qui comprend cinq pleins cours universitaires (moyenne d\u2019au moins B) dans une seule discipline, ou huit pleins cours universitaires (moyenne d\u2019au moins B) dans deux disciplines, soit quatre pleins cours par discipline, plus une qualification de Sp\u00e9cialiste acquise en trois parties et qui s\u2019ajoute au grade universitaire et \u00e0 la formation de base professionnelle, plus une deuxi\u00e8me qualification de Sp\u00e9cialiste et qui s\u2019ajoute au grade et \u00e0 la formation de base professionnelle.<\/p>\n\n\n\n<p class=\"has-text-align-center\">ou<\/p>\n\n\n\n<p>31. Un grade universitaire reconnu de trois ans (premier cycle) plus une qualification de Sp\u00e9cialiste acquise en trois parties et qui s\u2019ajoute au grade universitaire et \u00e0 la formation de base professionnelle, plus deux pleins cours universitaires additionnels reconnus (moyenne d\u2019au moins B) plus une deuxi\u00e8me qualification de Sp\u00e9cialiste et qui s\u2019ajoute au grade et \u00e0 la formation de base professionnelle et aux deux pleins cours additionnels.<\/p>\n\n\n\n<p class=\"has-text-align-center\">ou<\/p>\n\n\n\n<p>32. Un grade universitaire reconnu de premier cycle conforme aux exigences de l\u2019Accr\u00e9ditation du Baccalaur\u00e9at Avanc\u00e9e (ABA)ou l\u2019Accr\u00e9ditation Acad\u00e9mique Avanc\u00e9e (AAA) plus les qualifications de base additionnelles dans chacune des divisions (primaire, moyen, interm\u00e9diaire et sup\u00e9rieur) en \u00c9ducation g\u00e9n\u00e9rale.<\/p>\n\n\n\n<p class=\"has-text-align-center\">ou<\/p>\n\n\n\n<p>33. La Cat\u00e9gorie A3 \u00e0 laquelle s\u2019ajoute UN des \u00e9l\u00e9ments suivants :<br>a. Cinq (5) pleins cours universitaires additionnels reconnus (moyenne d\u2019au moins B).<br>b. Cinq (5) cours de qualifications additionnelles, ou des cours \u00e9quivalents reconnus.<br>c. Un total de cinq (5) cours choisis parmi (a) et (b).<br>d. Le dipl\u00f4me de musique ARCT ou ATCM ou son \u00e9quivalent reconnu.<br>e. Un dipl\u00f4me de \u2018l\u2019Institute of Child Study\u2019.<br>f. Un dipl\u00f4me de trois ans d\u2019un CAAT, excluant le grade universitaire et toute autre exigence ant\u00e9rieure pour la cat\u00e9gorie.<br>g. Un grade de ma\u00eetrise (2e cycle) reconnu et termin\u00e9 avec succ\u00e8s, en plus de la formation de base professionnelle.<\/p>\n\n\n\n<p class=\"has-text-align-center\">ou<\/p>\n\n\n\n<p>34. La Cat\u00e9gorie A2 plus un grade de ma\u00eetrise (2e cycle) reconnu et termin\u00e9 avec succ\u00e8s, excluant la formation de base professionnelle, plus UN des \u00e9l\u00e9ments suivants :<br>a. Deux (2) pleins cours universitaires additionnels reconnus (moyenne d\u2019au moins B)<br>b. Deux (2) cours de qualification additionnelles, ou des cours \u00e9quivalents reconnus.<br>c. Deux pleins cours combinant (a) et (b).<\/p>\n","protected":false},"excerpt":{"rendered":"<p>Tout ce qui est cit\u00e9 dans ce tableau exige un permis d\u2019enseigner valide de l\u2019Ordre des enseignantes et des enseignants de l\u2019Ontario. Les exigences assign\u00e9es \u00e0 chaque cat\u00e9gorie s\u2019ajoutent \u00e0 une formation de base en enseignement, et \u00e0 tout autre cours n\u00e9cessaire \u00e0 un permis d\u2019enseigner d\u00e9livr\u00e9e par l\u2019Ordre des enseignantes et des enseignants de&hellip; <a class=\"more-link\" href=\"https:\/\/qeco.ca\/fr\/tableau-education-generale\/\">Poursuivre la lecture <span class=\"screen-reader-text\">Tableau \u00c9ducation g\u00e9n\u00e9rale<\/span><\/a><\/p>\n","protected":false},"author":3,"featured_media":0,"parent":0,"menu_order":0,"comment_status":"closed","ping_status":"closed","template":"","meta":{"_themeisle_gutenberg_block_has_review":false,"footnotes":""},"class_list":["post-35070","page","type-page","status-publish","hentry","entry"],"_links":{"self":[{"href":"https:\/\/qeco.ca\/fr\/wp-json\/wp\/v2\/pages\/35070","targetHints":{"allow":["GET"]}}],"collection":[{"href":"https:\/\/qeco.ca\/fr\/wp-json\/wp\/v2\/pages"}],"about":[{"href":"https:\/\/qeco.ca\/fr\/wp-json\/wp\/v2\/types\/page"}],"author":[{"embeddable":true,"href":"https:\/\/qeco.ca\/fr\/wp-json\/wp\/v2\/users\/3"}],"replies":[{"embeddable":true,"href":"https:\/\/qeco.ca\/fr\/wp-json\/wp\/v2\/comments?post=35070"}],"version-history":[{"count":2,"href":"https:\/\/qeco.ca\/fr\/wp-json\/wp\/v2\/pages\/35070\/revisions"}],"predecessor-version":[{"id":35119,"href":"https:\/\/qeco.ca\/fr\/wp-json\/wp\/v2\/pages\/35070\/revisions\/35119"}],"wp:attachment":[{"href":"https:\/\/qeco.ca\/fr\/wp-json\/wp\/v2\/media?parent=35070"}],"curies":[{"name":"wp","href":"https:\/\/api.w.org\/{rel}","templated":true}]}}