{"id":35044,"date":"2023-02-02T21:11:05","date_gmt":"2023-02-02T21:11:05","guid":{"rendered":"https:\/\/qeco.ca\/?page_id=35044"},"modified":"2023-02-07T22:19:18","modified_gmt":"2023-02-07T22:19:18","slug":"tableau-education-technologique","status":"publish","type":"page","link":"https:\/\/qeco.ca\/fr\/tableau-education-technologique\/","title":{"rendered":"Tableau \u00c9ducation technologique"},"content":{"rendered":"\n<p><strong>REMARQUE :<\/strong> Pour fins d\u2019\u00e9valuation, toutes les qualifications additionnelles et les qualifications de base additionnelles cit\u00e9es sur ce tableau doivent \u00eatre inscrites sur le Certificat de qualification et d\u2019inscription de l\u2019Ordre des enseignantes et des enseignants de l\u2019Ontario.<\/p>\n\n\n\n<p>Pour la d\u00e9finition des <strong>cours reconnus<\/strong>, voir les <a href=\"#remarques\" data-type=\"internal\" data-id=\"#remarques-\u00c9ducation-technologique\">Remarques touchant le tableau des \u00c9tudes technologiques<\/a>.<\/p>\n\n\n\n<p class=\"has-text-align-center\"><strong><span style=\"text-decoration: underline;\">La Cat\u00e9gorie A1<\/span><\/strong><\/p>\n\n\n\n<p>A. Un permis d\u2019enseigner valide de l\u2019Ordre des enseignantes et des enseignants de l\u2019Ontario, avec au moins une qualification de base en<br>\u00e9ducation technologique.<\/p>\n\n\n\n<p class=\"has-text-align-center\"><span style=\"text-decoration: underline;\"><strong>La Cat\u00e9gorie A2<\/strong><\/span><\/p>\n\n\n\n<p>Une qualification de base en \u00e9ducation technologique inscrite sur un permis d\u2019enseigner valide de l\u2019Ordre des enseignantes et des enseignants de l\u2019Ontario, plus UN des \u00e9l\u00e9ments suivants :<\/p>\n\n\n\n<p>B. Trois (3) cours reconnus.<br>C. Trois (3) pleins cours universitaires additionnels reconnus.<br>D. Trois (3) cours de qualification additionnelles, ou des cours \u00e9quivalents reconnus.<br>E. Trois cours combinant (B), (C) et (D).<br>F. Un Certificat de qualification \u00e9mis par le minist\u00e8re de la Formation, des Coll\u00e8ges et des Universit\u00e9s avec Sceau rouge.<\/p>\n\n\n\n<p class=\"has-text-align-center\"><strong><span style=\"text-decoration: underline;\">La Cat\u00e9gorie A3<\/span><\/strong><\/p>\n\n\n\n<p>G. Une inscription de baccalaur\u00e9at en \u00e9ducation sur le certificat de qualification et d\u2019inscription de l\u2019Ordre des enseignantes et des enseignants de l\u2019Ontario.<\/p>\n\n\n\n<p class=\"has-text-align-center\">ou<\/p>\n\n\n\n<p>H. La Cat\u00e9gorie A2, plus un des \u00e9l\u00e9ments suivants :<\/p>\n\n\n\n<ol class=\"wp-block-list\">\n<li>Trois (3) pleins cours reconnus.<\/li>\n\n\n\n<li>Trois (3) pleins cours universitaires additionnels reconnus.<\/li>\n\n\n\n<li>Trois (3) cours de qualification additionnelles, ou des cours \u00e9quivalents reconnus.<\/li>\n\n\n\n<li>Trois (3) cours combinant (1), (2) et (3).<\/li>\n\n\n\n<li>Un Certificat de qualification \u00e9mis par le minist\u00e8re de la Formation, des Coll\u00e8ges et des Universit\u00e9s avec Sceau rouge.<\/li>\n<\/ol>\n\n\n\n<p class=\"has-text-align-center\">ou<\/p>\n\n\n\n<p class=\"has-text-align-left\">I. Une qualification de base en \u00e9ducation technologique inscrite sur un permis d\u2019enseigner valide de l\u2019Ordre des enseignantes et des enseignants de l\u2019Ontario, plus un titre professionnel reconnu.<\/p>\n\n\n\n<p class=\"has-text-align-center\"><strong><span style=\"text-decoration: underline;\">La Cat\u00e9gorie A4<\/span><\/strong><\/p>\n\n\n\n<p>J. La Cat\u00e9gorie A3 (G), (H) ou (I) ci-haut, plus UN des \u00e9l\u00e9ments suivants :<\/p>\n\n\n\n<ol class=\"wp-block-list\">\n<li>Qualification de sp\u00e9cialiste en \u00e9tudes sup\u00e9rieures en \u00e9ducation technologiques inscrite sur le Certificat de qualification et d\u2019inscription \u00e9mis par l\u2019Ordre des enseignantes et des enseignants de l\u2019Ontario.<\/li>\n\n\n\n<li>Une qualification de Sp\u00e9cialiste acquise en trois parties inscrite sur le Certificat de qualification et d\u2019inscription \u00e9mis par l\u2019Ordre des enseignantes et des enseignants de l\u2019Ontario.<\/li>\n\n\n\n<li>Ma\u00eetrise ou doctorat acceptable excluant la formation professionnelle.<\/li>\n<\/ol>\n\n\n\n<div id=\"wp-block-themeisle-blocks-accordion-c168b61b\" class=\"wp-block-themeisle-blocks-accordion exclusive\">\n<details class=\"wp-block-themeisle-blocks-accordion-item\"><summary class=\"wp-block-themeisle-blocks-accordion-item__title\"><div>Remarques touchant le tableau \u00c9ducation technologique<\/div><\/summary><div class=\"wp-block-themeisle-blocks-accordion-item__content\">\n<p id=\"remarques\">Un \u00ab cours reconnu \u00bb est un cours qui satisfait \u00e0 une des conditions suivantes :<\/p>\n\n\n\n<p><em>i. Il doit avoir \u00e9t\u00e9 accept\u00e9 par le CO\u00c9Q\/QECO suite \u00e0 la pr\u00e9sentation des crit\u00e8res du cours. (Voir <a href=\"https:\/\/qeco.ca\/fr\/reglements\/\" data-type=\"page\" data-id=\"516\">r\u00e8glement 4<\/a>).<\/em><\/p>\n\n\n\n<p><em>ii. Un plein cours doit avoir une dur\u00e9e d\u2019au moins 75 heures; un demicours, d\u2019au moins 40 heures.<\/em><\/p>\n\n\n\n<p><em>iii. Le cr\u00e9dit et la note du cours doivent \u00eatre indiqu\u00e9s sur le relev\u00e9 de l\u2019institution offrant le cours.<\/em><\/p>\n\n\n\n<p><em>iv. Le cours doit \u00eatre offert par une institution \u00e9ducationnelle reconnue et doit faire partie d\u2019un programme reconnu d\u2019\u00e9tudes menant vers un grade universitaire ou un dipl\u00f4me post-secondaire. De plus, un bulletin ou un relev\u00e9 de notes officiel doit \u00eatre soumis. (Pour \u00eatre admis, il faut au moins 12e ann\u00e9e en Ontario.)<\/em><\/p>\n\n\n\n<p><em>v. Il doit \u00eatre offert par une facult\u00e9 d\u2019\u00e9ducation ou un fournisseur reconnu de qualifications additionnelles en Ontario qui m\u00e8ne \u00e0 une inscription sur le Certificat de qualification et d\u2019inscription \u00e9mis par l\u2019Ordre des enseignantes et des enseignants de l\u2019Ontario. Voir la Loi de 1996 sur l\u2019Ordre des enseignantes et des enseignants de l\u2019Ontario, R\u00e8glement de l\u2019Ontario 176\/10, Qualifications requises pour enseigner, pour la liste des qualifications additionnelles possibles pour les membres d\u2019une attestation en \u00e9ducation technologique.<\/em><\/p>\n\n\n\n<p><em>vi. Les cours universitaires reconnus font r\u00e9f\u00e9rence \u00e0 la D\u00e9finition (r).<\/em><\/p>\n\n\n\n<p><em>vii. Des cours de 12e ann\u00e9e de l\u2019Ontario menant vers l\u2019universit\u00e9 ou le coll\u00e8ge, des cours pr\u00e9universitaires de l\u2019Ontario et des cours de 13e ann\u00e9e de l\u2019Ontario peuvent \u00eatre consid\u00e9r\u00e9s pour un reclassement.<\/em><\/p>\n\n\n\n<p><em>viii. Un Certificat de qualification \u00e9mis par le minist\u00e8re de la Formation, des Coll\u00e8ges et des Universit\u00e9s avec Sceau rouge (un programme de normes interprovinciales) sera l\u2019\u00e9quivalent de trois cours reconnus. Tout seul, un Certificat d\u2019apprentissage \u00e9mis par le minist\u00e8re de la Formation, des Coll\u00e8ges et des Universit\u00e9s est l\u2019\u00e9quivalent d\u2019un (1) plein cours reconnu et un Certificat de qualification \u00e9mis par le minist\u00e8re de la Formation, des Coll\u00e8ges et des Universit\u00e9s est l\u2019\u00e9quivalent d\u2019un (1) plein cours reconnu.<\/em><\/p>\n\n\n\n<p><em>ix. Une Licence de technicien d\u2019entretien d\u2019a\u00e9ronefs \u00e9mise par Transports Canada est l\u2019\u00e9quivalent de trois (3) pleins cours reconnus.<\/em><\/p>\n\n\n\n<p>Les qualifications de base additionnelles en \u00e9ducation technologique peuvent \u00eatre consid\u00e9r\u00e9es \u00e0 titre de cours acceptables aux fins des cat\u00e9gories A2, A3 et A4. Toutefois, lorsqu\u2019un tel cours est utilis\u00e9 pour satisfaire aux exigences d\u2019admission au cours de Sp\u00e9cialiste en \u00e9ducation technologiques sup\u00e9rieures, ce cours doit \u00eatre remplac\u00e9 par un cours \u00e9quivalent avant d\u2019utiliser la qualification de Sp\u00e9cialiste en \u00e9ducation technologiques sup\u00e9rieures aux fins des cat\u00e9gories A4. Voir la Loi de 1996 sur l\u2019Ordre des enseignantes et des enseignants de l\u2019Ontario, R\u00e8glement de l\u2019Ontario 176\/10 Qualifications requises pour enseigner, Partie 40 (4) (b) (i), (ii) et (iii).<\/p>\n\n\n\n<p>Les titres professionnels reconnus qui s\u2019appliquent \u00e0 ce tableau sont : RCA (Associate of the Royal Canadian Academy of Arts) et P.Eng. (Professional Engineer).<\/p>\n<\/div><\/details>\n<\/div>\n","protected":false},"excerpt":{"rendered":"<p>REMARQUE : Pour fins d\u2019\u00e9valuation, toutes les qualifications additionnelles et les qualifications de base additionnelles cit\u00e9es sur ce tableau doivent \u00eatre inscrites sur le Certificat de qualification et d\u2019inscription de l\u2019Ordre des enseignantes et des enseignants de l\u2019Ontario. Pour la d\u00e9finition des cours reconnus, voir les Remarques touchant le tableau des \u00c9tudes technologiques. La Cat\u00e9gorie&hellip; <a class=\"more-link\" href=\"https:\/\/qeco.ca\/fr\/tableau-education-technologique\/\">Poursuivre la lecture <span class=\"screen-reader-text\">Tableau \u00c9ducation technologique<\/span><\/a><\/p>\n","protected":false},"author":1,"featured_media":0,"parent":0,"menu_order":0,"comment_status":"closed","ping_status":"closed","template":"","meta":{"_themeisle_gutenberg_block_has_review":false,"footnotes":""},"class_list":["post-35044","page","type-page","status-publish","hentry","entry"],"_links":{"self":[{"href":"https:\/\/qeco.ca\/fr\/wp-json\/wp\/v2\/pages\/35044","targetHints":{"allow":["GET"]}}],"collection":[{"href":"https:\/\/qeco.ca\/fr\/wp-json\/wp\/v2\/pages"}],"about":[{"href":"https:\/\/qeco.ca\/fr\/wp-json\/wp\/v2\/types\/page"}],"author":[{"embeddable":true,"href":"https:\/\/qeco.ca\/fr\/wp-json\/wp\/v2\/users\/1"}],"replies":[{"embeddable":true,"href":"https:\/\/qeco.ca\/fr\/wp-json\/wp\/v2\/comments?post=35044"}],"version-history":[{"count":10,"href":"https:\/\/qeco.ca\/fr\/wp-json\/wp\/v2\/pages\/35044\/revisions"}],"predecessor-version":[{"id":35125,"href":"https:\/\/qeco.ca\/fr\/wp-json\/wp\/v2\/pages\/35044\/revisions\/35125"}],"wp:attachment":[{"href":"https:\/\/qeco.ca\/fr\/wp-json\/wp\/v2\/media?parent=35044"}],"curies":[{"name":"wp","href":"https:\/\/api.w.org\/{rel}","templated":true}]}}