{"id":29424,"date":"2022-03-22T15:37:40","date_gmt":"2022-03-22T15:37:40","guid":{"rendered":"https:\/\/qeco.ca\/?page_id=29424"},"modified":"2022-10-28T19:20:10","modified_gmt":"2022-10-28T19:20:10","slug":"que-peut-faire-le-coeq-qeco","status":"publish","type":"page","link":"https:\/\/qeco.ca\/fr\/que-peut-faire-le-coeq-qeco\/","title":{"rendered":"Que peut faire le CO\u00c9Q?"},"content":{"rendered":"\n<p>Le CO\u00c9Q travaille pour les enseignantes et les enseignants. Son personnel est d\u00e9termin\u00e9 \u00e0 offrir le meilleur service possible aux enseignantes et enseignants de l\u2019Ontario.<\/p>\n\n\n\n<p>Voici une liste des services les plus courants que le CO\u00c9Q offre au personnel enseignant. Les enseignantes et les enseignants doivent <a href=\"https:\/\/applications.qeco.on.ca\/\">pr\u00e9senter une demande en ligne<\/a> pour recevoir ces services. Ils doivent \u00e9galement satisfaire \u00e0 tous les <a href=\"https:\/\/qeco.ca\/eligibility\">crit\u00e8res d\u2019admissibilit\u00e9<\/a>.<\/p>\n\n\n\n<p>Il convient cependant de noter qu\u2019il ne s\u2019agit pas d\u2019une liste exhaustive. Elle n\u2019est compos\u00e9e que des questions les plus fr\u00e9quentes que le CO\u00c9Q re\u00e7oit de la part des enseignantes et enseignants. Ces derniers peuvent pr\u00e9senter une demande pour tout autre service qui n\u2019est pas mentionn\u00e9 ici.<\/p>\n\n\n\n<p>En outre, ils peuvent toujours <a href=\"https:\/\/qeco.ca\/fr\/contact\/\">communiquer avec le CO\u00c9Q<\/a> s\u2019ils ont des questions.<\/p>\n\n\n\n<div id=\"wp-block-themeisle-blocks-accordion-75c4c4a6\" class=\"wp-block-themeisle-blocks-accordion\">\n<details class=\"wp-block-themeisle-blocks-accordion-item\"><summary class=\"wp-block-themeisle-blocks-accordion-item__title\"><div>Premi\u00e8re demande\u00a0\u2013\u00a0\u00c9valuations initiales<\/div><\/summary><div class=\"wp-block-themeisle-blocks-accordion-item__content\">\n<p>Les enseignantes et enseignants qui n\u2019ont pas encore fait l\u2019objet d\u2019une telle \u00e9valuation sont invit\u00e9s \u00e0 en faire la demande le plus t\u00f4t possible pour recevoir leur placement initial dans une cat\u00e9gorie donn\u00e9e et obtenir des conseils sur le rehaussement de cat\u00e9gorie. Cette liste inclue, entre autres&nbsp;:<\/p>\n\n\n\n<ul class=\"wp-block-list\"><li>Les enseignantes et enseignants nouvellement certifi\u00e9s par l\u2019Ordre des enseignantes et enseignants de l\u2019Ontario, y compris les titulaires d\u2019un certificat provisoire ou transitoire de qualification et d\u2019inscription.<\/li><li>Les enseignantes et enseignants \u00e9valu\u00e9s avant le 11&nbsp;mai&nbsp;2020 par la F\u00e9d\u00e9ration des enseignantes-enseignants des \u00e9coles secondaires de l\u2019Ontario.<\/li><li>Les enseignantes et enseignants dont le programme de formation en enseignement a \u00e9t\u00e9 suivi \u00e0 l\u2019\u00e9tranger (enseignantes ou enseignants form\u00e9s \u00e0 l\u2019\u00e9tranger).<\/li><li>Les enseignantes et enseignants certifi\u00e9s par l\u2019Ordre des enseignantes et enseignants de l\u2019Ontario qui autrement n\u2019ont jamais demand\u00e9 une premi\u00e8re \u00e9valuation par le CO\u00c9Q.<\/li><\/ul>\n\n\n\n<p>Lorsque l\u2019\u00e9valuation initiale est termin\u00e9e, l\u2019enseignante ou l\u2019enseignant re\u00e7oit une <strong>attestation d\u2019\u00e9valuation<\/strong> et une <strong>lettre d\u2019attestation<\/strong>. Ces documents peuvent \u00eatre t\u00e9l\u00e9charg\u00e9s et fournis \u00e0 l\u2019employeur de l\u2019enseignante ou de l\u2019enseignant pour mettre \u00e0 jour sa cat\u00e9gorie salariale. <strong>Il incombe \u00e0 l\u2019enseignante ou \u00e0 l\u2019enseignant de remettre son attestation et sa lettre d&rsquo;attestation au conseil scolaire concern\u00e9.<\/strong><\/p>\n\n\n\n<p>Si la personne n\u2019obtient pas imm\u00e9diatement le placement dans la cat\u00e9gorie\u00a0A4, elle recevra \u00e9galement une <strong>lettre de rehaussement de cat\u00e9gorie<\/strong>. Cette lettre contient des conseils adapt\u00e9s \u00e0 l\u2019enseignante ou \u00e0 l\u2019enseignant en ce qui a trait au rehaussement de cat\u00e9gorie et ne concerne que cette personne. Le CO\u00c9Q donne toujours des conseils sur le rehaussement de cat\u00e9gorie \u00e0 une enseignante ou un enseignant qui ne re\u00e7oit pas un placement dans la cat\u00e9gorie\u00a0A4.<\/p>\n<\/div><\/details>\n<\/div>\n\n\n\n<div id=\"wp-block-themeisle-blocks-accordion-dfabaf4b\" class=\"wp-block-themeisle-blocks-accordion\">\n<details class=\"wp-block-themeisle-blocks-accordion-item\"><summary class=\"wp-block-themeisle-blocks-accordion-item__title\"><div>Changements de cat\u00e9gorie et conseils en mati\u00e8re de rehaussement<\/div><\/summary><div class=\"wp-block-themeisle-blocks-accordion-item__content\">\n<p>Si une enseignante ou un enseignant a rempli l\u2019une des exigences d\u00e9crites dans sa lettre de rehaussement de cat\u00e9gorie et que cette personne cherche \u00e0 obtenir un tel rehaussement, elle doit en faire la demande au CO\u00c9Q. Les enseignantes et les enseignants doivent pr\u00e9senter une telle demande au CO\u00c9Q chaque fois qu\u2019ils veulent \u00eatre pris en consid\u00e9ration pour un rehaussement de cat\u00e9gorie.<\/p>\n\n\n\n<p>Lorsque l\u2019\u00e9valuation est termin\u00e9e et que la personne obtient un rehaussement de cat\u00e9gorie, une nouvelle attestation d\u2019\u00e9valuation et une nouvelle lettre d&rsquo;attestation sont fournies. Ces documents refl\u00e8tent le placement dans la nouvelle cat\u00e9gorie. <strong>Il incombe \u00e0 l\u2019enseignante ou \u00e0 l\u2019enseignant de remettre son attestation et sa lettre d&rsquo;attestation au conseil scolaire concern\u00e9.<\/strong><\/p>\n\n\n\n<p>Si l\u2019enseignante ou l\u2019enseignant n\u2019est pas class\u00e9 dans la cat\u00e9gorie\u00a0A4, ou s\u2019il n\u2019obtient pas autrement un rehaussement de cat\u00e9gorie, il recevra \u00e9galement une <strong>lettre de rehaussement de cat\u00e9gorie<\/strong> ou une <strong>lettre de confirmation<\/strong>. Cette lettre contient des conseils adapt\u00e9s \u00e0 l\u2019enseignante ou \u00e0 l\u2019enseignant en ce qui a trait au rehaussement de cat\u00e9gorie et ne concerne que cette personne. Le CO\u00c9Q donne toujours des conseils sur le rehaussement de cat\u00e9gorie \u00e0 une enseignante ou un enseignant qui ne re\u00e7oit pas un placement dans la cat\u00e9gorie\u00a0A4.<\/p>\n\n\n\n<p>Une enseignante ou un enseignant peut \u00e9galement demander des conseils en mati\u00e8re de rehaussement en tout temps, que la personne soit admissible ou non \u00e0 un rehaussement de cat\u00e9gorie. Les enseignantes et les enseignants sont encourag\u00e9s \u00e0 pr\u00e9senter une demande au QECO pour une \u00e9valuation au moins une fois par ann\u00e9e afin de s\u2019assurer qu\u2019ils sont sur la voie la plus rapide vers le placement dans la cat\u00e9gorie\u00a0A4. Ils peuvent \u00e9galement poser des questions pr\u00e9cises et obtenir des conseils personnalis\u00e9s en ce sens (p.\u00a0ex. si une enseignante ou un enseignant suit des \u00e9tudes de ma\u00eetrise en dehors de sa formation de base en enseignement, ou si cette personne veut savoir comment des qualifications additionnelles ou des qualifications additionnelles de base peuvent influer sur son classement dans la cat\u00e9gorie, et ainsi de suite).<\/p>\n\n\n\n<p>Les conseils de rehaussement de cat\u00e9gorie fournis par le CO\u00c9Q ne concernent que la fa\u00e7on d\u2019atteindre la cat\u00e9gorie suivante \u00e0 partir de la cat\u00e9gorie actuelle de l\u2019enseignante ou de l\u2019enseignant. Par exemple, si une enseignante ou un enseignant est class\u00e9 dans la cat\u00e9gorie\u00a0A1, le CO\u00c9Q ne peut donner des conseils de rehaussement que sur la fa\u00e7on d\u2019atteindre la cat\u00e9gorie\u00a0A2. Le personnel charg\u00e9 de l\u2019\u00e9valuation du CO\u00c9Q ne peut pas d\u00e9crire un cheminement vers la cat\u00e9gorie\u00a0A4 \u00e0 moins qu\u2019une enseignante ou un enseignant ne soit d\u00e9j\u00e0 dans la cat\u00e9gorie\u00a0A3, car les conseils de rehaussement d\u00e9pendront de la fa\u00e7on dont cette personne a atteint la cat\u00e9gorie\u00a0A3. Les enseignantes et les enseignants qui souhaitent avoir un aper\u00e7u de la fa\u00e7on d\u2019atteindre la cat\u00e9gorie\u00a0A4 \u00e0 partir de leur situation actuelle peuvent consulter les <a href=\"https:\/\/qeco.ca\/fr\/les-tableaux\/\">tableaux d\u2019\u00e9valuation du CO\u00c9Q<\/a>.<\/p>\n<\/div><\/details>\n<\/div>\n\n\n\n<div id=\"wp-block-themeisle-blocks-accordion-0885d279\" class=\"wp-block-themeisle-blocks-accordion\">\n<details class=\"wp-block-themeisle-blocks-accordion-item\"><summary class=\"wp-block-themeisle-blocks-accordion-item__title\"><div>Copies d\u2019attestations d\u2019\u00e9valuation<\/div><\/summary><div class=\"wp-block-themeisle-blocks-accordion-item__content\">\n<p>Toutes les attestations d\u2019\u00e9valuation du CO\u00c9Q sont fournies en format \u00e9lectronique. Les enseignantes et les enseignants peuvent ouvrir une session sur le site apps<a href=\"https:\/\/applications.qeco.on.ca\/\">.qeco.ca<\/a> et effectuer une recherche dans leur demande la plus r\u00e9cente, \u00e0 l\u2019onglet des lettres, pour trouver toutes les lettres du CO\u00c9Q produites pour ladite demande.<\/p>\n\n\n\n<figure class=\"wp-block-image size-full\"><img loading=\"lazy\" decoding=\"async\" width=\"707\" height=\"332\" src=\"https:\/\/qeco.ca\/wp-content\/uploads\/2022\/03\/documentes.png\" alt=\"Exemple de saisie d\u2019\u00e9cran de la page Web \u00ab\u00a0Applications\u00a0\u00bb du QECO montrant l\u2019onglet des lettres. Les entr\u00e9es de lettre d'attestation et d\u2019attestation d\u2019\u00e9valuation sont mises en surbrillance.\" class=\"wp-image-29432\" srcset=\"https:\/\/qeco.ca\/wp-content\/uploads\/2022\/03\/documentes.png 707w, https:\/\/qeco.ca\/wp-content\/uploads\/2022\/03\/documentes-300x141.png 300w\" sizes=\"auto, (max-width: 707px) 100vw, 707px\" \/><\/figure>\n\n\n\n<p>Les enseignantes et les enseignants qui ne trouvent pas leurs lettres de cette fa\u00e7on (p.\u00a0ex. ceux dont la derni\u00e8re \u00e9valuation ou cat\u00e9gorie a \u00e9t\u00e9 mise \u00e0 niveau avant septembre\u00a02018) doivent pr\u00e9senter une demande au CO\u00c9Q et demander une copie de l\u2019attestation d\u2019\u00e9valuation. Ensuite, le CO\u00c9Q produira une nouvelle attestation d\u2019\u00e9valuation et une lettre d&rsquo;attestation pour l\u2019enseignante ou l\u2019enseignant, en plus de fournira des conseils sur le rehaussement de cat\u00e9gorie, le cas \u00e9ch\u00e9ant.<\/p>\n<\/div><\/details>\n<\/div>\n\n\n\n<div id=\"wp-block-themeisle-blocks-accordion-84f7b150\" class=\"wp-block-themeisle-blocks-accordion\">\n<details class=\"wp-block-themeisle-blocks-accordion-item\"><summary class=\"wp-block-themeisle-blocks-accordion-item__title\"><div>Changements de nom<\/div><\/summary><div class=\"wp-block-themeisle-blocks-accordion-item__content\">\n<p>Selon la politique du CO\u00c9Q, le nom d\u2019une enseignante ou d\u2019un enseignant inscrit au dossier du CO\u00c9Q doit correspondre au nom inscrit au dossier de l\u2019Ordre des enseignantes et enseignants de l\u2019Ontario. Les enseignantes ou les enseignants qui souhaitent faire changer leur nom dans le syst\u00e8me du CO\u00c9Q ou obtenir une copie de l\u2019attestation d\u00e9livr\u00e9e avec leur nouveau nom doivent d\u2019abord effectuer un changement de nom aupr\u00e8s de l\u2019Ordre. Une fois que le nom a \u00e9t\u00e9 chang\u00e9 et que le nouveau nom appara\u00eet sur le certificat de qualification et d\u2019inscription de l\u2019Ordre (visible sur le registre public \u00e0 oct.ca), l\u2019enseignante ou l\u2019enseignant peut ouvrir une session dans apps.qeco.ca et pr\u00e9senter une nouvelle demande de changement de nom.<\/p>\n<\/div><\/details>\n<\/div>\n\n\n\n<div id=\"wp-block-themeisle-blocks-accordion-50be83ff\" class=\"wp-block-themeisle-blocks-accordion\">\n<details class=\"wp-block-themeisle-blocks-accordion-item\"><summary class=\"wp-block-themeisle-blocks-accordion-item__title\"><div>Demandes de renseignements \u00e9crites officielles<\/div><\/summary><div class=\"wp-block-themeisle-blocks-accordion-item__content\">\n<p>Pour toute autre demande officielle soumise par \u00e9crit&nbsp;:<\/p>\n\n\n\n<ul class=\"wp-block-list\"><li>Lettres concernant une allocation pour dipl\u00f4me d\u2019\u00e9tudes sup\u00e9rieures ou une autre allocation sp\u00e9ciale.<\/li><li>Lettres concernant la r\u00e9mun\u00e9ration r\u00e9troactive.<\/li><li>Toute autre lettre exig\u00e9e par un conseil scolaire ou une autre entit\u00e9.<\/li><\/ul>\n\n\n\n<p>L\u2019enseignante ou l\u2019enseignant doit pr\u00e9senter une demande et apporter des pr\u00e9cisions \u00e0 ce sujet \u00e0 la derni\u00e8re page du formulaire de demande.<\/p>\n\n\n\n<p>Il convient de noter que le CO\u00c9Q ne donne pas de renseignements sur la fa\u00e7on dont une enseignante ou un enseignant peut demander des allocations sp\u00e9ciales, une r\u00e9mun\u00e9ration r\u00e9troactive, etc. Il n\u2019a pas non plus de pouvoir en la mati\u00e8re. Ces questions doivent \u00eatre trait\u00e9es par l\u2019employeur et son personnel enseignant, en fonction de la convention collective. Toutefois, les conseils scolaires peuvent demander des documents \u00e9crits \u00e0 l\u2019enseignante ou \u00e0 l\u2019enseignant que le CO\u00c9Q est en mesure de fournir.<\/p>\n\n\n\n<p>Dans ces cas, les enseignantes et les enseignants doivent pr\u00e9senter une demande au CO\u00c9Q en expliquant pr\u00e9cis\u00e9ment quels documents sont requis. Si le CO\u00c9Q peut aider, les documents seront mis \u00e0 la disposition de la personne qui en fait la demande dans son compte \u00e0 l\u2019adresse <a href=\"https:\/\/applications.qeco.on.ca\/\">apps.qeco.ca<\/a>. Cette personne est responsable de fournir ces documents \u00e0 son employeur (ou \u00e0 l\u2019entit\u00e9 qui en fait la demande).<\/p>\n<\/div><\/details>\n<\/div>\n\n\n\n<div id=\"wp-block-themeisle-blocks-accordion-75764813\" class=\"wp-block-themeisle-blocks-accordion\">\n<details class=\"wp-block-themeisle-blocks-accordion-item\"><summary class=\"wp-block-themeisle-blocks-accordion-item__title\"><div>Ce que le CO\u00c9Q ne fait pas<\/div><\/summary><div class=\"wp-block-themeisle-blocks-accordion-item__content\">\n<ul class=\"wp-block-list\"><li>Le CO\u00c9Q ne communique qu\u2019avec l\u2019enseignante ou l\u2019enseignant.<\/li><li>Le CO\u00c9Q n\u2019accorde ni n\u2019administre les qualifications. Le CO\u00c9Q n\u2019\u00e9value que les qualifications qu\u2019une enseignante ou un enseignant d\u00e9tient d\u00e9j\u00e0.<\/li><li>Le CO\u00c9Q ne met pas \u00e0 jour la cat\u00e9gorie salariale d\u2019une enseignante ou d\u2019un enseignant, \u00e0 moins que la personne ne demande une \u00e9valuation. Les rehaussements de cat\u00e9gorie ne sont pas \u00ab\u00a0automatiques\u00a0\u00bb. Les enseignantes et les enseignants doivent pr\u00e9senter une telle demande au CO\u00c9Q \u00e0 chaque fois qu\u2019ils veulent \u00eatre pris en consid\u00e9ration pour un rehaussement de cat\u00e9gorie.<\/li><li>Le CO\u00c9Q ne communique pas avec un conseil scolaire au nom de l\u2019enseignante ou de l\u2019enseignant\u00a0:<ul><li>Il incombe aux enseignantes et enseignants de fournir des attestations d\u2019\u00e9valuation \u00e0 leur conseil scolaire pour s\u2019assurer que celui-ci leur verse le salaire appropri\u00e9.<\/li><li>Une enseignante ou un enseignant doit pr\u00e9senter une demande par \u00e9crit au CO\u00c9Q pour obtenir tout renseignement que son conseil exige par \u00e9crit du CO\u00c9Q . Une fois que le CO\u00c9Q\/CO\u00c9Q fournit ce renseignement \u00e0 l\u2019enseignante ou \u00e0 l\u2019enseignant, il incombe \u00e0 ce dernier de le fournir \u00e0 son conseil scolaire.<\/li><\/ul><\/li><li>Le CO\u00c9Q ne re\u00e7oit pas automatiquement de documents d\u2019un \u00e9tablissement ou d\u2019une entit\u00e9. Il incombe aux enseignantes et aux enseignants de fournir au CO\u00c9Q tous les renseignements et documents n\u00e9cessaires \u00e0 l\u2019\u00e9valuation.<\/li><li>Le CO\u00c9Q ne met pas et ne peut pas mettre \u00e0 jour le certificat de qualification et d\u2019inscription d\u00e9livr\u00e9 par l\u2019Ordre des enseignantes et enseignants de l\u2019Ontario \u00e0 une enseignante ou \u00e0 un enseignant. Les enseignantes et les enseignants doivent communiquer avec l\u2019Ordre \u00e0 ce sujet.<\/li><\/ul>\n<\/div><\/details>\n<\/div>\n","protected":false},"excerpt":{"rendered":"<p>Le CO\u00c9Q travaille pour les enseignantes et les enseignants. Son personnel est d\u00e9termin\u00e9 \u00e0 offrir le meilleur service possible aux enseignantes et enseignants de l\u2019Ontario. Voici une liste des services les plus courants que le CO\u00c9Q offre au personnel enseignant. Les enseignantes et les enseignants doivent pr\u00e9senter une demande en ligne pour recevoir ces services.&hellip; <a class=\"more-link\" href=\"https:\/\/qeco.ca\/fr\/que-peut-faire-le-coeq-qeco\/\">Poursuivre la lecture <span class=\"screen-reader-text\">Que peut faire le CO\u00c9Q?<\/span><\/a><\/p>\n","protected":false},"author":3,"featured_media":0,"parent":0,"menu_order":0,"comment_status":"closed","ping_status":"closed","template":"","meta":{"_themeisle_gutenberg_block_has_review":false,"footnotes":""},"class_list":["post-29424","page","type-page","status-publish","hentry","entry"],"_links":{"self":[{"href":"https:\/\/qeco.ca\/fr\/wp-json\/wp\/v2\/pages\/29424","targetHints":{"allow":["GET"]}}],"collection":[{"href":"https:\/\/qeco.ca\/fr\/wp-json\/wp\/v2\/pages"}],"about":[{"href":"https:\/\/qeco.ca\/fr\/wp-json\/wp\/v2\/types\/page"}],"author":[{"embeddable":true,"href":"https:\/\/qeco.ca\/fr\/wp-json\/wp\/v2\/users\/3"}],"replies":[{"embeddable":true,"href":"https:\/\/qeco.ca\/fr\/wp-json\/wp\/v2\/comments?post=29424"}],"version-history":[{"count":4,"href":"https:\/\/qeco.ca\/fr\/wp-json\/wp\/v2\/pages\/29424\/revisions"}],"predecessor-version":[{"id":33765,"href":"https:\/\/qeco.ca\/fr\/wp-json\/wp\/v2\/pages\/29424\/revisions\/33765"}],"wp:attachment":[{"href":"https:\/\/qeco.ca\/fr\/wp-json\/wp\/v2\/media?parent=29424"}],"curies":[{"name":"wp","href":"https:\/\/api.w.org\/{rel}","templated":true}]}}