{"id":29194,"date":"2022-03-01T18:24:23","date_gmt":"2022-03-01T18:24:23","guid":{"rendered":"https:\/\/qeco.ca\/?page_id=29194"},"modified":"2025-10-01T20:41:07","modified_gmt":"2025-10-01T20:41:07","slug":"criteres-dadmissibilite","status":"publish","type":"page","link":"https:\/\/qeco.ca\/fr\/criteres-dadmissibilite\/","title":{"rendered":"Crit\u00e8res d\u2019admissibilit\u00e9"},"content":{"rendered":"\n<p>Cette page explique les exigences pour \u00eatre admissible \u00e0 une \u00e9valuation du CO\u00c9Q. Les enseignantes et enseignants qui n\u2019ont pas encore fait l\u2019objet d\u2019une telle \u00e9valuation sont invit\u00e9s \u00e0 en faire la demande le plus t\u00f4t possible pour recevoir leur placement initial dans une cat\u00e9gorie donn\u00e9e et obtenir des conseils personnalis\u00e9s sur le rehaussement de cat\u00e9gorie. Ces cat\u00e9gories comprennent notamment les suivantes&nbsp;:<\/p>\n\n\n\n<ul class=\"wp-block-list\">\n<li>Les enseignantes et enseignants nouvellement certifi\u00e9s par l\u2019Ordre des enseignantes et enseignants de l\u2019Ontario, y compris les titulaires d\u2019un certificat transitoire de qualification et d\u2019inscription.<\/li>\n\n\n\n<li>Les enseignantes et enseignants \u00e9valu\u00e9s avant le 11&nbsp;mai&nbsp;2020 par la F\u00e9d\u00e9ration des enseignantes-enseignants des \u00e9coles secondaires de l\u2019Ontario.<\/li>\n\n\n\n<li>Les enseignantes et enseignants dont le programme de formation en enseignement a \u00e9t\u00e9 suivi \u00e0 l\u2019\u00e9tranger (enseignantes ou enseignants form\u00e9s \u00e0 l\u2019\u00e9tranger).<\/li>\n\n\n\n<li>Les enseignantes et enseignants certifi\u00e9s par l\u2019Ordre des enseignantes et enseignants de l\u2019Ontario qui autrement n\u2019ont jamais demand\u00e9 une premi\u00e8re \u00e9valuation par le CO\u00c9Q.<\/li>\n<\/ul>\n\n\n\n<p>Les enseignantes et enseignants ne peuvent avoir qu\u2019une seule demande en cours de traitement \u00e0 la fois. Toutefois, tant et aussi longtemps que la personne est admissible \u00e0 une \u00e9valuation du CO\u00c9Q, elle peut pr\u00e9senter une demande aussi souvent qu\u2019elle le souhaite. Les enseignantes et enseignants sont par ailleurs encourag\u00e9s \u00e0 poser leur candidature au moins une fois par ann\u00e9e jusqu\u2019\u00e0 ce qu\u2019ils re\u00e7oivent un placement dans la cat\u00e9gorie&nbsp;A4.<\/p>\n\n\n\n<div id=\"wp-block-themeisle-blocks-accordion-0e4ba98b\" class=\"wp-block-themeisle-blocks-accordion exclusive\">\n<details class=\"wp-block-themeisle-blocks-accordion-item\"><summary class=\"wp-block-themeisle-blocks-accordion-item__title\"><div>Exigences g\u00e9n\u00e9rales<\/div><\/summary><div class=\"wp-block-themeisle-blocks-accordion-item__content\">\n<p>Pour \u00eatre admissible aux services du CO\u00c9Q, une enseignante ou un enseignant doit \u00eatre titulaire d\u2019un certificat de qualification et d\u2019inscription valide de l\u2019Ordre des enseignantes et des enseignants de l\u2019Ontario. Ce certificat doit \u00eatre accessible dans le registre public de l\u2019Ordre, et le statut professionnel aupr\u00e8s de l\u2019Ordre doit \u00eatre en r\u00e8gle.<\/p>\n\n\n\n<p>L\u2019enseignante ou l\u2019enseignant doit \u00e9galement r\u00e9pondre \u00e0 l\u2019une des exigences suivantes&nbsp;:<\/p>\n\n\n\n<ol class=\"wp-block-list\">\n<li>\u00catre actuellement membre de l\u2019une de nos filiales principales (l\u2019Association des enseignantes et des enseignants franco-ontariens, la F\u00e9d\u00e9ration des enseignantes et des enseignants de l\u2019\u00e9l\u00e9mentaire de l\u2019Ontario, l\u2019Association des enseignantes et des enseignants catholiques anglo\u2011ontariens ou la F\u00e9d\u00e9ration des enseignantes-enseignants des \u00e9coles secondaires de l\u2019Ontario).<\/li>\n\n\n\n<li>\u00catre une enseignante ou un enseignant nouvellement certifi\u00e9 d\u2019un programme de formation en enseignement financ\u00e9 par les fonds publics de l\u2019Ontario. Il doit s\u2019agir d\u2019une premi\u00e8re demande sans adh\u00e9sion \u00e0 une filiale et elle doit se produire dans les quatre (4)\u00a0mois suivant la certification.<\/li>\n<\/ol>\n\n\n\n<p>Pour en savoir plus sur l\u2019adh\u00e9sion aux filiales, <a href=\"https:\/\/qeco.ca\/fr\/qualite-de-membre-dune-filiale\/\">cliquez ici<\/a>.<\/p>\n\n\n\n<p>En plus de ce qui pr\u00e9c\u00e8de, l\u2019enseignante ou l\u2019enseignant doit avoir r\u00e9ussi tous les cours d\u00e9clar\u00e9s sur son formulaire de demande.<\/p>\n<\/div><\/details>\n<\/div>\n\n\n\n<div id=\"wp-block-themeisle-blocks-accordion-63316987\" class=\"wp-block-themeisle-blocks-accordion exclusive\">\n<details class=\"wp-block-themeisle-blocks-accordion-item\"><summary class=\"wp-block-themeisle-blocks-accordion-item__title\"><div>Enseignantes et enseignants de mati\u00e8res technologiques<\/div><\/summary><div class=\"wp-block-themeisle-blocks-accordion-item__content\">\n<p>En plus des exigences g\u00e9n\u00e9rales \u00e9num\u00e9r\u00e9es ci-dessus, une enseignante ou un enseignant doit \u00e9galement satisfaire aux exigences de l\u2019Ordre des enseignantes et enseignants de l\u2019Ontario pour enseigner des mati\u00e8res technologiques. Les exigences actuelles sont \u00e9num\u00e9r\u00e9es sur le <a href=\"https:\/\/oct.ca\/?sc_lang=fr-ca\">site Web de l\u2019Ordre<\/a>.<\/p>\n\n\n\n<p>Le CO\u00c9Q classera toujours une enseignante ou un enseignant dans la cat\u00e9gorie la plus \u00e9lev\u00e9e possible en fonction des cours que cette personne a r\u00e9ussis. Une enseignante ou un enseignant certifi\u00e9 pour enseigner une mati\u00e8re technologique sera inscrit dans l\u2019une des cat\u00e9gories \u00e0 l\u2019aide du tableau sur l\u2019\u00e9ducation technologique ou du tableau sur l\u2019\u00e9ducation g\u00e9n\u00e9rale, selon le tableau qui accorderait un placement plus \u00e9lev\u00e9 \u00e0 cette personne.<\/p>\n\n\n\n<p>De plus, les enseignantes et les enseignants ne sont pas confin\u00e9s \u00e0 un tableau d\u2019\u00e9valuation particulier. Chaque fois qu\u2019une enseignante ou un enseignant est \u00e9valu\u00e9 pour un placement par cat\u00e9gorie, le CO\u00c9Q utilise le tableau qui offre le meilleur placement pour la personne \u00e0 ce moment-l\u00e0.<\/p>\n<\/div><\/details>\n<\/div>\n\n\n\n<div id=\"wp-block-themeisle-blocks-accordion-1f731a31\" class=\"wp-block-themeisle-blocks-accordion exclusive\">\n<details class=\"wp-block-themeisle-blocks-accordion-item\"><summary class=\"wp-block-themeisle-blocks-accordion-item__title\"><div>Enseignantes et enseignants titulaires de certificats transitoires de qualification et d\u2019inscription<\/div><\/summary><div class=\"wp-block-themeisle-blocks-accordion-item__content\">\n<p>Le CO\u00c9Q accepte les demandes des enseignantes et des enseignants qui d\u00e9tiennent un certificat transitoire de qualification et d\u2019inscription de l\u2019Ordre des enseignantes et enseignants de l\u2019Ontario.<\/p>\n\n\n\n<p>En plus des exigences g\u00e9n\u00e9rales \u00e9num\u00e9r\u00e9es ci-dessus, les enseignantes et enseignants titulaires d\u2019un certificat transitoire doivent \u00e9galement tenir compte de ce qui suit\u00a0:<\/p>\n\n\n\n<ul class=\"wp-block-list\">\n<li>Une enseignante ou un enseignant titulaire d\u2019un certificat transitoire recevra la m\u00eame \u00e9valuation qu\u2019une enseignante ou un enseignant titulaire d\u2019un certificat g\u00e9n\u00e9ral.<\/li>\n\n\n\n<li>L\u2019exemption relative au d\u00e9lai de quatre mois pour l\u2019adh\u00e9sion \u00e0 une filiale s\u2019applique \u00e9galement aux enseignantes et enseignants titulaires d\u2019un certificat transitoire. La date de d\u00e9but de l\u2019exemption est la date \u00e0 laquelle la personne re\u00e7oit son premier certificat de l\u2019Ordre des enseignantes et enseignants de l\u2019Ontario. Autrement dit, la personne doit pr\u00e9senter une demande d\u00e8s qu\u2019elle est certifi\u00e9e pour la premi\u00e8re fois par l\u2019Ordre, qu\u2019elle ait un certificat transitoire ou un certificat g\u00e9n\u00e9ral, si elle souhaite se pr\u00e9valoir de cette exemption.<\/li>\n\n\n\n<li>Si l\u2019enseignante ou l\u2019enseignante n\u2019a pas termin\u00e9 son programme de formation professionnelle (c.\u2011\u00e0\u2011d. son programme de <a href=\"https:\/\/www.oct.ca\/becoming-a-teacher\/requirements\/teacher-education-program-providers?sc_lang=fr-ca\">formation en enseignement<\/a>) au moment de pr\u00e9senter une demande d\u2019\u00e9valuation, la personne doit fournir au CO\u00c9Q le plus r\u00e9cent relev\u00e9 de notes disponible pour ce programme. Les enseignantes ou enseignants doivent fournir un relev\u00e9 de notes \u00e0 jour chaque fois qu\u2019ils pr\u00e9sentent une demande d\u2019\u00e9valuation, jusqu\u2019\u00e0 ce qu\u2019ils puissent fournir un relev\u00e9 de notes indiquant que le programme est termin\u00e9 et que le dipl\u00f4me a \u00e9t\u00e9 obtenu.<\/li>\n<\/ul>\n<\/div><\/details>\n<\/div>\n\n\n\n<div id=\"wp-block-themeisle-blocks-accordion-554a0a9c\" class=\"wp-block-themeisle-blocks-accordion exclusive\">\n<details class=\"wp-block-themeisle-blocks-accordion-item\"><summary class=\"wp-block-themeisle-blocks-accordion-item__title\"><div>Enseignantes et enseignants de la F\u00e9d\u00e9ration des enseignantes-enseignants des \u00e9coles secondaires de l\u2019Ontario (FEESO)<\/div><\/summary><div class=\"wp-block-themeisle-blocks-accordion-item__content\">\n<p>\u00c0 compter du 11&nbsp;mai&nbsp;2020, les membres de la FEESO sont \u00e9valu\u00e9s \u00e0 l\u2019aide des <a href=\"https:\/\/qeco.ca\/charts\/\">tableaux du CO\u00c9Q<\/a> dans le cadre du programme&nbsp;5. Toutes les enseignantes et tous les enseignants qui pr\u00e9sentent une demande aupr\u00e8s du CO\u00c9Q, quel que soit leur statut aupr\u00e8s d\u2019une filiale, sont \u00e9valu\u00e9s \u00e0 l\u2019aide de ces tableaux.<\/p>\n\n\n\n<p>Les lignes directrices suivantes s\u2019adressent uniquement aux membres de la FEESO qui pr\u00e9sentent une demande au CO\u00c9Q pour la premi\u00e8re fois et qui ont d\u00e9j\u00e0 \u00e9t\u00e9 \u00e9valu\u00e9s \u00e0 l\u2019aide des tableaux de la FEESO&nbsp;:<\/p>\n\n\n\n<ul class=\"wp-block-list\">\n<li>Si une enseignante ou un enseignant fait d\u00e9j\u00e0 partie du groupe de certification&nbsp;4 de la FEESO, cette personne n\u2019a pas besoin de pr\u00e9senter une nouvelle demande au CO\u00c9Q, \u00e0 moins d\u2019avoir besoin d\u2019aide suppl\u00e9mentaire (p.&nbsp;ex. si la personne demande une allocation approuv\u00e9e ou un exemplaire de l\u2019attestation d\u2019\u00e9valuation, ou si elle va travailler dans un nouveau conseil scolaire).<\/li>\n\n\n\n<li>Si une enseignante ou un enseignant est \u00e9galement titulaire d\u2019une attestation du CO\u00c9Q, celle-ci demeure valide. La personne n\u2019a pas besoin de pr\u00e9senter une nouvelle demande, \u00e0 moins qu\u2019elle ne soit pas encore dans la cat\u00e9gorie&nbsp;A4 ou qu\u2019elle ait besoin d\u2019aide suppl\u00e9mentaire (p.&nbsp;ex. si la personne demande une allocation approuv\u00e9e ou une copie de l\u2019attestation d\u2019\u00e9valuation).<\/li>\n<\/ul>\n\n\n\n<p>Pour les membres de la FEESO, il n\u2019y a pas d\u2019exigences d\u2019admissibilit\u00e9 particuli\u00e8res afin d\u2019obtenir une \u00e9valuation du CO\u00c9Q. Toutefois, il convient de noter ce qui suit&nbsp;:<\/p>\n\n\n\n<ul class=\"wp-block-list\">\n<li>Le CO\u00c9Q a acc\u00e8s aux dossiers de certification de la FEESO, de sorte que les enseignantes et enseignants n\u2019ont pas \u00e0 envoyer les relev\u00e9s de notes au CO\u00c9Q, \u00e0 moins qu\u2019une \u00e9valuatrice ou un \u00e9valuateur du CO\u00c9Q ne le demande express\u00e9ment.<\/li>\n\n\n\n<li>Les placements dans les cat\u00e9gories du CO\u00c9Q sont valides pour toutes les divisions (primaire, moyen, interm\u00e9diaire et sup\u00e9rieur) des \u00e9coles publiques de l\u2019Ontario. Les enseignantes et enseignants n\u2019ont pas besoin d\u2019\u00e9valuations distinctes pour les \u00e9coles primaires et secondaires.<\/li>\n\n\n\n<li>Le CO\u00c9Q ne tient pas compte de l\u2019exp\u00e9rience de travail dans une \u00e9valuation donn\u00e9e. Cette exp\u00e9rience est une question de convention collective qui doit \u00eatre discut\u00e9e avec l\u2019employeur.<\/li>\n\n\n\n<li>Si un employeur demande une attestation de la FEESO, mais qu\u2019une enseignante ou un enseignant a une attestation plus r\u00e9cente du CO\u00c9Q, celle du CO\u00c9Q vient remplacer celle de la FEESO.<\/li>\n<\/ul>\n<\/div><\/details>\n<\/div>\n","protected":false},"excerpt":{"rendered":"<p>Cette page explique les exigences pour \u00eatre admissible \u00e0 une \u00e9valuation du CO\u00c9Q. Les enseignantes et enseignants qui n\u2019ont pas encore fait l\u2019objet d\u2019une telle \u00e9valuation sont invit\u00e9s \u00e0 en faire la demande le plus t\u00f4t possible pour recevoir leur placement initial dans une cat\u00e9gorie donn\u00e9e et obtenir des conseils personnalis\u00e9s sur le rehaussement de&hellip; <a class=\"more-link\" href=\"https:\/\/qeco.ca\/fr\/criteres-dadmissibilite\/\">Poursuivre la lecture <span class=\"screen-reader-text\">Crit\u00e8res d\u2019admissibilit\u00e9<\/span><\/a><\/p>\n","protected":false},"author":3,"featured_media":0,"parent":0,"menu_order":0,"comment_status":"closed","ping_status":"closed","template":"","meta":{"_themeisle_gutenberg_block_has_review":false,"footnotes":""},"class_list":["post-29194","page","type-page","status-publish","hentry","entry"],"_links":{"self":[{"href":"https:\/\/qeco.ca\/fr\/wp-json\/wp\/v2\/pages\/29194","targetHints":{"allow":["GET"]}}],"collection":[{"href":"https:\/\/qeco.ca\/fr\/wp-json\/wp\/v2\/pages"}],"about":[{"href":"https:\/\/qeco.ca\/fr\/wp-json\/wp\/v2\/types\/page"}],"author":[{"embeddable":true,"href":"https:\/\/qeco.ca\/fr\/wp-json\/wp\/v2\/users\/3"}],"replies":[{"embeddable":true,"href":"https:\/\/qeco.ca\/fr\/wp-json\/wp\/v2\/comments?post=29194"}],"version-history":[{"count":4,"href":"https:\/\/qeco.ca\/fr\/wp-json\/wp\/v2\/pages\/29194\/revisions"}],"predecessor-version":[{"id":36757,"href":"https:\/\/qeco.ca\/fr\/wp-json\/wp\/v2\/pages\/29194\/revisions\/36757"}],"wp:attachment":[{"href":"https:\/\/qeco.ca\/fr\/wp-json\/wp\/v2\/media?parent=29194"}],"curies":[{"name":"wp","href":"https:\/\/api.w.org\/{rel}","templated":true}]}}