{"id":29171,"date":"2022-03-01T16:58:24","date_gmt":"2022-03-01T16:58:24","guid":{"rendered":"https:\/\/qeco.ca\/?page_id=29171"},"modified":"2023-08-18T16:54:20","modified_gmt":"2023-08-18T16:54:20","slug":"comment-deposer-des-documents","status":"publish","type":"page","link":"https:\/\/qeco.ca\/fr\/comment-deposer-des-documents\/","title":{"rendered":"Comment D\u00e9poser des Documents"},"content":{"rendered":"\n<p>L\u2019enseignante ou l\u2019enseignant doit s\u2019assurer d\u2019\u00eatre d\u00e9j\u00e0 inscrit et d\u2019avoir d\u00e9j\u00e0 pr\u00e9sent\u00e9 une demande par l\u2019entremise du site <a href=\"http:\/\/apps.qeco.ca\">apps.qeco.ca<\/a> avant de d\u00e9poser des documents aupr\u00e8s du CO\u00c9Q. Toute documentation fournie au CO\u00c9Q aux fins d\u2019\u00e9valuation doit accompagner une demande en ligne pour indiquer au CO\u00c9Q qu\u2019une enseignante ou un enseignant souhaite que les nouveaux renseignements soient examin\u00e9s par le CO\u00c9Q.<\/p>\n\n\n\n<p>Lorsque les enseignantes et les enseignants d\u00e9posent des documents aupr\u00e8s du CO\u00c9Q, ils doivent indiquer leur num\u00e9ro de l\u2019Ordre des enseignantes et enseignants de l\u2019Ontario afin que leurs documents puissent \u00eatre jumel\u00e9s au bon dossier. Si une personne demande \u00e0 un \u00e9tablissement d\u2019envoyer des documents directement au CO\u00c9Q, elle doit fournir son num\u00e9ro de l\u2019Ordre \u00e0 l\u2019\u00e9tablissement et lui demander de le pr\u00e9ciser lorsqu\u2019il envoie les documents au CO\u00c9Q.<\/p>\n\n\n\n<p>\u00c0 moins que la personne responsable de l\u2019\u00e9valuation n\u2019en fasse la demande, les enseignantes et enseignants ne sont pas tenus de d\u00e9poser de nouveau les documents d\u00e9j\u00e0 fournis au CO\u00c9Q.<\/p>\n\n\n\n<p>Il incombe \u00e0 l\u2019enseignante ou \u00e0 l\u2019enseignant de fournir au CO\u00c9Q tous les documents requis pour une \u00e9valuation. Le CO\u00c9Q ne re\u00e7oit pas automatiquement de documents de l\u2019Ordre, ni de <em>World Education Services (WES)<\/em>, ni d\u2019aucun \u00e9tablissement d\u2019enseignement (universit\u00e9s, coll\u00e8ges, etc.). Le refus ou l\u2019incapacit\u00e9 de fournir tous les documents n\u00e9cessaires peut entra\u00eener le classement dans une cat\u00e9gorie inf\u00e9rieure ou la cl\u00f4ture du dossier.<\/p>\n\n\n\n<h4 class=\"wp-block-heading\" id=\"submission-methods\">M\u00e9thodes de d\u00e9p\u00f4t de documents<\/h4>\n\n\n\n<p>Voici un aper\u00e7u des diff\u00e9rentes m\u00e9thodes de d\u00e9p\u00f4t de documents accept\u00e9es par le CO\u00c9Q, ainsi que les documents accept\u00e9s par m\u00e9thode.<\/p>\n\n\n\n<p>Veuillez noter que les documents <span style=\"text-decoration: underline;\">ne peuvent pas<\/span> \u00eatre d\u00e9pos\u00e9s au moyen du formulaire de demande en ligne. Les enseignantes et les enseignants doivent d\u2019abord remplir et soumettre une demande en ligne, puis prendre des dispositions pour fournir les documents pertinents au CO\u00c9Q.<\/p>\n\n\n\n<figure class=\"wp-block-table is-style-stripes\"><table><thead><tr><th class=\"has-text-align-center\" data-align=\"center\">M\u00e9thode<\/th><th class=\"has-text-align-center\" data-align=\"center\">Relev\u00e9s de notes<\/th><th class=\"has-text-align-center\" data-align=\"center\">Tout autre document<\/th><\/tr><\/thead><tbody><tr><td class=\"has-text-align-center\" data-align=\"center\">Par le Centre de demande d\u2019admission aux universit\u00e9s de l\u2019Ontario<\/td><td class=\"has-text-align-center\" data-align=\"center\">\u25cf<\/td><td class=\"has-text-align-center\" data-align=\"center\"><br><\/td><\/tr><tr><td class=\"has-text-align-center\" data-align=\"center\">Par courriel depuis un \u00e9tablissement<\/td><td class=\"has-text-align-center\" data-align=\"center\"> \u25cf <\/td><td class=\"has-text-align-center\" data-align=\"center\"> \u25cf <\/td><\/tr><tr><td class=\"has-text-align-center\" data-align=\"center\">Par courriel de l\u2019enseignante ou de l\u2019enseignant<\/td><td class=\"has-text-align-center\" data-align=\"center\"><br><\/td><td class=\"has-text-align-center\" data-align=\"center\"> \u25cf <\/td><\/tr><tr><td class=\"has-text-align-center\" data-align=\"center\">Par l\u2019Ordre des enseignantes et enseignants de l\u2019Ontario ou le World Education Services<\/td><td class=\"has-text-align-center\" data-align=\"center\"> \u25cf <\/td><td class=\"has-text-align-center\" data-align=\"center\"> \u25cf <\/td><\/tr><tr><td class=\"has-text-align-center\" data-align=\"center\">Par la poste<\/td><td class=\"has-text-align-center\" data-align=\"center\"> \u25cf <\/td><td class=\"has-text-align-center\" data-align=\"center\"> \u25cf <\/td><\/tr><tr><td class=\"has-text-align-center\" data-align=\"center\">En personne<\/td><td class=\"has-text-align-center\" data-align=\"center\"> \u25cf <\/td><td class=\"has-text-align-center\" data-align=\"center\"> \u25cf <\/td><\/tr><\/tbody><\/table><\/figure>\n\n\n\n<div id=\"wp-block-themeisle-blocks-accordion-f8632618\" class=\"wp-block-themeisle-blocks-accordion exclusive\">\n<details class=\"wp-block-themeisle-blocks-accordion-item\"><summary class=\"wp-block-themeisle-blocks-accordion-item__title\"><div>Par le Centre de demande d\u2019admission aux universit\u00e9s de l\u2019Ontario<\/div><\/summary><div class=\"wp-block-themeisle-blocks-accordion-item__content\">\n<p>Lorsqu\u2019une enseignante ou un enseignant dont la demande est en cours de traitement se connecte \u00e0 son compte sur la plateforme <a href=\"https:\/\/apps.qeco.ca\/\" data-type=\"URL\" data-id=\"https:\/\/apps.qeco.ca\/\">apps.qeco.ca<\/a>, un bouton s\u2019affiche dans ce compte pour l\u2019inviter \u00e0 commander ses relev\u00e9s de notes par l\u2019interm\u00e9diaire du Centre de demande d\u2019admission aux universit\u00e9s de l\u2019Ontario.<\/p>\n\n\n\n<figure class=\"wp-block-image size-full\"><img loading=\"lazy\" decoding=\"async\" width=\"517\" height=\"145\" src=\"https:\/\/qeco.ca\/wp-content\/uploads\/2022\/03\/image.png\" alt=\"Capture d\u2019\u00e9cran de la page principale du compte pour les demandes au CO\u00c9Q, avec un bouton intitul\u00e9\u00a0: \u00ab\u00a0Commander des relev\u00e9s de notes au Centre de demande d\u2019admission aux universit\u00e9s de l\u2019Ontario\u00a0\u00bb\" class=\"wp-image-29180\" srcset=\"https:\/\/qeco.ca\/wp-content\/uploads\/2022\/03\/image.png 517w, https:\/\/qeco.ca\/wp-content\/uploads\/2022\/03\/image-300x84.png 300w\" sizes=\"auto, (max-width: 517px) 100vw, 517px\" \/><\/figure>\n\n\n\n<p>Tout relev\u00e9 de notes command\u00e9 de cette fa\u00e7on est envoy\u00e9 par voie \u00e9lectronique au CO\u00c9Q.<\/p>\n\n\n\n<p>Bien que ce bouton s\u2019affiche pour toutes les personnes qui soumettent une demande, la fonction n\u2019est offerte qu\u2019aux enseignantes et enseignants qui ont suivi des cours dans une universit\u00e9 publique de l\u2019Ontario ou qui ont obtenu leur dipl\u00f4me d\u2019une universit\u00e9 publique de l\u2019Ontario. Elle ne peut \u00eatre utilis\u00e9e que pour commander des relev\u00e9s de notes d\u00e9livr\u00e9s par ces universit\u00e9s. De plus, selon l\u2019universit\u00e9, certains cours (p.&nbsp;ex. ceux qui ont \u00e9t\u00e9 suivis dans le cadre de programmes d\u2019\u00e9ducation permanente) pourraient ne pas figurer sur les relev\u00e9s de notes command\u00e9s par l\u2019entremise du Centre de demande d\u2019admission aux universit\u00e9s de l\u2019Ontario. Dans de tels cas, les enseignantes et les enseignants doivent fournir au CO\u00c9Q des relev\u00e9s de notes en utilisant une autre des m\u00e9thodes d\u00e9crites ici.<\/p>\n\n\n\n<p>Veuillez \u00e9galement noter que ce bouton s\u2019affiche pour toutes les personnes qui soumettent une demande, m\u00eame pour celles qui ont d\u00e9j\u00e0 fourni leurs relev\u00e9s de notes au CO\u00c9Q.<\/p>\n<\/div><\/details>\n<\/div>\n\n\n\n<div id=\"wp-block-themeisle-blocks-accordion-c74ff8c4\" class=\"wp-block-themeisle-blocks-accordion exclusive\">\n<details class=\"wp-block-themeisle-blocks-accordion-item\"><summary class=\"wp-block-themeisle-blocks-accordion-item__title\"><div>Par courriel depuis un \u00e9tablissement<\/div><\/summary><div class=\"wp-block-themeisle-blocks-accordion-item__content\">\n<p>Les relev\u00e9s de notes peuvent \u00eatre envoy\u00e9s par courriel au CO\u00c9Q directement par l\u2019institution \u00e9mettrice, ou ils peuvent \u00eatre envoy\u00e9s par l\u2019interm\u00e9diaire d\u2019un service de distribution de documents d&rsquo;\u00e9tudes de tiers partie autoris\u00e9 par cette institution (ex., Parchment, Digitary, MyCreds\/MesCertif, etc.).<\/p>\n\n\n\n<p>Le CO\u00c9Q n\u2019accepte pas les relev\u00e9s de notes de la part des enseignants par courriel de toute autre fa\u00e7on.<\/p>\n\n\n\n<p>L&rsquo;institution peut envoyer les relev\u00e9s de notes par courriel directement \u00e0 transcripts@qeco.ca.<\/p>\n\n\n\n<p>Si l&rsquo;enseignant utilise un service de partage de documents, mais ne peut pas trouver le CO\u00c9Q dans la liste des destinataires de ce service, il peut plut\u00f4t utiliser ce service pour envoyer un lien de t\u00e9l\u00e9chargement directement \u00e0 transcripts@qeco.ca. Le lien doit \u00eatre envoy\u00e9 directement via le service. Le CO\u00c9Q n\u2019accepte pas les liens de t\u00e9l\u00e9chargement re\u00e7us d\u2019un autre exp\u00e9diteur. Si un NIP (Num\u00e9ro d&rsquo;identification personnel) ou un autre code est requis pour acc\u00e9der au relev\u00e9 de notes, l\u2019enseignant doit le fournir au CO\u00c9Q en laissant une note sous l\u2019onglet Remarques de sa demande actuelle.<\/p>\n<\/div><\/details>\n<\/div>\n\n\n\n<div id=\"wp-block-themeisle-blocks-accordion-05b4e346\" class=\"wp-block-themeisle-blocks-accordion exclusive\">\n<details class=\"wp-block-themeisle-blocks-accordion-item\"><summary class=\"wp-block-themeisle-blocks-accordion-item__title\"><div>Par courriel de l\u2019enseignante ou de l\u2019enseignant<\/div><\/summary><div class=\"wp-block-themeisle-blocks-accordion-item__content\">\n<p>Les enseignantes et enseignants peuvent envoyer tous les autres documents par courriel \u00e0 l\u2019adresse info@qeco.ca. Ces documents comprennent, entre autres, les lettres, les certificats, les permis d\u2019enseignement et tout autre document justificatif demand\u00e9 par une \u00e9valuatrice ou un \u00e9valuateur du CO\u00c9Q, \u00e0 l\u2019exception des relev\u00e9s de notes.<\/p>\n<\/div><\/details>\n<\/div>\n\n\n\n<div id=\"wp-block-themeisle-blocks-accordion-f5d4cedc\" class=\"wp-block-themeisle-blocks-accordion exclusive\">\n<details class=\"wp-block-themeisle-blocks-accordion-item\"><summary class=\"wp-block-themeisle-blocks-accordion-item__title\"><div>Par l\u2019entremise de l\u2019Ordre des enseignantes et enseignants de l\u2019Ontario<\/div><\/summary><div class=\"wp-block-themeisle-blocks-accordion-item__content\">\n<p>Le CO\u00c9Q peut accepter des copies des relev\u00e9s de notes originaux ou d\u2019autres documents pertinents d\u2019une enseignante ou d\u2019un enseignant provenant de l\u2019Ordre des enseignantes et enseignants de l\u2019Ontario. Les enseignantes et enseignants peuvent demander que les documents soient transmis au CO\u00c9Q en autorisant \u00e0 l\u2019Ordre des enseignantes et enseignants de l\u2019Ontario d\u2019<a href=\"https:\/\/www.oct.ca\/eservices\/home\/RFROPI.aspx?sc_lang=fr-CA&amp;\">acc\u00e9der \u00e0 leurs renseignements personnels<\/a>.<\/p>\n\n\n\n<p>Veuillez noter que le CO\u00c9Q ne re\u00e7oit pas automatiquement de documents de l\u2019Ordre. Une enseignante ou un enseignant doit en faire la demande \u00e0 l\u2019Ordre.<\/p>\n<\/div><\/details>\n<\/div>\n\n\n\n<div id=\"wp-block-themeisle-blocks-accordion-034c9c69\" class=\"wp-block-themeisle-blocks-accordion exclusive\">\n<details class=\"wp-block-themeisle-blocks-accordion-item\"><summary class=\"wp-block-themeisle-blocks-accordion-item__title\"><div>Par l\u2019interm\u00e9diaire de World Education Services (WES)<\/div><\/summary><div class=\"wp-block-themeisle-blocks-accordion-item__content\">\n<p>Si une enseignante ou un enseignant a fourni ses relev\u00e9s de notes originaux directement \u00e0 WES pour qu\u2019ils soient \u00e9valu\u00e9s par l\u2019organisation, le rapport d\u2019\u00e9valuation de WES peut \u00eatre transmis au CO\u00c9Q par l\u2019entremise du compte WES. Le CO\u00c9Q peut \u00eatre s\u00e9lectionn\u00e9 dans la liste des destinataires. Le rapport peut \u00eatre de type cours par cours ou document par document, mais il doit inclure des copies des relev\u00e9s de notes fournies par l\u2019enseignante ou l\u2019enseignant \u00e0 WES.<\/p>\n\n\n\n<p>Il convient de noter que le CO\u00c9Q ne reconna\u00eet pas les \u00e9valuations de WES ou d\u2019autres organismes d\u2019\u00e9valuation des titres de comp\u00e9tences. Le CO\u00c9Q, en sa qualit\u00e9 de seul \u00e9valuateur des titres de comp\u00e9tence aux fins de la r\u00e9mun\u00e9ration des enseignantes et des enseignants en Ontario, fournit une \u00e9valuation enti\u00e8rement diff\u00e9rente fond\u00e9e uniquement sur le programme&nbsp;5 et ses r\u00e8glements, tableaux et d\u00e9finitions. Cependant, le CO\u00c9Q peut accepter les copies de WES des relev\u00e9s de notes d\u2019une enseignante ou d\u2019un enseignant.<\/p>\n<\/div><\/details>\n<\/div>\n\n\n\n<div id=\"wp-block-themeisle-blocks-accordion-b2a1041e\" class=\"wp-block-themeisle-blocks-accordion exclusive\">\n<details class=\"wp-block-themeisle-blocks-accordion-item\"><summary class=\"wp-block-themeisle-blocks-accordion-item__title\"><div>Par la poste<\/div><\/summary><div class=\"wp-block-themeisle-blocks-accordion-item__content\">\n<p>Les documents peuvent \u00eatre envoy\u00e9s par courrier \u00e0 l\u2019adresse suivante&nbsp;:<br><br>Le Conseil Ontarien d\u2019\u00c9valuation des Qualifications<br>10, avenue Alcorn, bureau&nbsp;100<br>Toronto (Ontario) M4V&nbsp;3A9<\/p>\n\n\n\n<p>Les relev\u00e9s de notes envoy\u00e9s par la poste doivent \u00eatre les documents originaux ou officiels.<\/p>\n<\/div><\/details>\n<\/div>\n\n\n\n<div id=\"wp-block-themeisle-blocks-accordion-58215f41\" class=\"wp-block-themeisle-blocks-accordion exclusive\">\n<details class=\"wp-block-themeisle-blocks-accordion-item\"><summary class=\"wp-block-themeisle-blocks-accordion-item__title\"><div>En personne<\/div><\/summary><div class=\"wp-block-themeisle-blocks-accordion-item__content\">\n<p>Les enseignantes et les enseignants peuvent apporter leurs documents originaux ou officiels au bureau du CO\u00c9Q sur rendez-vous seulement pendant les heures normales d\u2019ouverture, du lundi au vendredi. Les enseignantes et les enseignants doivent pr\u00e9alablement <a href=\"https:\/\/qeco.ca\/fr\/contact\/\">communiquer avec le CO\u00c9Q<\/a> pour prendre rendez-vous.<\/p>\n<\/div><\/details>\n<\/div>\n\n\n\n<h4 class=\"wp-block-heading\" id=\"translation-policy\"><strong><strong>Politique en mati\u00e8re de traduction<\/strong><\/strong><\/h4>\n\n\n\n<p>Les traductions originales ne sont accept\u00e9es que si elles sont fournies par :<\/p>\n\n\n\n<ul class=\"wp-block-list\">\n<li>le consulat, le haut-commissariat ou l\u2019ambassade au Canada du pays o\u00f9 les documents ont \u00e9t\u00e9 d\u00e9livr\u00e9s<\/li>\n\n\n\n<li>le consulat, le haut-commissariat ou l\u2019ambassade du Canada dans le pays d\u2019o\u00f9 vous \u00e9migrez<\/li>\n\n\n\n<li>un traducteur agr\u00e9\u00e9 par une association professionnelle de traducteurs au Canada. Pour obtenir le nom d\u2019une traductrice agr\u00e9\u00e9e ou d\u2019un traducteur agr\u00e9\u00e9, communiquez avec l\u2019Association des traducteurs et interpr\u00e8tes de l\u2019Ontario (ATIO) au 1-800-234-5030 ou 613-241-2846<\/li>\n\n\n\n<li>un traducteur agr\u00e9\u00e9 par le gouvernement f\u00e9d\u00e9ral ou par un gouvernement provincial ou municipal du Canada.<\/li>\n<\/ul>\n\n\n\n<p>Toute traduction doit \u00eatre accompagn\u00e9e d\u2019une d\u00e9claration :<\/p>\n\n\n\n<ul class=\"wp-block-list\">\n<li>indiquant que la traduction est exacte et authentique<\/li>\n\n\n\n<li>indiquant que le traducteur ou la traductrice fait partie de l\u2019une des cat\u00e9gories indiqu\u00e9es ci dessus (num\u00e9ro de membre et\/ou sceau, nom, adresse et num\u00e9ro de t\u00e9l\u00e9phone requis)<\/li>\n\n\n\n<li>portant le nom de la traductrice ou du traducteur en caract\u00e8res d\u2019imprimerie et sa signature<\/li>\n<\/ul>\n\n\n\n<p>Chaque document d\u00e9livr\u00e9 par un consulat au Canada devrait porter le sceau officiel de l\u2019institution et la signature de la personne autoris\u00e9e.<\/p>\n\n\n\n<h4 class=\"wp-block-heading\" id=\"document-return-policy\">Politique de retour des documents<\/h4>\n\n\n\n<p><strong>Documents \u2014 Canada ou \u00c9tats-Unis&nbsp;<\/strong><\/p>\n\n\n\n<p>Les documents originaux des institutions acad\u00e9miques au Canada ou aux \u00c9tats-Unis ne seront pas retourn\u00e9s \u00e0 l\u2019enseignant.&nbsp;<\/p>\n\n\n\n<p><strong>Documents \u2014 Institutions internationales&nbsp;<\/strong><\/p>\n\n\n\n<p>Les documents originaux provenant des institutions acad\u00e9miques \u00e0 l\u2019ext\u00e9rieur du Canada et des \u00c9tats-Unis peuvent \u00eatre retourn\u00e9s \u00e0 l\u2019enseignant.<\/p>\n\n\n\n<p>Les documents peuvent \u00eatre retourn\u00e9s \u00e0 l\u2019enseignant de l\u2019une des fa\u00e7ons suivantes :\u00a0<\/p>\n\n\n\n<ol class=\"wp-block-list\">\n<li><strong>Par la poste<\/strong> &#8211; Si l\u2019enseignant demande que ses documents internationaux originaux soient retourn\u00e9s par la poste, ils seront retourn\u00e9s par Xpresspost et un num\u00e9ro de suivi lui sera fourni. Les enseignants peuvent <a href=\"https:\/\/qeco.ca\/fr\/contact\/\" data-type=\"page\" data-id=\"27504\">communiquer avec le bureau du CO\u00c9Q<\/a> pour plus de d\u00e9tails.\u00a0<\/li>\n\n\n\n<li><strong>En personne sur rendez-vous <\/strong>\u2013 Les enseignants qui souhaitent r\u00e9cup\u00e9rer leurs documents en personne doivent prendre un rendez-vous pendant les heures normales de bureau, du lundi au vendredi. Les enseignants doivent <a href=\"https:\/\/qeco.ca\/fr\/contact\/\" data-type=\"page\" data-id=\"27504\">contacter le CO\u00c9Q \u00e0 l\u2019avance par courriel ou par t\u00e9l\u00e9phone<\/a> pour prendre un rendez-vous.<\/li>\n<\/ol>\n\n\n\n<p>Si un enseignant prend un rendez-vous en personne pour d\u00e9poser ses documents, le CO\u00c9Q tentera de les retourner au cours de la m\u00eame visite. Veuillez noter qu\u2019il peut y avoir des situations o\u00f9 les enseignants devront laisser leurs documents au CO\u00c9Q. Dans ces cas, les documents seront retourn\u00e9s par la poste ou l\u2019enseignant peut prendre un autre rendez-vous pour les r\u00e9cup\u00e9rer\u00a0 en personne .<\/p>\n","protected":false},"excerpt":{"rendered":"<p>L\u2019enseignante ou l\u2019enseignant doit s\u2019assurer d\u2019\u00eatre d\u00e9j\u00e0 inscrit et d\u2019avoir d\u00e9j\u00e0 pr\u00e9sent\u00e9 une demande par l\u2019entremise du site apps.qeco.ca avant de d\u00e9poser des documents aupr\u00e8s du CO\u00c9Q. Toute documentation fournie au CO\u00c9Q aux fins d\u2019\u00e9valuation doit accompagner une demande en ligne pour indiquer au CO\u00c9Q qu\u2019une enseignante ou un enseignant souhaite que les nouveaux renseignements&hellip; <a class=\"more-link\" href=\"https:\/\/qeco.ca\/fr\/comment-deposer-des-documents\/\">Poursuivre la lecture <span class=\"screen-reader-text\">Comment D\u00e9poser des Documents<\/span><\/a><\/p>\n","protected":false},"author":3,"featured_media":0,"parent":0,"menu_order":0,"comment_status":"closed","ping_status":"closed","template":"","meta":{"_themeisle_gutenberg_block_has_review":false,"footnotes":""},"class_list":["post-29171","page","type-page","status-publish","hentry","entry"],"_links":{"self":[{"href":"https:\/\/qeco.ca\/fr\/wp-json\/wp\/v2\/pages\/29171","targetHints":{"allow":["GET"]}}],"collection":[{"href":"https:\/\/qeco.ca\/fr\/wp-json\/wp\/v2\/pages"}],"about":[{"href":"https:\/\/qeco.ca\/fr\/wp-json\/wp\/v2\/types\/page"}],"author":[{"embeddable":true,"href":"https:\/\/qeco.ca\/fr\/wp-json\/wp\/v2\/users\/3"}],"replies":[{"embeddable":true,"href":"https:\/\/qeco.ca\/fr\/wp-json\/wp\/v2\/comments?post=29171"}],"version-history":[{"count":14,"href":"https:\/\/qeco.ca\/fr\/wp-json\/wp\/v2\/pages\/29171\/revisions"}],"predecessor-version":[{"id":36327,"href":"https:\/\/qeco.ca\/fr\/wp-json\/wp\/v2\/pages\/29171\/revisions\/36327"}],"wp:attachment":[{"href":"https:\/\/qeco.ca\/fr\/wp-json\/wp\/v2\/media?parent=29171"}],"curies":[{"name":"wp","href":"https:\/\/api.w.org\/{rel}","templated":true}]}}