{"id":28032,"date":"2021-11-08T18:43:35","date_gmt":"2021-11-08T18:43:35","guid":{"rendered":"https:\/\/qeco.ca\/?page_id=28032"},"modified":"2021-11-10T20:10:04","modified_gmt":"2021-11-10T20:10:04","slug":"pourquoi-presenter-une-demande-au-coeq","status":"publish","type":"page","link":"https:\/\/qeco.ca\/fr\/pourquoi-presenter-une-demande-au-coeq\/","title":{"rendered":"Pourquoi pr\u00e9senter une demande au CO\u00c9Q?"},"content":{"rendered":"\n<p>L\u2019\u00e9valuation du Conseil ontarien d\u2019\u00e9valuation des qualifications (CO\u00c9Q) est fond\u00e9e sur la r\u00e9ussite scolaire individuelle, telle qu\u2019elle est d\u00e9termin\u00e9e par le plan&nbsp;5. Un classement dans la cat\u00e9gorie la plus \u00e9lev\u00e9e possible donne aux \u00e9coles et aux conseils scolaires l\u2019assurance de la cr\u00e9dibilit\u00e9 et de l\u2019expertise d\u2019un enseignant en tant qu\u2019\u00e9ducateur. Pour l\u2019enseignant, c\u2019est un \u00e9l\u00e9ment essentiel pour garantir une juste r\u00e9mun\u00e9ration de ses qualifications et de ses connaissances.<\/p>\n\n\n\n<p>Un classement du CO\u00c9Q rend l\u2019enseignant plus attrayant et offre aux employeurs une norme d\u2019excellence uniforme sur laquelle compter au moment d\u2019embaucher un candidat potentiel.<\/p>\n\n\n\n<h3 class=\"wp-block-heading\">Pas encore en Cat\u00e9gorie\u00a0A4? Pr\u00e9sentez une demande au CO\u00c9Q chaque ann\u00e9e!<\/h3>\n\n\n\n<p>Nous savons tous que l\u2019\u00e9volution rapide est une constante dans le domaine de l\u2019\u00e9ducation, et bon nombre des facteurs qui influent sur le placement d\u2019une enseignante ou enseignant dans une cat\u00e9gorie du CO\u00c9Q peuvent changer tout aussi rapidement. Ces facteurs comprennent ce qui suit&nbsp;:<\/p>\n\n\n\n<ul class=\"wp-block-list\"><li>Reconnaissance continue des nouveaux \u00e9tablissements d\u2019enseignement acceptables, tant au pays qu\u2019\u00e0 l\u2019\u00e9tranger;<\/li><li>Changements qui influent sur l\u2019acceptabilit\u00e9 de certains fournisseurs de cours;<\/li><li>Changements qui d\u00e9coulent de l\u2019augmentation du nombre de fournisseurs de cours menant \u00e0 une qualification suppl\u00e9mentaire;<\/li><li>Changements l\u00e9gislatifs qui peuvent influer sur les parcours de perfectionnement des enseignants;<\/li><li>Changements apport\u00e9s aux r\u00e8glements du CO\u00c9Q qui peuvent avoir une incidence sur votre classement dans une cat\u00e9gorie.<\/li><\/ul>\n\n\n\n<p>Le CO\u00c9Q encourage fortement tous les enseignantes et enseignants qui n\u2019ont pas encore atteint la cat\u00e9gorie&nbsp;A4 \u00e0 demander r\u00e9guli\u00e8rement une r\u00e9\u00e9valuation officielle afin de s\u2019assurer qu\u2019elles ou ils suivent le parcours le plus rapide pour acc\u00e9der \u00e0 une cat\u00e9gorie sup\u00e9rieure. Ces conseils sont particuli\u00e8rement importants pour les enseignantes et enseignants form\u00e9s \u00e0 l\u2019ext\u00e9rieur de l\u2019Ontario. Nous recommandons aux enseignantes et enseignants de pr\u00e9senter une nouvelle demande au moins une fois par ann\u00e9e.<\/p>\n\n\n\n<p>L\u2019enseignante ou enseignant ne doit pas oublier que, le fait de demander r\u00e9guli\u00e8rement des conseils en mati\u00e8re de perfectionnement ne peut qu\u2019\u00eatre avantageux. Cela ne peut en aucun cas lui porter pr\u00e9judice, ni lui enlever ce qu\u2019elle ou il a acquis. De plus, nos conseils de perfectionnement n\u2019expirent jamais. Nous les honorerons toujours.<\/p>\n\n\n\n<h3 class=\"wp-block-heading\"><a><\/a>Il est plus facile que jamais de pr\u00e9senter une demande!<\/h3>\n\n\n\n<p>Les demandes au CO\u00c9Q\/QECO sont pr\u00e9sent\u00e9es en ligne. Il n\u2019y a qu\u2019un seul type de demande \u00e0 remplir et il englobe toutes les demandes officielles. L\u2019enseignante ou enseignant peut \u00e9galement extraire ses titres de scolarit\u00e9 et qualifications de dossier, aupr\u00e8s de l\u2019Ordre des enseignantes et enseignants de l\u2019Ontario (OEEO), pour les t\u00e9l\u00e9charger directement dans la demande.<\/p>\n\n\n\n<h3 class=\"wp-block-heading\">Pr\u00eat(e) \u00e0 faire une demande?<\/h3>\n\n\n\n<p>Les enseignantes et enseignants peuvent se rendre \u00e0:\u00a0<a href=\"http:\/\/apps.qeco.ca\/\"><u>apps.qeco.ca<\/u><\/a>,\u00a0pour commencer la d\u00e9marche; elles\/ils peuvent\u00a0<a href=\"https:\/\/qeco.ca\/fr\/contact\/\"><u>contacter le CO\u00c9Q<\/u><\/a>\u00a0\u00e0 tout moment, peu importe la question.<\/p>\n","protected":false},"excerpt":{"rendered":"<p>L\u2019\u00e9valuation du Conseil ontarien d\u2019\u00e9valuation des qualifications (CO\u00c9Q) est fond\u00e9e sur la r\u00e9ussite scolaire individuelle, telle qu\u2019elle est d\u00e9termin\u00e9e par le plan&nbsp;5. Un classement dans la cat\u00e9gorie la plus \u00e9lev\u00e9e possible donne aux \u00e9coles et aux conseils scolaires l\u2019assurance de la cr\u00e9dibilit\u00e9 et de l\u2019expertise d\u2019un enseignant en tant qu\u2019\u00e9ducateur. Pour l\u2019enseignant, c\u2019est un \u00e9l\u00e9ment&hellip; <a class=\"more-link\" href=\"https:\/\/qeco.ca\/fr\/pourquoi-presenter-une-demande-au-coeq\/\">Poursuivre la lecture <span class=\"screen-reader-text\">Pourquoi pr\u00e9senter une demande au CO\u00c9Q?<\/span><\/a><\/p>\n","protected":false},"author":3,"featured_media":0,"parent":0,"menu_order":0,"comment_status":"closed","ping_status":"closed","template":"","meta":{"_themeisle_gutenberg_block_has_review":false,"footnotes":""},"class_list":["post-28032","page","type-page","status-publish","hentry","entry"],"_links":{"self":[{"href":"https:\/\/qeco.ca\/fr\/wp-json\/wp\/v2\/pages\/28032","targetHints":{"allow":["GET"]}}],"collection":[{"href":"https:\/\/qeco.ca\/fr\/wp-json\/wp\/v2\/pages"}],"about":[{"href":"https:\/\/qeco.ca\/fr\/wp-json\/wp\/v2\/types\/page"}],"author":[{"embeddable":true,"href":"https:\/\/qeco.ca\/fr\/wp-json\/wp\/v2\/users\/3"}],"replies":[{"embeddable":true,"href":"https:\/\/qeco.ca\/fr\/wp-json\/wp\/v2\/comments?post=28032"}],"version-history":[{"count":4,"href":"https:\/\/qeco.ca\/fr\/wp-json\/wp\/v2\/pages\/28032\/revisions"}],"predecessor-version":[{"id":28096,"href":"https:\/\/qeco.ca\/fr\/wp-json\/wp\/v2\/pages\/28032\/revisions\/28096"}],"wp:attachment":[{"href":"https:\/\/qeco.ca\/fr\/wp-json\/wp\/v2\/media?parent=28032"}],"curies":[{"name":"wp","href":"https:\/\/api.w.org\/{rel}","templated":true}]}}