{"id":27504,"date":"2021-09-29T17:39:10","date_gmt":"2021-09-29T17:39:10","guid":{"rendered":"https:\/\/qeco.ca\/?page_id=27504"},"modified":"2025-03-20T15:00:14","modified_gmt":"2025-03-20T15:00:14","slug":"contact","status":"publish","type":"page","link":"https:\/\/qeco.ca\/fr\/contact\/","title":{"rendered":"Contactez"},"content":{"rendered":"\n<div class=\"wp-block-columns is-layout-flex wp-container-core-columns-is-layout-9d6595d7 wp-block-columns-is-layout-flex\">\n<div class=\"wp-block-column is-layout-flow wp-block-column-is-layout-flow\" style=\"flex-basis:66.66%\">\n<p class=\"has-background\" style=\"background-color:#f8f8f8\">Le CO\u00c9Q ne r\u00e9pondra par courriel et par t\u00e9l\u00e9phone qu\u2019aux&nbsp;<strong>questions \u00e0 caract\u00e8re g\u00e9n\u00e9ral<\/strong>, portant par exemple sur les sujets suivants&nbsp;:<\/p>\n\n\n\n<ul class=\"wp-block-list\">\n<li>Processus de demande<\/li>\n\n\n\n<li>Compr\u00e9hension des exigences pour le rehaussement de cat\u00e9gorie<\/li>\n\n\n\n<li>Acc\u00e8s par une enseignante ou un enseignant \u00e0 son compte en ligne<\/li>\n<\/ul>\n\n\n\n<p class=\"has-background\" style=\"background-color:#f8f8f8\"><strong><a href=\"https:\/\/apps.qeco.ca\/\">L\u2019enseignante ou l\u2019enseignant doit soumettre une demande<\/a><\/strong> pour obtenir une r\u00e9ponse aux questions sur les sujets suivants&nbsp;:<\/p>\n\n\n\n<ul class=\"wp-block-list\">\n<li>Conditions pour passer \u00e0 la cat\u00e9gorie suivante<\/li>\n\n\n\n<li>Changement potentiel de cat\u00e9gorie en raison des cours r\u00e9cemment compl\u00e9t\u00e9s<\/li>\n\n\n\n<li>Approbation de cours individuel et reconnaissance de cours<\/li>\n\n\n\n<li>Autres parcours de rehaussement de cat\u00e9gorie<\/li>\n\n\n\n<li>Demande de changement de cat\u00e9gorie ou toute autre demande pr\u00e9cise<\/li>\n\n\n\n<li>Demandes de copies de documents tels que les attestations d\u2019\u00e9valuation, les lettres de rehaussement de cat\u00e9gorie, les lettres pour documents manquants et toute autre correspondance pass\u00e9e<\/li>\n\n\n\n<li>Demandes de mise \u00e0 jour des attestations d\u2019\u00e9valuation portant le nom actuel d\u2019une enseignante ou d\u2019un enseignant (les attestations du CO\u00c9Q sont d\u00e9livr\u00e9es uniquement sous le nom qui figure sur le certificat de qualification et d\u2019inscription de l\u2019Ordre des enseignantes et des enseignants de l\u2019Ontario).<\/li>\n<\/ul>\n\n\n\n<p class=\"has-background\" style=\"background-color:#f8f8f8\"><strong>Remarque&nbsp;: Veuillez indiquer une adresse courriel personnelle<\/strong> pour \u00e9viter que les r\u00e9ponses du CO\u00c9Q ne soient bloqu\u00e9es en raison des param\u00e8tres de s\u00e9curit\u00e9 d\u2019un \u00e9tablissement ou conseil scolaire.<\/p>\n\n\n<div class=\"wpforms-container wpforms-container-full wpforms-block wpforms-block-4229bb92-ae5f-4887-b401-aa4e93c4f0ca\" id=\"wpforms-27503\"><form id=\"wpforms-form-27503\" class=\"wpforms-validate wpforms-form wpforms-ajax-form\" data-formid=\"27503\" method=\"post\" enctype=\"multipart\/form-data\" action=\"\/fr\/wp-json\/wp\/v2\/pages\/27504\" data-token=\"2d46fd9ed6e778db598c5ff583c4bbd5\" data-token-time=\"1776959588\"><noscript class=\"wpforms-error-noscript\">Veuillez activer JavaScript dans votre navigateur pour remplir ce formulaire.<\/noscript><div class=\"wpforms-field-container\"><div id=\"wpforms-27503-field_0-container\" class=\"wpforms-field wpforms-field-name\" data-field-id=\"0\"><label class=\"wpforms-field-label\" for=\"wpforms-27503-field_0\">Votre nom <span class=\"wpforms-required-label\">*<\/span><\/label><input type=\"text\" id=\"wpforms-27503-field_0\" class=\"wpforms-field-medium wpforms-field-required\" name=\"wpforms[fields][0]\" required><\/div><div id=\"wpforms-27503-field_1-container\" class=\"wpforms-field wpforms-field-email\" data-field-id=\"1\"><label class=\"wpforms-field-label\" for=\"wpforms-27503-field_1\">Votre email <span class=\"wpforms-required-label\">*<\/span><\/label><input type=\"email\" id=\"wpforms-27503-field_1\" class=\"wpforms-field-medium wpforms-field-required\" name=\"wpforms[fields][1]\" spellcheck=\"false\" required><\/div><div id=\"wpforms-27503-field_3-container\" class=\"wpforms-field wpforms-field-number\" data-field-id=\"3\"><label class=\"wpforms-field-label\" for=\"wpforms-27503-field_3\">Votre num\u00e9ro de l\u2019Ordre <span class=\"wpforms-required-label\">*<\/span><\/label><input type=\"number\" id=\"wpforms-27503-field_3\" class=\"wpforms-field-medium wpforms-field-required\" name=\"wpforms[fields][3]\" step=\"any\" required><\/div><div id=\"wpforms-27503-field_2-container\" class=\"wpforms-field wpforms-field-textarea\" data-field-id=\"2\"><label class=\"wpforms-field-label\" for=\"wpforms-27503-field_2\">Votre message <span class=\"wpforms-required-label\">*<\/span><\/label><textarea id=\"wpforms-27503-field_2\" class=\"wpforms-field-medium wpforms-field-required\" name=\"wpforms[fields][2]\" required><\/textarea><\/div><\/div><!-- .wpforms-field-container --><div class=\"wpforms-submit-container\" ><input type=\"hidden\" name=\"wpforms[id]\" value=\"27503\"><input type=\"hidden\" name=\"page_title\" value=\"\"><input type=\"hidden\" name=\"page_url\" value=\"https:\/\/qeco.ca\/fr\/wp-json\/wp\/v2\/pages\/27504\"><input type=\"hidden\" name=\"url_referer\" value=\"\"><button type=\"submit\" name=\"wpforms[submit]\" id=\"wpforms-submit-27503\" class=\"wpforms-submit btn btn-secondary\" data-alt-text=\"Envoi en cours...\" data-submit-text=\"Envoyer\" aria-live=\"assertive\" value=\"wpforms-submit\">Envoyer<\/button><img loading=\"lazy\" decoding=\"async\" src=\"https:\/\/qeco.ca\/wp-content\/plugins\/wpforms-lite\/assets\/images\/submit-spin.svg\" class=\"wpforms-submit-spinner\" style=\"display: none;\" width=\"26\" height=\"26\" alt=\"Chargement en cours\"><\/div><\/form><\/div>  <!-- .wpforms-container --><\/div>\n\n\n\n<div class=\"wp-block-column is-layout-flow wp-block-column-is-layout-flow\" style=\"padding-right:15px;padding-left:15px;flex-basis:33.33%\">\n<h6 class=\"wp-block-heading has-text-align-center has-background\" style=\"background-color:#f8f8f8\">Adresse<\/h6>\n\n\n\n<p>Le Conseil Ontarien d\u2019\u00c9valuation des Qualifications <br>10, avenue Alcorn, <br>Bureau 100 <br>Toronto ON <br>M4V 3A9<\/p>\n\n\n\n<h6 class=\"wp-block-heading has-text-align-center has-background\" style=\"background-color:#f8f8f8\">Heures d&rsquo;ouverture<\/h6>\n\n\n\n<p><strong>du lundi au vendredi<\/strong><br>8h15 \u00e0 16h30<\/p>\n\n\n\n<p>Ferm\u00e9 les fins de semaine et les jours f\u00e9ri\u00e9s.<\/p>\n\n\n\n<h6 class=\"wp-block-heading has-background\" style=\"background-color:#f8f8f8\">Par T\u00e9l\u00e9phone<\/h6>\n\n\n\n<p><strong>Num\u00e9ro sans frais en Ontario<\/strong><br>1 (800) 385-1030<\/p>\n\n\n\n<p><strong>Locale<\/strong><br>(416) 323-1969<\/p>\n\n\n\n<p>L\u2019enseignante ou l\u2019enseignant doit fournir son <strong>num\u00e9ro de l\u2019Ordre<\/strong> au moment de l\u2019appel pour permettre au personnel du CO\u00c9Q de consulter son dossier.<\/p>\n\n\n\n<p>Veuillez noter qu\u2019il n\u2019y a aucune option pour laisser des messages sur le syst\u00e8me CO\u00c9Q.<\/p>\n\n\n\n<h6 class=\"wp-block-heading has-background\" style=\"background-color:#f8f8f8\">Visiter le Bureau<\/h6>\n\n\n\n<p>Les documents peuvent \u00eatre remis en personne sur rendez-vous apr\u00e8s le d\u00e9p\u00f4t d\u2019une demande. <\/p>\n\n\n\n<p>Le bureau du CO\u00c9Q est situ\u00e9 un peu \u00e0 l\u2019ouest de la station de m\u00e9tro Summerhill (TTC), du c\u00f4t\u00e9 nord-ouest de la rue&nbsp;Yonge.<\/p>\n\n\n\n<p>Si vous \u00eates en voiture, l\u2019avenue&nbsp;Alcorn et les rues secondaires environnantes offrent un nombre limit\u00e9 de places de stationnement disponibles \u00e0 partir de&nbsp;10&nbsp;h.<\/p>\n\n\n\n<!-- Calendly link widget begin -->\n<link href=\"https:\/\/assets.calendly.com\/assets\/external\/widget.css\" rel=\"stylesheet\">\n<script src=\"https:\/\/assets.calendly.com\/assets\/external\/widget.js\" type=\"text\/javascript\" async><\/script>\n<a href=\"\" onclick=\"Calendly.initPopupWidget({url: 'https:\/\/calendly.com\/qeco\/30min?hide_gdpr_banner=1'});return false;\" style=\"display: inline-block; padding: 10px 20px; background-color: #808080; color: white; text-align: center; text-decoration: none; border-radius: 0px; font-family: Arial, sans-serif;\">R\u00e9server une visite<\/a>\n<!-- Calendly link widget end -->\n<\/div>\n<\/div>\n","protected":false},"excerpt":{"rendered":"<p>Le CO\u00c9Q ne r\u00e9pondra par courriel et par t\u00e9l\u00e9phone qu\u2019aux&nbsp;questions \u00e0 caract\u00e8re g\u00e9n\u00e9ral, portant par exemple sur les sujets suivants&nbsp;: L\u2019enseignante ou l\u2019enseignant doit soumettre une demande pour obtenir une r\u00e9ponse aux questions sur les sujets suivants&nbsp;: Remarque&nbsp;: Veuillez indiquer une adresse courriel personnelle pour \u00e9viter que les r\u00e9ponses du CO\u00c9Q ne soient bloqu\u00e9es en&hellip; <a class=\"more-link\" href=\"https:\/\/qeco.ca\/fr\/contact\/\">Poursuivre la lecture <span class=\"screen-reader-text\">Contactez<\/span><\/a><\/p>\n","protected":false},"author":1,"featured_media":0,"parent":0,"menu_order":0,"comment_status":"closed","ping_status":"closed","template":"","meta":{"_themeisle_gutenberg_block_has_review":false,"footnotes":""},"class_list":["post-27504","page","type-page","status-publish","hentry","entry"],"_links":{"self":[{"href":"https:\/\/qeco.ca\/fr\/wp-json\/wp\/v2\/pages\/27504","targetHints":{"allow":["GET"]}}],"collection":[{"href":"https:\/\/qeco.ca\/fr\/wp-json\/wp\/v2\/pages"}],"about":[{"href":"https:\/\/qeco.ca\/fr\/wp-json\/wp\/v2\/types\/page"}],"author":[{"embeddable":true,"href":"https:\/\/qeco.ca\/fr\/wp-json\/wp\/v2\/users\/1"}],"replies":[{"embeddable":true,"href":"https:\/\/qeco.ca\/fr\/wp-json\/wp\/v2\/comments?post=27504"}],"version-history":[{"count":19,"href":"https:\/\/qeco.ca\/fr\/wp-json\/wp\/v2\/pages\/27504\/revisions"}],"predecessor-version":[{"id":36661,"href":"https:\/\/qeco.ca\/fr\/wp-json\/wp\/v2\/pages\/27504\/revisions\/36661"}],"wp:attachment":[{"href":"https:\/\/qeco.ca\/fr\/wp-json\/wp\/v2\/media?parent=27504"}],"curies":[{"name":"wp","href":"https:\/\/api.w.org\/{rel}","templated":true}]}}