{"id":27476,"date":"2021-09-29T02:10:06","date_gmt":"2021-09-29T02:10:06","guid":{"rendered":"https:\/\/qeco.ca\/?page_id=27476"},"modified":"2021-09-29T02:10:08","modified_gmt":"2021-09-29T02:10:08","slug":"mise-en-garde","status":"publish","type":"page","link":"https:\/\/qeco.ca\/fr\/mise-en-garde\/","title":{"rendered":"Mise En Garde"},"content":{"rendered":"\n<p>Le Conseil Ontario d\u2019\u00c9valuation des Qualifications (COEQ) ne garantit pas l\u2019exactitude ou la fiabilit\u00e9 de l\u2019information (\u00ab l\u2019information \u00bb) affich\u00e9e, distribu\u00e9e, obtenue \u00e0 l\u2019aide d\u2019hyperliens, t\u00e9l\u00e9charg\u00e9e ou consult\u00e9e par l\u2019entremise de ce site Web ou du COEQ.<\/p>\n\n\n\n<p>Vous acceptez, par les pr\u00e9sentes, que le fait de vous fier \u00e0 une partie quelconque de cette information est \u00e0 votre seul risque. Le COEQ se r\u00e9serve le droit, \u00e0 sa seule discr\u00e9tion et sans aucune responsabilit\u00e9, d\u2019apporter des am\u00e9liorations, de corriger des erreurs ou de r\u00e9tablir des omissions dans n\u2019importe quelle partie du site Web ou de l\u2019information.<\/p>\n\n\n\n<p>L\u2019information fournie sur le site Web est de nature g\u00e9n\u00e9rale et, dans certains cas, incompl\u00e8te. L\u2019information peut ne pas s\u2019appliquer \u00e0 une personne en particulier ou dans des cas particuliers. Le COEQ d\u00e9cline toute responsabilit\u00e9 \u00e0 cet \u00e9gard et ne serait aucunement responsable de pertes ou de dommages subis, quelles qu\u2019en soient les circonstances, y compris la n\u00e9gligence, par une personne qui utilise l\u2019information ou le service du COEQ.<\/p>\n\n\n\n<p>Pour d\u00e9terminer comment cette information s\u2019applique \u00e0 vous, l\u2019int\u00e9ress\u00e9(e) admissible devrait remplir une demande et pr\u00e9senter leur demande d\u2019information par \u00e9crit au COEQ. Les personnes ayant des questions ou des pr\u00e9occupations \u00e0 l\u2019\u00e9gard de cette information ou des suggestions pour am\u00e9liorer l\u2019information ou le service du COEQ sont pri\u00e9es de communiquer par \u00e9crit avec le directeur g\u00e9n\u00e9ral du COEQ.<\/p>\n","protected":false},"excerpt":{"rendered":"<p>Le Conseil Ontario d\u2019\u00c9valuation des Qualifications (COEQ) ne garantit pas l\u2019exactitude ou la fiabilit\u00e9 de l\u2019information (\u00ab l\u2019information \u00bb) affich\u00e9e, distribu\u00e9e, obtenue \u00e0 l\u2019aide d\u2019hyperliens, t\u00e9l\u00e9charg\u00e9e ou consult\u00e9e par l\u2019entremise de ce site Web ou du COEQ. Vous acceptez, par les pr\u00e9sentes, que le fait de vous fier \u00e0 une partie quelconque de cette information&hellip; <a class=\"more-link\" href=\"https:\/\/qeco.ca\/fr\/mise-en-garde\/\">Poursuivre la lecture <span class=\"screen-reader-text\">Mise En Garde<\/span><\/a><\/p>\n","protected":false},"author":1,"featured_media":0,"parent":0,"menu_order":0,"comment_status":"closed","ping_status":"closed","template":"","meta":{"_themeisle_gutenberg_block_has_review":false,"footnotes":""},"class_list":["post-27476","page","type-page","status-publish","hentry","entry"],"_links":{"self":[{"href":"https:\/\/qeco.ca\/fr\/wp-json\/wp\/v2\/pages\/27476","targetHints":{"allow":["GET"]}}],"collection":[{"href":"https:\/\/qeco.ca\/fr\/wp-json\/wp\/v2\/pages"}],"about":[{"href":"https:\/\/qeco.ca\/fr\/wp-json\/wp\/v2\/types\/page"}],"author":[{"embeddable":true,"href":"https:\/\/qeco.ca\/fr\/wp-json\/wp\/v2\/users\/1"}],"replies":[{"embeddable":true,"href":"https:\/\/qeco.ca\/fr\/wp-json\/wp\/v2\/comments?post=27476"}],"version-history":[{"count":1,"href":"https:\/\/qeco.ca\/fr\/wp-json\/wp\/v2\/pages\/27476\/revisions"}],"predecessor-version":[{"id":27477,"href":"https:\/\/qeco.ca\/fr\/wp-json\/wp\/v2\/pages\/27476\/revisions\/27477"}],"wp:attachment":[{"href":"https:\/\/qeco.ca\/fr\/wp-json\/wp\/v2\/media?parent=27476"}],"curies":[{"name":"wp","href":"https:\/\/api.w.org\/{rel}","templated":true}]}}