{"id":27473,"date":"2021-09-29T02:08:17","date_gmt":"2021-09-29T02:08:17","guid":{"rendered":"https:\/\/qeco.ca\/?page_id=27473"},"modified":"2022-09-26T20:39:14","modified_gmt":"2022-09-26T20:39:14","slug":"ressources","status":"publish","type":"page","link":"https:\/\/qeco.ca\/fr\/ressources\/","title":{"rendered":"Ressources"},"content":{"rendered":"\n<h4 class=\"wp-block-heading\">T\u00e9l\u00e9chargements<\/h4>\n\n\n\n<ul class=\"wp-block-list\"><li><a href=\"https:\/\/qeco.ca\/wp-content\/uploads\/2022\/09\/Plan-5-Version-FR.pdf\" data-type=\"attachment\" data-id=\"33199\">Plan 5 document int\u00e9gral<a href=\"https:\/\/qeco.on.ca\/wp-content\/uploads\/2021\/03\/2020-2021-Faculty-Presentation.pdf\"><\/a><\/a><\/li><li><a href=\"https:\/\/qeco.on.ca\/wp-content\/uploads\/2021\/03\/2020-21-presentation.pdf\">Pr\u00e9sentation aux \u00e9tudiantes et \u00e9tudiants-ma\u00eetres (PDF)<\/a><\/li><\/ul>\n\n\n\n<h4 class=\"wp-block-heading\">Liens<\/h4>\n\n\n\n<ul class=\"wp-block-list\"><li><a rel=\"noreferrer noopener\" href=\"http:\/\/www.oct.ca\" target=\"_blank\"><\/a><a rel=\"noreferrer noopener\" href=\"http:\/\/www.oct.ca\" target=\"_blank\">Ordre des enseignantes et des enseignants de l\u2019Ontario (L\u2019Ordre)<\/a><\/li><li><a rel=\"noreferrer noopener\" href=\"http:\/\/www.otffeo.on.ca\" target=\"_blank\"><\/a><a rel=\"noreferrer noopener\" href=\"http:\/\/www.otffeo.on.ca\" target=\"_blank\">F\u00e9d\u00e9ration des enseignantes et des enseignants de l\u2019Ontario (FEO)<\/a><\/li><li><a rel=\"noreferrer noopener\" href=\"http:\/\/www.edu.gov.on.ca\/eng\/sbinfo\/boardList.html\" target=\"_blank\"><\/a><a rel=\"noreferrer noopener\" href=\"http:\/\/www.edu.gov.on.ca\/fre\/sbinfo\/boardList.html\" target=\"_blank\">Minist\u00e8re de l\u2019\u00c9ducation&nbsp;\u2013 Conseils scolaires de l\u2019Ontario&nbsp;<\/a><\/li><\/ul>\n\n\n\n<h4 class=\"wp-block-heading\">Filiales de la FEO<\/h4>\n\n\n\n<ul class=\"wp-block-list\"><li><a rel=\"noreferrer noopener\" href=\"https:\/\/www.aefo.on.ca\/\" target=\"_blank\"><\/a><a rel=\"noreferrer noopener\" href=\"http:\/\/www.aefo.on.ca\" target=\"_blank\">l\u2019Association des Enseignantes et des Enseignants Franco-Ontariens<\/a><\/li><li><a rel=\"noreferrer noopener\" href=\"http:\/\/www.etfo.on.ca\" target=\"_blank\"><\/a><a rel=\"noreferrer noopener\" href=\"http:\/\/www.etfo.on.ca\" target=\"_blank\">Elementary Teachers\u2019 Federation of Ontario<\/a><\/li><li><a rel=\"noreferrer noopener\" href=\"http:\/\/www.oecta.on.ca\" target=\"_blank\"><\/a><a rel=\"noreferrer noopener\" href=\"http:\/\/www.oecta.on.ca\" target=\"_blank\">Ontario English Catholic Teachers\u2019 Association<\/a><\/li><li><a rel=\"noreferrer noopener\" href=\"http:\/\/www.osstf.on.ca\" target=\"_blank\"><\/a><a rel=\"noreferrer noopener\" href=\"http:\/\/www.osstf.on.ca\" target=\"_blank\">Ontario Secondary School Teachers\u2019 Federation<\/a><\/li><\/ul>\n","protected":false},"excerpt":{"rendered":"<p>T\u00e9l\u00e9chargements Plan 5 document int\u00e9gral Pr\u00e9sentation aux \u00e9tudiantes et \u00e9tudiants-ma\u00eetres (PDF) Liens Ordre des enseignantes et des enseignants de l\u2019Ontario (L\u2019Ordre) F\u00e9d\u00e9ration des enseignantes et des enseignants de l\u2019Ontario (FEO) Minist\u00e8re de l\u2019\u00c9ducation&nbsp;\u2013 Conseils scolaires de l\u2019Ontario&nbsp; Filiales de la FEO l\u2019Association des Enseignantes et des Enseignants Franco-Ontariens Elementary Teachers\u2019 Federation of Ontario Ontario English&hellip; <a class=\"more-link\" href=\"https:\/\/qeco.ca\/fr\/ressources\/\">Poursuivre la lecture <span class=\"screen-reader-text\">Ressources<\/span><\/a><\/p>\n","protected":false},"author":1,"featured_media":0,"parent":0,"menu_order":0,"comment_status":"closed","ping_status":"closed","template":"","meta":{"_themeisle_gutenberg_block_has_review":false,"footnotes":""},"class_list":["post-27473","page","type-page","status-publish","hentry","entry"],"_links":{"self":[{"href":"https:\/\/qeco.ca\/fr\/wp-json\/wp\/v2\/pages\/27473","targetHints":{"allow":["GET"]}}],"collection":[{"href":"https:\/\/qeco.ca\/fr\/wp-json\/wp\/v2\/pages"}],"about":[{"href":"https:\/\/qeco.ca\/fr\/wp-json\/wp\/v2\/types\/page"}],"author":[{"embeddable":true,"href":"https:\/\/qeco.ca\/fr\/wp-json\/wp\/v2\/users\/1"}],"replies":[{"embeddable":true,"href":"https:\/\/qeco.ca\/fr\/wp-json\/wp\/v2\/comments?post=27473"}],"version-history":[{"count":2,"href":"https:\/\/qeco.ca\/fr\/wp-json\/wp\/v2\/pages\/27473\/revisions"}],"predecessor-version":[{"id":33203,"href":"https:\/\/qeco.ca\/fr\/wp-json\/wp\/v2\/pages\/27473\/revisions\/33203"}],"wp:attachment":[{"href":"https:\/\/qeco.ca\/fr\/wp-json\/wp\/v2\/media?parent=27473"}],"curies":[{"name":"wp","href":"https:\/\/api.w.org\/{rel}","templated":true}]}}