{"id":27457,"date":"2021-08-02T02:31:11","date_gmt":"2021-08-02T02:31:11","guid":{"rendered":"https:\/\/qeco.ca\/news\/"},"modified":"2021-09-29T01:46:56","modified_gmt":"2021-09-29T01:46:56","slug":"news","status":"publish","type":"page","link":"https:\/\/qeco.ca\/fr\/news\/","title":{"rendered":"Nouvelles"},"content":{"rendered":"<div class=\"narrow wp-block-themeisle-blocks-posts-grid\" id=\"\"><div class=\"is-list\"><div class=\"o-posts-grid-post-blog o-posts-grid-post-plain\"><div class=\"o-posts-grid-post\"><div class=\"o-posts-grid-post-body is-full\"><h4 class=\"o-posts-grid-post-title\"><a href=\"https:\/\/qeco.ca\/fr\/conge-de-paques\/\">Cong\u00e9 de P\u00e2ques\u00a0<\/a><\/h4><p class=\"o-posts-grid-post-meta\">Posted on <time datetime=\"2026-03-31T17:00:14+00:00\">31 mars 2026<\/time> <\/p><div class=\"o-posts-grid-post-description\"><p>Veuillez noter que le bureau du CO\u00c9Q sera ferm\u00e9 le vendredi 3 avril et le lundi 6 avril pour le cong\u2026<\/p><\/div><\/div><\/div><\/div><div class=\"o-posts-grid-post-blog o-posts-grid-post-plain\"><div class=\"o-posts-grid-post\"><div class=\"o-posts-grid-post-body is-full\"><h4 class=\"o-posts-grid-post-title\"><a href=\"https:\/\/qeco.ca\/fr\/les-demandes-seront-supprimees\/\">Les demandes seront supprim\u00e9es<\/a><\/h4><p class=\"o-posts-grid-post-meta\">Posted on <time datetime=\"2025-05-06T16:00:00+00:00\">6 mai 2025<\/time> <\/p><div class=\"o-posts-grid-post-description\"><p>Il est rappel\u00e9 aux enseignants de revoir les crit\u00e8res d\u2019admissibilit\u00e9 du CO\u00c9Q avant de pr\u00e9senter une\u2026<\/p><\/div><\/div><\/div><\/div><div class=\"o-posts-grid-post-blog o-posts-grid-post-plain\"><div class=\"o-posts-grid-post\"><div class=\"o-posts-grid-post-body is-full\"><h4 class=\"o-posts-grid-post-title\"><a href=\"https:\/\/qeco.ca\/fr\/vous-navez-pas-encore-votre-attestation-devaluation-du-coeq\/\">Vous n\u2019avez pas encore votre \u00ab\u00a0attestation d&rsquo;\u00e9valuation\u00a0\u00bb du CO\u00c9Q?<\/a><\/h4><p class=\"o-posts-grid-post-meta\">Posted on <time datetime=\"2022-08-26T14:52:59+00:00\">26 ao\u00fbt 2022<\/time> <\/p><div class=\"o-posts-grid-post-description\"><p>Si vous n\u2019avez pas encore re\u00e7u votre attestation d\u2019\u00e9valuation du CO\u00c9Q, vous pouvez toujours remettre\u2026<\/p><\/div><\/div><\/div><\/div><\/div> <\/div>","protected":false},"excerpt":{"rendered":"","protected":false},"author":1,"featured_media":0,"parent":0,"menu_order":0,"comment_status":"closed","ping_status":"closed","template":"","meta":{"_themeisle_gutenberg_block_has_review":false,"footnotes":""},"class_list":["post-27457","page","type-page","status-publish","hentry","entry"],"_links":{"self":[{"href":"https:\/\/qeco.ca\/fr\/wp-json\/wp\/v2\/pages\/27457","targetHints":{"allow":["GET"]}}],"collection":[{"href":"https:\/\/qeco.ca\/fr\/wp-json\/wp\/v2\/pages"}],"about":[{"href":"https:\/\/qeco.ca\/fr\/wp-json\/wp\/v2\/types\/page"}],"author":[{"embeddable":true,"href":"https:\/\/qeco.ca\/fr\/wp-json\/wp\/v2\/users\/1"}],"replies":[{"embeddable":true,"href":"https:\/\/qeco.ca\/fr\/wp-json\/wp\/v2\/comments?post=27457"}],"version-history":[{"count":1,"href":"https:\/\/qeco.ca\/fr\/wp-json\/wp\/v2\/pages\/27457\/revisions"}],"predecessor-version":[{"id":27458,"href":"https:\/\/qeco.ca\/fr\/wp-json\/wp\/v2\/pages\/27457\/revisions\/27458"}],"wp:attachment":[{"href":"https:\/\/qeco.ca\/fr\/wp-json\/wp\/v2\/media?parent=27457"}],"curies":[{"name":"wp","href":"https:\/\/api.w.org\/{rel}","templated":true}]}}