{"id":198,"date":"2021-07-31T22:47:39","date_gmt":"2021-07-31T22:47:39","guid":{"rendered":"https:\/\/qeco.ca\/create-your-website-with-blocks\/"},"modified":"2026-01-16T15:19:48","modified_gmt":"2026-01-16T15:19:48","slug":"create-your-website-with-blocks","status":"publish","type":"page","link":"https:\/\/qeco.ca\/fr\/","title":{"rendered":"Bienvenue Au CO\u00c9Q"},"content":{"rendered":"\n<div class=\"wp-block-media-text alignwide has-media-on-the-right is-stacked-on-mobile is-vertically-aligned-center is-image-fill-element is-style-overlap\"><div class=\"wp-block-media-text__content\">\n<h2 class=\"wp-block-heading has-text-color\" style=\"color:#000000\">Bienvenue Au CO\u00c9Q<\/h2>\n\n\n\n<p class=\"has-text-color\" style=\"color:#636363;font-size:17px;line-height:1.6\">Le CO\u00c9Q servent les enseignantes et les enseignants membres de l&rsquo;AEFO, de l&rsquo;ETFO, de l&rsquo;OECTA et de la FEESO en reconnaissant leur engagement envers l&rsquo;\u00e9ducation et leur d\u00e9veloppement professionnel.<br><br>Toutes les enseignantes et tous les enseignants doivent avoir une \u00e9valuation du CO\u00c9Q pour \u00eatre class\u00e9s \u00e0 des fins salariales dans une cat\u00e9gorie sup\u00e9rieure \u00e0 la cat\u00e9gorie A1. Une \u00e9valuation du CO\u00c9Q peut permettre d\u2019\u00eatre class\u00e9 dans l\u2019une des quatre cat\u00e9gories A1 \u00e0 A4, en conformit\u00e9 avec les crit\u00e8res de formation professionnelle et les exigences du Plan 5.<\/p>\n\n\n\n<p><strong>Le CO\u00c9Q communique seulement avec l\u2019enseignant(e).<\/strong> Apr\u00e8s avoir re\u00e7u une \u00e9valuation du CO\u00c9Q, il incombe \u00e0 l\u2019int\u00e9ress\u00e9 de pr\u00e9senter une nouvelle attestation d\u2019\u00e9valuation du CO\u00c9Q \u00e0 son conseil scolaire pour \u00eatre class\u00e9 dans la cat\u00e9gorie de salaire appropri\u00e9e.<\/p>\n<\/div><figure class=\"wp-block-media-text__media\"><img loading=\"lazy\" decoding=\"async\" width=\"1024\" height=\"679\" src=\"https:\/\/qeco.ca\/wp-content\/uploads\/2021\/09\/teacher.png\" alt=\"\" class=\"wp-image-199 size-full\" style=\"object-position:50% 50%\" srcset=\"https:\/\/qeco.ca\/wp-content\/uploads\/2021\/09\/teacher.png 1024w, https:\/\/qeco.ca\/wp-content\/uploads\/2021\/09\/teacher-300x199.png 300w, https:\/\/qeco.ca\/wp-content\/uploads\/2021\/09\/teacher-768x509.png 768w\" sizes=\"(max-width: 1024px) 100vw, 1024px\" \/><\/figure><\/div>\n\n\n<div class=\"alignwide  wp-block-themeisle-blocks-posts-grid\" id=\"wp-block-themeisle-blocks-posts-grid-a1579b84\"><div class=\"alignwide is-grid o-posts-grid-columns-3\"><div class=\"o-posts-grid-post-blog o-posts-grid-post-plain\"><div class=\"o-posts-grid-post\"><div class=\"o-posts-grid-post-body is-full\"><h4 class=\"o-posts-grid-post-title\"><a href=\"https:\/\/qeco.ca\/fr\/conge-de-paques\/\">Cong\u00e9 de P\u00e2ques\u00a0<\/a><\/h4><p class=\"o-posts-grid-post-meta\">Posted on <time datetime=\"2026-03-31T17:00:14+00:00\">31 mars 2026<\/time> <\/p><div class=\"o-posts-grid-post-description\"><p>Veuillez noter que le bureau du CO\u00c9Q sera ferm\u00e9 le vendredi 3 avril et le lundi 6 avril pour le cong\u2026<\/p><\/div><\/div><\/div><\/div><div class=\"o-posts-grid-post-blog o-posts-grid-post-plain\"><div class=\"o-posts-grid-post\"><div class=\"o-posts-grid-post-body is-full\"><h4 class=\"o-posts-grid-post-title\"><a href=\"https:\/\/qeco.ca\/fr\/les-demandes-seront-supprimees\/\">Les demandes seront supprim\u00e9es<\/a><\/h4><p class=\"o-posts-grid-post-meta\">Posted on <time datetime=\"2025-05-06T16:00:00+00:00\">6 mai 2025<\/time> <\/p><div class=\"o-posts-grid-post-description\"><p>Il est rappel\u00e9 aux enseignants de revoir les crit\u00e8res d\u2019admissibilit\u00e9 du CO\u00c9Q avant de pr\u00e9senter une\u2026<\/p><\/div><\/div><\/div><\/div><div class=\"o-posts-grid-post-blog o-posts-grid-post-plain\"><div class=\"o-posts-grid-post\"><div class=\"o-posts-grid-post-body is-full\"><h4 class=\"o-posts-grid-post-title\"><a href=\"https:\/\/qeco.ca\/fr\/vous-navez-pas-encore-votre-attestation-devaluation-du-coeq\/\">Vous n\u2019avez pas encore votre \u00ab\u00a0attestation d&rsquo;\u00e9valuation\u00a0\u00bb du CO\u00c9Q?<\/a><\/h4><p class=\"o-posts-grid-post-meta\">Posted on <time datetime=\"2022-08-26T14:52:59+00:00\">26 ao\u00fbt 2022<\/time> <\/p><div class=\"o-posts-grid-post-description\"><p>Si vous n\u2019avez pas encore re\u00e7u votre attestation d\u2019\u00e9valuation du CO\u00c9Q, vous pouvez toujours remettre\u2026<\/p><\/div><\/div><\/div><\/div><\/div> <\/div>\n\n\n<div class=\"scoot-up d-grid gap-2 d-md-flex justify-content-md-end\">\n  <a href=\"news\" class=\"btn btn-secondary me-md-2\" type=\"button\">plus de nouvelles<\/a>\n<\/div>\n\n\n\n<hr class=\"wp-block-separator has-css-opacity\"\/>\n\n\n\n<p class=\"has-text-align-center\">Il faut \u00eatre membre d\u2019une des filiales de la F\u00e9d\u00e9ration des enseignantes et des enseignants de l\u2019Ontario participant au Plan d\u2019\u00e9valuation afin d\u2019obtenir une \u00e9valuation du CO\u00c9Q\/QECO.<\/p>\n\n\n\n<div class=\"wp-block-columns is-layout-flex wp-container-core-columns-is-layout-9d6595d7 wp-block-columns-is-layout-flex\">\n<div class=\"wp-block-column is-layout-flow wp-block-column-is-layout-flow\">\n<figure class=\"wp-block-image size-full\"><img loading=\"lazy\" decoding=\"async\" width=\"400\" height=\"192\" src=\"https:\/\/qeco.ca\/wp-content\/uploads\/2021\/09\/aefo_logo.png\" alt=\"\" class=\"wp-image-201\" srcset=\"https:\/\/qeco.ca\/wp-content\/uploads\/2021\/09\/aefo_logo.png 400w, https:\/\/qeco.ca\/wp-content\/uploads\/2021\/09\/aefo_logo-300x144.png 300w\" sizes=\"(max-width: 400px) 100vw, 400px\" \/><\/figure>\n<\/div>\n\n\n\n<div class=\"wp-block-column is-layout-flow wp-block-column-is-layout-flow\">\n<figure class=\"wp-block-image size-full\"><img loading=\"lazy\" decoding=\"async\" width=\"400\" height=\"192\" src=\"https:\/\/qeco.ca\/wp-content\/uploads\/2021\/09\/etfo_logo.png\" alt=\"\" class=\"wp-image-203\" srcset=\"https:\/\/qeco.ca\/wp-content\/uploads\/2021\/09\/etfo_logo.png 400w, https:\/\/qeco.ca\/wp-content\/uploads\/2021\/09\/etfo_logo-300x144.png 300w\" sizes=\"(max-width: 400px) 100vw, 400px\" \/><\/figure>\n<\/div>\n\n\n\n<div class=\"wp-block-column is-layout-flow wp-block-column-is-layout-flow\">\n<figure class=\"wp-block-image size-full\"><img loading=\"lazy\" decoding=\"async\" width=\"400\" height=\"192\" src=\"https:\/\/qeco.ca\/wp-content\/uploads\/2021\/09\/osstf_logo.png\" alt=\"\" class=\"wp-image-207\" srcset=\"https:\/\/qeco.ca\/wp-content\/uploads\/2021\/09\/osstf_logo.png 400w, https:\/\/qeco.ca\/wp-content\/uploads\/2021\/09\/osstf_logo-300x144.png 300w\" sizes=\"(max-width: 400px) 100vw, 400px\" \/><\/figure>\n<\/div>\n\n\n\n<div class=\"wp-block-column is-layout-flow wp-block-column-is-layout-flow\">\n<figure class=\"wp-block-image size-full\"><img loading=\"lazy\" decoding=\"async\" width=\"400\" height=\"192\" src=\"https:\/\/qeco.ca\/wp-content\/uploads\/2021\/09\/oecta_logo.png\" alt=\"\" class=\"wp-image-205\" srcset=\"https:\/\/qeco.ca\/wp-content\/uploads\/2021\/09\/oecta_logo.png 400w, https:\/\/qeco.ca\/wp-content\/uploads\/2021\/09\/oecta_logo-300x144.png 300w\" sizes=\"(max-width: 400px) 100vw, 400px\" \/><\/figure>\n<\/div>\n<\/div>\n","protected":false},"excerpt":{"rendered":"<p>Bienvenue Au CO\u00c9Q Le CO\u00c9Q servent les enseignantes et les enseignants membres de l&rsquo;AEFO, de l&rsquo;ETFO, de l&rsquo;OECTA et de la FEESO en reconnaissant leur engagement envers l&rsquo;\u00e9ducation et leur d\u00e9veloppement professionnel. Toutes les enseignantes et tous les enseignants doivent avoir une \u00e9valuation du CO\u00c9Q pour \u00eatre class\u00e9s \u00e0 des fins salariales dans une cat\u00e9gorie&hellip; <a class=\"more-link\" href=\"https:\/\/qeco.ca\/fr\/\">Poursuivre la lecture <span class=\"screen-reader-text\">Bienvenue Au CO\u00c9Q<\/span><\/a><\/p>\n","protected":false},"author":1,"featured_media":0,"parent":0,"menu_order":0,"comment_status":"closed","ping_status":"closed","template":"","meta":{"_themeisle_gutenberg_block_has_review":false,"footnotes":""},"class_list":["post-198","page","type-page","status-publish","hentry","entry"],"_links":{"self":[{"href":"https:\/\/qeco.ca\/fr\/wp-json\/wp\/v2\/pages\/198","targetHints":{"allow":["GET"]}}],"collection":[{"href":"https:\/\/qeco.ca\/fr\/wp-json\/wp\/v2\/pages"}],"about":[{"href":"https:\/\/qeco.ca\/fr\/wp-json\/wp\/v2\/types\/page"}],"author":[{"embeddable":true,"href":"https:\/\/qeco.ca\/fr\/wp-json\/wp\/v2\/users\/1"}],"replies":[{"embeddable":true,"href":"https:\/\/qeco.ca\/fr\/wp-json\/wp\/v2\/comments?post=198"}],"version-history":[{"count":19,"href":"https:\/\/qeco.ca\/fr\/wp-json\/wp\/v2\/pages\/198\/revisions"}],"predecessor-version":[{"id":36812,"href":"https:\/\/qeco.ca\/fr\/wp-json\/wp\/v2\/pages\/198\/revisions\/36812"}],"wp:attachment":[{"href":"https:\/\/qeco.ca\/fr\/wp-json\/wp\/v2\/media?parent=198"}],"curies":[{"name":"wp","href":"https:\/\/api.w.org\/{rel}","templated":true}]}}